{"id":3430,"date":"2021-05-22T13:32:49","date_gmt":"2021-05-22T11:32:49","guid":{"rendered":"https:\/\/www.marderabwehr.de\/platba-a-doruceni\/"},"modified":"2023-12-28T08:29:31","modified_gmt":"2023-12-28T07:29:31","slug":"platba-a-doruceni","status":"publish","type":"page","link":"https:\/\/www.marderabwehr.de\/cs\/platba-a-doruceni\/","title":{"rendered":"Platba a doru\u010den\u00ed"},"content":{"rendered":"\n\t<div id=\"gap-1457808761\" class=\"gap-element clearfix\" style=\"display:block; height:auto;\">\n\t\t\n<style>\n#gap-1457808761 {\n  padding-top: 30px;\n}\n<\/style>\n\t<\/div>\n\t\n\n<h2 class=\"uppercase no-spacing\">Platba a doprava<\/h2>\n<p>Plat\u00ed n\u00e1sleduj\u00edc\u00ed podm\u00ednky:<\/p>\n<h3>Podm\u00ednky dopravy<\/h3>\n<p>Dod\u00e1vka prob\u00edh\u00e1 v r\u00e1mci N\u011bmecka a do evropsk\u00fdch zem\u00ed.<br \/>\nNedoch\u00e1z\u00ed k odes\u00edl\u00e1n\u00ed na n\u00e1sleduj\u00edc\u00ed zahrani\u010dn\u00ed ostrovy: Gr\u00f3nsko (GRL), Faersk\u00e9 ostrovy (FRO), francouzsk\u00e9 z\u00e1mo\u0159sk\u00e9 ostrovy (D\u00e9partements d\u2019outre-mer FR), Korsika (COR), Normansk\u00e9 ostrovy (JEY), \u00c5landy (ALA), Jan Mayen (NO), \u0160picberky (NO), Bale\u00e1ry (IB), Kan\u00e1rsk\u00e9 ostrovy (IC), Ceuta (CE), Melilla (ML), Azory (PT), Madeira (PT), Severn\u00ed Irsko (NIR).<\/p>\n<h3>N\u00e1klady na dopravu (v\u010detn\u011b DPH)<\/h3>\n<p><strong>Dod\u00e1vky v r\u00e1mci N\u011bmecka:<\/strong><br \/>\n\u00da\u010dtujeme pevn\u00fd poplatek za dopravu ve v\u00fd\u0161i 6,90 \u20ac za objedn\u00e1vku.<br \/>\nPro objedn\u00e1vky nad 100,00 \u20ac poskytujeme dopravu zdarma.<br \/>\nPro doru\u010den\u00ed na n\u011bmeck\u00e9 ostrovy se v\u017edy \u00fa\u010dtuje poplatek za dopravu ve v\u00fd\u0161i 25,00 \u20ac.<\/p>\n<p><strong>Mezin\u00e1rodn\u00ed dod\u00e1vky:<\/strong><br \/>\nN\u00e1klady na mezin\u00e1rodn\u00ed dopravu vypo\u010d\u00edt\u00e1v\u00e1me na z\u00e1klad\u011b hmotnosti z\u00e1silky:<\/p>\n<ul>\n<li><strong>Z\u00f3na I (AT &#8211; BE &#8211; DK &#8211; LU \u2013 NL):<\/strong><br \/>\n    od 0 kg do 2 kg = 13,90 \u20ac<br \/>\n    od 2 kg do 5 kg = 15,90 \u20ac<br \/>\n    od 5 kg do 10 kg = 17,90 \u20ac<br \/>\n    od 10 kg do 15 kg = 19,90 \u20ac<br \/>\n    od 15 kg do 30 kg = 26,90 \u20ac<\/li>\n<p>\u00a0<\/p>\n<li><strong>Z\u00f3na II (CZ &#8211; FR &#8211; LI* &#8211; MC &#8211; PL):<\/strong><br \/>\n    od 0 kg do 2 kg = 18,90 \u20ac<br \/>\n    od 2 kg do 5 kg = 20,90 \u20ac<br \/>\n    od 5 kg do 10 kg = 22,90 \u20ac<br \/>\n    od 10 kg do 15 kg = 24,90 \u20ac<br \/>\n    od 15 kg do 30 kg = 29,90 \u20ac<\/li>\n<p>\u00a0<\/p>\n<li><strong>Z\u00f3na III (CH* &#8211; HU &#8211; IT):<\/strong><br \/>\n    od 0 kg do 2 kg = 20,90 \u20ac<br \/>\n    od 2 kg do 5 kg = 22,90 \u20ac<br \/>\n    od 5 kg do 10 kg = 24,90 \u20ac<br \/>\n    od 10 kg do 15 kg = 26,90 \u20ac<br \/>\n    od 15 kg do 30 kg = 32,90 \u20ac<\/li>\n<p>\u00a0<\/p>\n<li><strong>Z\u00f3na IV (BG &#8211; EE &#8211; ES &#8211; FI &#8211; HR &#8211; IE &#8211; LT &#8211; LV &#8211; NO* &#8211; PT &#8211; RO &#8211; RS &#8211; SE &#8211; SI &#8211; SK):<\/strong><br \/>\n    od 0 kg do 2 kg = 25,90 \u20ac<br \/>\n    od 2 kg do 5 kg = 29,90 \u20ac<br \/>\n    od 5 kg do 10 kg = 34,90 \u20ac<br \/>\n    od 10 kg do 15 kg = 37,90 \u20ac<br \/>\n    od 15 kg do 30 kg = 51,90 \u20ac<\/li>\n<p>\u00a0<\/p>\n<li><strong>Z\u00f3na V (BA &#8211; GR \u2013 IS):<\/strong><br \/>\n    od 0 kg do 2 kg = 60,90 \u20ac<br \/>\n    od 2 kg do 5 kg = 74,90 \u20ac<br \/>\n    od 5 kg do 10 kg = 101,90 \u20ac<br \/>\n    od 10 kg do 15 kg = 128,90 \u20ac<br \/>\n    od 15 kg do 30 kg = 234,90 \u20ac<\/li>\n<\/ul>\n<p>*Pro dod\u00e1vky do t\u011bchto zem\u00ed se \u00fa\u010dtuj\u00ed dodate\u010dn\u00e9 poplatky. K n\u00e1klad\u016fm na dopravu \u00fa\u010dtujeme zpracovatelsk\u00fd poplatek 5,00 \u20ac za celn\u00ed prohl\u00e1\u0161en\u00ed, kter\u00fd je zahrnut v n\u00e1kladech na dopravu na faktu\u0159e.<br \/>\nV\u0161echny dal\u0161\u00ed n\u00e1klady, jako jsou clo, dan\u011b a poplatky, \u00fa\u010dtuje kur\u00fdrn\u00ed slu\u017eba v p\u0159\u00edslu\u0161n\u00e9 zemi. Pros\u00edm, informujte se u p\u0159\u00edslu\u0161n\u00e9ho poskytovatele slu\u017eeb v zem\u00edch o v\u00fd\u0161i t\u011bchto n\u00e1klad\u016f. Jsou to:<br \/>\n\u2013 CH: SWISS POST (Post CH AG)<br \/>\n\u2013 LI: SWISS POST (Liechtensteinische Post AG)<br \/>\n\u2013 NO: POSTEN NORGE (Posten Norge AS)<\/p>\n<h3>Dodac\u00ed lh\u016fty<\/h3>\n<p>Pokud v p\u0159\u00edslu\u0161n\u00e9 nab\u00eddce nen\u00ed uvedena jin\u00e1 lh\u016fta, prob\u00edh\u00e1 dod\u00e1n\u00ed zbo\u017e\u00ed v r\u00e1mci N\u011bmecka do 3 \u2013 5 pracovn\u00edch dn\u016f, pro mezin\u00e1rodn\u00ed dod\u00e1vky do 5 \u2013 7 pracovn\u00edch dn\u016f po uzav\u0159en\u00ed smlouvy (s dohodnutou platbou p\u0159edem po dob\u011b va\u0161eho platebn\u00edho pokynu). Vezm\u011bte pros\u00edm na v\u011bdom\u00ed, \u017ee nedoch\u00e1z\u00ed k doru\u010den\u00ed v ned\u011bli a ve st\u00e1tn\u00ed sv\u00e1tky.<br \/>\nPokud jste objednali polo\u017eky s r\u016fzn\u00fdmi dodac\u00edmi lh\u016ftami, ode\u0161leme zbo\u017e\u00ed v jedn\u00e9 spole\u010dn\u00e9 z\u00e1silce, pokud jsme s v\u00e1mi neuzav\u0159eli jin\u00e9 dohody. V tomto p\u0159\u00edpad\u011b se dodac\u00ed lh\u016fta ur\u010duje podle polo\u017eky s nejdel\u0161\u00ed dodac\u00ed lh\u016ftou, kterou jste objednali.<\/p>\n<h3>P\u0159ij\u00edman\u00e9 platebn\u00ed mo\u017enosti<\/h3>\n<p>\u2013 Platba p\u0159edem bankovn\u00edm p\u0159evodem<br \/>\n\u2013 Platba prost\u0159ednictv\u00edm PayPal<br \/>\n\u2013 Platba kreditn\u00ed kartou**<br \/>\n\u2013 Platba inkasem**<br \/>\n**Zpracov\u00e1n\u00ed prob\u00edh\u00e1 p\u0159es PayPal. Pro toto nepot\u0159ebujete \u00fa\u010det PayPal.<\/p>\n<h3>M\u00e1te z\u00e1jem o dal\u0161\u00ed prodej na\u0161ich produkt\u016f?<\/h3>\n<p>R\u00e1di v\u00e1m v tomto pom\u016f\u017eeme. Pros\u00edm, kontaktujte n\u00e1s a sd\u011bl\u00edme v\u00e1m va\u0161e n\u00e1kupn\u00ed podm\u00ednky a prodiskutujeme mo\u017enou podporu distribuce. Sta\u010d\u00ed kr\u00e1tk\u00fd e-mail na <a href=\"mailto:info@stop-go.de\">info@stop-go.de<\/a> nebo jednodu\u0161e pou\u017eijte n\u00e1\u0161 kontaktn\u00ed formul\u00e1\u0159. T\u011b\u0161\u00edme se na va\u0161e dotazy.<\/p>\n\n\n","protected":false},"excerpt":{"rendered":"","protected":false},"author":2,"featured_media":0,"parent":0,"menu_order":0,"comment_status":"closed","ping_status":"closed","template":"","meta":{"footnotes":""},"class_list":["post-3430","page","type-page","status-publish","hentry"],"yoast_head":"<!-- This site is optimized with the Yoast SEO plugin v27.1.1 - https:\/\/yoast.com\/product\/yoast-seo-wordpress\/ -->\n<title>Platba a doru\u010den\u00ed | STOP&amp;GO Marderabwehr<\/title>\n<meta name=\"robots\" content=\"index, follow, max-snippet:-1, max-image-preview:large, max-video-preview:-1\" \/>\n<link rel=\"canonical\" href=\"https:\/\/www.marderabwehr.de\/cs\/platba-a-doruceni\/\" \/>\n<meta property=\"og:locale\" content=\"cs_CZ\" \/>\n<meta property=\"og:type\" content=\"article\" \/>\n<meta property=\"og:title\" content=\"Platba a doru\u010den\u00ed | STOP&amp;GO Marderabwehr\" \/>\n<meta property=\"og:url\" content=\"https:\/\/www.marderabwehr.de\/cs\/platba-a-doruceni\/\" \/>\n<meta property=\"og:site_name\" content=\"STOP&amp;GO Marderabwehr\" \/>\n<meta property=\"article:publisher\" content=\"https:\/\/www.facebook.com\/stopundgo\/?locale=de_DE\" \/>\n<meta property=\"article:modified_time\" content=\"2023-12-28T07:29:31+00:00\" \/>\n<meta property=\"og:image\" content=\"https:\/\/www.marderabwehr.de\/wp-content\/uploads\/2023\/08\/07520_Anti-Marderspray_rgb.jpg\" \/>\n\t<meta property=\"og:image:width\" content=\"1000\" \/>\n\t<meta property=\"og:image:height\" content=\"750\" \/>\n\t<meta property=\"og:image:type\" content=\"image\/jpeg\" \/>\n<meta name=\"twitter:card\" content=\"summary_large_image\" \/>\n<script type=\"application\/ld+json\" class=\"yoast-schema-graph\">{\"@context\":\"https:\/\/schema.org\",\"@graph\":[{\"@type\":\"WebPage\",\"@id\":\"https:\/\/www.marderabwehr.de\/cs\/platba-a-doruceni\/\",\"url\":\"https:\/\/www.marderabwehr.de\/cs\/platba-a-doruceni\/\",\"name\":\"Platba a doru\u010den\u00ed | STOP&amp;GO Marderabwehr\",\"isPartOf\":{\"@id\":\"https:\/\/www.marderabwehr.de\/#website\"},\"datePublished\":\"2021-05-22T11:32:49+00:00\",\"dateModified\":\"2023-12-28T07:29:31+00:00\",\"breadcrumb\":{\"@id\":\"https:\/\/www.marderabwehr.de\/cs\/platba-a-doruceni\/#breadcrumb\"},\"inLanguage\":\"cs\",\"potentialAction\":[{\"@type\":\"ReadAction\",\"target\":[\"https:\/\/www.marderabwehr.de\/cs\/platba-a-doruceni\/\"]}]},{\"@type\":\"BreadcrumbList\",\"@id\":\"https:\/\/www.marderabwehr.de\/cs\/platba-a-doruceni\/#breadcrumb\",\"itemListElement\":[{\"@type\":\"ListItem\",\"position\":1,\"name\":\"Startseite\",\"item\":\"https:\/\/www.marderabwehr.de\/cs\/\"},{\"@type\":\"ListItem\",\"position\":2,\"name\":\"Platba a doru\u010den\u00ed\"}]},{\"@type\":\"WebSite\",\"@id\":\"https:\/\/www.marderabwehr.de\/#website\",\"url\":\"https:\/\/www.marderabwehr.de\/\",\"name\":\"STOP&GO Marderabwehr\",\"description\":\"Online-Shop f\u00fcr Marderschutz\",\"publisher\":{\"@id\":\"https:\/\/www.marderabwehr.de\/#organization\"},\"potentialAction\":[{\"@type\":\"SearchAction\",\"target\":{\"@type\":\"EntryPoint\",\"urlTemplate\":\"https:\/\/www.marderabwehr.de\/?s={search_term_string}\"},\"query-input\":{\"@type\":\"PropertyValueSpecification\",\"valueRequired\":true,\"valueName\":\"search_term_string\"}}],\"inLanguage\":\"cs\"},{\"@type\":\"Organization\",\"@id\":\"https:\/\/www.marderabwehr.de\/#organization\",\"name\":\"STOP&GO Marderabwehr\",\"url\":\"https:\/\/www.marderabwehr.de\/\",\"logo\":{\"@type\":\"ImageObject\",\"inLanguage\":\"cs\",\"@id\":\"https:\/\/www.marderabwehr.de\/#\/schema\/logo\/image\/\",\"url\":\"https:\/\/www.marderabwehr.de\/wp-content\/uploads\/2024\/04\/Logo_500x500.png\",\"contentUrl\":\"https:\/\/www.marderabwehr.de\/wp-content\/uploads\/2024\/04\/Logo_500x500.png\",\"width\":500,\"height\":500,\"caption\":\"STOP&GO Marderabwehr\"},\"image\":{\"@id\":\"https:\/\/www.marderabwehr.de\/#\/schema\/logo\/image\/\"},\"sameAs\":[\"https:\/\/www.facebook.com\/stopundgo\/?locale=de_DE\",\"https:\/\/www.instagram.com\/marderstopgo\/\"]}]}<\/script>\n<!-- \/ Yoast SEO plugin. -->","yoast_head_json":{"title":"Platba a doru\u010den\u00ed | STOP&amp;GO Marderabwehr","robots":{"index":"index","follow":"follow","max-snippet":"max-snippet:-1","max-image-preview":"max-image-preview:large","max-video-preview":"max-video-preview:-1"},"canonical":"https:\/\/www.marderabwehr.de\/cs\/platba-a-doruceni\/","og_locale":"cs_CZ","og_type":"article","og_title":"Platba a doru\u010den\u00ed | STOP&amp;GO Marderabwehr","og_url":"https:\/\/www.marderabwehr.de\/cs\/platba-a-doruceni\/","og_site_name":"STOP&amp;GO Marderabwehr","article_publisher":"https:\/\/www.facebook.com\/stopundgo\/?locale=de_DE","article_modified_time":"2023-12-28T07:29:31+00:00","og_image":[{"width":1000,"height":750,"url":"https:\/\/www.marderabwehr.de\/wp-content\/uploads\/2023\/08\/07520_Anti-Marderspray_rgb.jpg","type":"image\/jpeg"}],"twitter_card":"summary_large_image","schema":{"@context":"https:\/\/schema.org","@graph":[{"@type":"WebPage","@id":"https:\/\/www.marderabwehr.de\/cs\/platba-a-doruceni\/","url":"https:\/\/www.marderabwehr.de\/cs\/platba-a-doruceni\/","name":"Platba a doru\u010den\u00ed | STOP&amp;GO Marderabwehr","isPartOf":{"@id":"https:\/\/www.marderabwehr.de\/#website"},"datePublished":"2021-05-22T11:32:49+00:00","dateModified":"2023-12-28T07:29:31+00:00","breadcrumb":{"@id":"https:\/\/www.marderabwehr.de\/cs\/platba-a-doruceni\/#breadcrumb"},"inLanguage":"cs","potentialAction":[{"@type":"ReadAction","target":["https:\/\/www.marderabwehr.de\/cs\/platba-a-doruceni\/"]}]},{"@type":"BreadcrumbList","@id":"https:\/\/www.marderabwehr.de\/cs\/platba-a-doruceni\/#breadcrumb","itemListElement":[{"@type":"ListItem","position":1,"name":"Startseite","item":"https:\/\/www.marderabwehr.de\/cs\/"},{"@type":"ListItem","position":2,"name":"Platba a doru\u010den\u00ed"}]},{"@type":"WebSite","@id":"https:\/\/www.marderabwehr.de\/#website","url":"https:\/\/www.marderabwehr.de\/","name":"STOP&GO Marderabwehr","description":"Online-Shop f\u00fcr Marderschutz","publisher":{"@id":"https:\/\/www.marderabwehr.de\/#organization"},"potentialAction":[{"@type":"SearchAction","target":{"@type":"EntryPoint","urlTemplate":"https:\/\/www.marderabwehr.de\/?s={search_term_string}"},"query-input":{"@type":"PropertyValueSpecification","valueRequired":true,"valueName":"search_term_string"}}],"inLanguage":"cs"},{"@type":"Organization","@id":"https:\/\/www.marderabwehr.de\/#organization","name":"STOP&GO Marderabwehr","url":"https:\/\/www.marderabwehr.de\/","logo":{"@type":"ImageObject","inLanguage":"cs","@id":"https:\/\/www.marderabwehr.de\/#\/schema\/logo\/image\/","url":"https:\/\/www.marderabwehr.de\/wp-content\/uploads\/2024\/04\/Logo_500x500.png","contentUrl":"https:\/\/www.marderabwehr.de\/wp-content\/uploads\/2024\/04\/Logo_500x500.png","width":500,"height":500,"caption":"STOP&GO Marderabwehr"},"image":{"@id":"https:\/\/www.marderabwehr.de\/#\/schema\/logo\/image\/"},"sameAs":["https:\/\/www.facebook.com\/stopundgo\/?locale=de_DE","https:\/\/www.instagram.com\/marderstopgo\/"]}]}},"_links":{"self":[{"href":"https:\/\/www.marderabwehr.de\/cs\/wp-json\/wp\/v2\/pages\/3430","targetHints":{"allow":["GET"]}}],"collection":[{"href":"https:\/\/www.marderabwehr.de\/cs\/wp-json\/wp\/v2\/pages"}],"about":[{"href":"https:\/\/www.marderabwehr.de\/cs\/wp-json\/wp\/v2\/types\/page"}],"author":[{"embeddable":true,"href":"https:\/\/www.marderabwehr.de\/cs\/wp-json\/wp\/v2\/users\/2"}],"replies":[{"embeddable":true,"href":"https:\/\/www.marderabwehr.de\/cs\/wp-json\/wp\/v2\/comments?post=3430"}],"version-history":[{"count":6,"href":"https:\/\/www.marderabwehr.de\/cs\/wp-json\/wp\/v2\/pages\/3430\/revisions"}],"predecessor-version":[{"id":21791,"href":"https:\/\/www.marderabwehr.de\/cs\/wp-json\/wp\/v2\/pages\/3430\/revisions\/21791"}],"wp:attachment":[{"href":"https:\/\/www.marderabwehr.de\/cs\/wp-json\/wp\/v2\/media?parent=3430"}],"curies":[{"name":"wp","href":"https:\/\/api.w.org\/{rel}","templated":true}]}}