{"id":63995,"date":"2024-11-06T08:26:22","date_gmt":"2024-11-06T07:26:22","guid":{"rendered":"https:\/\/www.marderabwehr.de\/odvolani\/"},"modified":"2024-11-06T08:26:25","modified_gmt":"2024-11-06T07:26:25","slug":"odvolani","status":"publish","type":"page","link":"https:\/\/www.marderabwehr.de\/cs\/odvolani\/","title":{"rendered":"Odvol\u00e1n\u00ed"},"content":{"rendered":"\n\t<div id=\"gap-755360343\" class=\"gap-element clearfix\" style=\"display:block; height:auto;\">\n\t\t\n<style>\n#gap-755360343 {\n  padding-top: 30px;\n}\n<\/style>\n\t<\/div>\n\t\n\n<h2 class=\"uppercase no-spacing\">Odvol\u00e1n\u00ed<\/h2>\n<p><strong>Pr\u00e1vo spot\u0159ebitel\u016f na odstoupen\u00ed od smlouvy  <\/strong><\/p>\n<p>(Spot\u0159ebitelem se rozum\u00ed ka\u017ed\u00e1 fyzick\u00e1 osoba, kter\u00e1 uzav\u00edr\u00e1 pr\u00e1vn\u00ed \u00fakon za \u00fa\u010delem, kter\u00fd se p\u0159ev\u00e1\u017en\u011b net\u00fdk\u00e1 jej\u00ed obchodn\u00ed, podnikatelsk\u00e9 nebo profesn\u00ed \u010dinnosti).<\/p>\n<h4>Pr\u00e1vo na zru\u0161en\u00ed<\/h4>\n<p>M\u00e1te pr\u00e1vo odstoupit od t\u00e9to smlouvy do 14 dn\u016f bez ud\u00e1n\u00ed d\u016fvodu. Lh\u016fta pro odstoupen\u00ed od smlouvy je 14 dn\u00ed od data, <\/p>\n<ul>\n<li>kdy jste vy nebo v\u00e1mi ur\u010den\u00e1 t\u0159et\u00ed strana, kter\u00e1 nen\u00ed dopravcem, p\u0159evzali nebo p\u0159evezmete zbo\u017e\u00ed, pokud jste si objednali jedno nebo v\u00edce zbo\u017e\u00ed v r\u00e1mci jedn\u00e9 objedn\u00e1vky a toto zbo\u017e\u00ed je nebo bude dod\u00e1no jednotn\u011b;<\/li>\n<li>kdy jste vy nebo v\u00e1mi ur\u010den\u00e1 t\u0159et\u00ed osoba, kter\u00e1 nen\u00ed dopravcem, p\u0159evzali posledn\u00ed zbo\u017e\u00ed, pokud jste si v r\u00e1mci jedn\u00e9 objedn\u00e1vky objednali v\u00edce druh\u016f zbo\u017e\u00ed a tyto byly dod\u00e1ny samostatn\u011b;<\/li>\n<\/ul>\n<p>Chcete-li uplatnit sv\u00e9 pr\u00e1vo na odstoupen\u00ed od smlouvy, mus\u00edte n\u00e1m zaslat<\/p>\n<p><strong><br><br><br><br><br>Norbert Schaub GmbH Robert-Koch-Stra\u00dfe 20 79395 Neuenburg am Rhein Tel.: +49 (0) 7631 9727-0 Fax: +49 (0) 7631 9727-27 info@stop-go.de<br><\/strong><\/p>\n<p>prost\u0159ednictv\u00edm jasn\u00e9ho prohl\u00e1\u0161en\u00ed (nap\u0159. dopisu zaslan\u00e9ho po\u0161tou, faxem nebo e-mailem) o sv\u00e9m rozhodnut\u00ed zru\u0161it tuto smlouvu. M\u016f\u017eete pou\u017e\u00edt p\u0159ilo\u017een\u00fd vzorov\u00fd formul\u00e1\u0159 pro zru\u0161en\u00ed smlouvy, nen\u00ed to v\u0161ak povinn\u00e9. Pro dodr\u017een\u00ed lh\u016fty pro odstoupen\u00ed od smlouvy posta\u010d\u00ed, kdy\u017e ozn\u00e1men\u00ed o uplatn\u011bn\u00ed pr\u00e1va na odstoupen\u00ed od smlouvy ode\u0161lete p\u0159ed uplynut\u00edm lh\u016fty pro odstoupen\u00ed od smlouvy.  <\/p>\n<h4>D\u016fsledky zru\u0161en\u00ed<\/h4>\n<p>Odstoup\u00edte-li od t\u00e9to smlouvy, vr\u00e1t\u00edme v\u00e1m v\u0161echny platby, kter\u00e9 jsme od v\u00e1s obdr\u017eeli, v\u010detn\u011b n\u00e1klad\u016f na doru\u010den\u00ed (s v\u00fdjimkou dodate\u010dn\u00fdch n\u00e1klad\u016f vypl\u00fdvaj\u00edc\u00edch z va\u0161\u00ed volby jin\u00e9ho typu doru\u010den\u00ed, ne\u017e je nejlevn\u011bj\u0161\u00ed typ standardn\u00edho doru\u010den\u00ed, kter\u00fd nab\u00edz\u00edme), a to bez zbyte\u010dn\u00e9ho odkladu a v ka\u017ed\u00e9m p\u0159\u00edpad\u011b nejpozd\u011bji do 14 dn\u016f ode dne, kdy jsme byli informov\u00e1ni o va\u0161em rozhodnut\u00ed odstoupit od t\u00e9to smlouvy. Pro toto vr\u00e1cen\u00ed pou\u017eijeme stejn\u00fd platebn\u00ed prost\u0159edek, kter\u00fd jste pou\u017eili pro p\u016fvodn\u00ed transakci, pokud se s v\u00e1mi v\u00fdslovn\u011b nedohodneme jinak; v \u017e\u00e1dn\u00e9m p\u0159\u00edpad\u011b v\u00e1m za toto vr\u00e1cen\u00ed nebudou \u00fa\u010dtov\u00e1ny \u017e\u00e1dn\u00e9 poplatky. <\/p>\n<p>Vr\u00e1cen\u00ed pen\u011bz m\u016f\u017eeme odm\u00edtnout, dokud zbo\u017e\u00ed neobdr\u017e\u00edme zp\u011bt nebo dokud nep\u0159edlo\u017e\u00edte doklad o vr\u00e1cen\u00ed zbo\u017e\u00ed, podle toho, co nastane d\u0159\u00edve. Zbo\u017e\u00ed n\u00e1m mus\u00edte vr\u00e1tit nebo p\u0159edat neprodlen\u011b a v ka\u017ed\u00e9m p\u0159\u00edpad\u011b nejpozd\u011bji do 14 dn\u016f ode dne, kdy n\u00e1s informujete o odstoupen\u00ed od t\u00e9to smlouvy. Lh\u016fta je dodr\u017eena, pokud zbo\u017e\u00ed ode\u0161lete p\u0159ed uplynut\u00edm 14denn\u00ed lh\u016fty. P\u0159\u00edm\u00e9 n\u00e1klady na vr\u00e1cen\u00ed zbo\u017e\u00ed nesete vy. Ztr\u00e1tu hodnoty zbo\u017e\u00ed hrad\u00edte pouze v p\u0159\u00edpad\u011b, \u017ee tato ztr\u00e1ta hodnoty vznikla v d\u016fsledku manipulace se zbo\u017e\u00edm, kter\u00e1 nen\u00ed nezbytn\u00e1 pro kontrolu jeho stavu, vlastnost\u00ed a funk\u010dnosti.    <\/p>\n<h4>D\u016fvody vylou\u010den\u00ed nebo zru\u0161en\u00ed<\/h4>\n<p>Pr\u00e1vo na odstoupen\u00ed od smlouvy se nevztahuje na smlouvy.<\/p>\n<ul>\n<li>pro dod\u00e1n\u00ed zbo\u017e\u00ed, kter\u00e9 nen\u00ed prefabrikovan\u00e9 a pro jeho\u017e v\u00fdrobu je rozhoduj\u00edc\u00ed individu\u00e1ln\u00ed v\u00fdb\u011br nebo ur\u010den\u00ed spot\u0159ebitelem nebo kter\u00e9 je zjevn\u011b p\u0159izp\u016fsobeno osobn\u00edm pot\u0159eb\u00e1m spot\u0159ebitele;<\/li>\n<li>pro dod\u00e1n\u00ed zbo\u017e\u00ed, kter\u00e9 se m\u016f\u017ee rychle zkazit nebo jeho\u017e datum spot\u0159eby by bylo rychle p\u0159ekro\u010deno;<\/li>\n<li>za dod\u00e1vku alkoholick\u00fdch n\u00e1poj\u016f, jejich\u017e cena byla dohodnuta p\u0159i uzav\u0159en\u00ed smlouvy, ale kter\u00e9 mohou b\u00fdt dod\u00e1ny nejd\u0159\u00edve 30 dn\u016f po uzav\u0159en\u00ed smlouvy a jejich\u017e aktu\u00e1ln\u00ed hodnota z\u00e1vis\u00ed na v\u00fdkyvech na trhu, na kter\u00e9 podnikatel nem\u00e1 vliv;<\/li>\n<li>za doru\u010dov\u00e1n\u00ed novin, periodik nebo \u010dasopis\u016f s v\u00fdjimkou smluv o p\u0159edplatn\u00e9m.<\/li>\n<\/ul>\n<h4>Pr\u00e1vo na odstoupen\u00ed od smlouvy zanik\u00e1 p\u0159ed\u010dasn\u011b u smluv<\/h4>\n<ul>\n<li>p\u0159i dod\u00e1n\u00ed zape\u010det\u011bn\u00e9ho zbo\u017e\u00ed, kter\u00e9 nen\u00ed vhodn\u00e9 k vr\u00e1cen\u00ed z d\u016fvodu ochrany zdrav\u00ed nebo hygieny, pokud byla pe\u010de\u0165 po dod\u00e1n\u00ed odstran\u011bna;<\/li>\n<li>za dod\u00e1n\u00ed zbo\u017e\u00ed, pokud bylo po dod\u00e1n\u00ed vzhledem ke sv\u00e9 povaze neodd\u011bliteln\u011b sm\u00edseno s jin\u00fdm zbo\u017e\u00edm;<\/li>\n<li>za doru\u010den\u00ed zvukov\u00fdch nebo obrazov\u00fdch z\u00e1znam\u016f nebo po\u010d\u00edta\u010dov\u00e9ho softwaru v zape\u010det\u011bn\u00e9m obalu, pokud byla pe\u010de\u0165 po doru\u010den\u00ed odstran\u011bna.<\/li>\n<\/ul>\n<h4>Vzorov\u00fd formul\u00e1\u0159 pro zru\u0161en\u00ed<\/h4>\n<p>Pokud si p\u0159ejete smlouvu zru\u0161it, vypl\u0148te pros\u00edm tento formul\u00e1\u0159 a vra\u0165te n\u00e1m jej:<\/p>\n<p><br><br><br><br>Norbert Schaub GmbH Robert-Koch-Stra\u00dfe 20 79395 Neuenburg am Rhein Fax: +49 (0) 7631 9727-27 info@stop-go.de<\/p>\n<p>J\u00e1\/my (*) t\u00edmto odvol\u00e1v\u00e1m\/odvol\u00e1v\u00e1me smlouvu uzav\u0159enou mnou\/n\u00e1mi (*) na n\u00e1kup n\u00e1sleduj\u00edc\u00edho zbo\u017e\u00ed (*)\/.<\/p>\n<p><br><br><br><br>&#8211; Objedn\u00e1no dne (*)\/p\u0159ijato dne (*) &#8211; Jm\u00e9no spot\u0159ebitele (spot\u0159ebitel\u016f) &#8211; Adresa spot\u0159ebitele (spot\u0159ebitel\u016f) &#8211; Podpis spot\u0159ebitele (spot\u0159ebitel\u016f) (pouze u ozn\u00e1men\u00ed v pap\u00edrov\u00e9 podob\u011b) &#8211; Datum<\/p>\n<p>(*) Nehod\u00edc\u00ed se \u0161krtn\u011bte.<\/p>\n<p><a href=\"https:\/\/www.marderabwehr.de\/wp-content\/uploads\/2022\/08\/FB-1.7.9-Verbraucher-Widerrufsformular-Belehrung.pdf\"><strong>St\u00e1hnout storno podm\u00ednky \/ storno formul\u00e1\u0159 PDF<\/strong><\/a><\/p>\n\n","protected":false},"excerpt":{"rendered":"","protected":false},"author":2,"featured_media":0,"parent":0,"menu_order":0,"comment_status":"closed","ping_status":"open","template":"","meta":{"footnotes":""},"class_list":["post-63995","page","type-page","status-publish","hentry"],"yoast_head":"<!-- This site is optimized with the Yoast SEO plugin v27.1.1 - https:\/\/yoast.com\/product\/yoast-seo-wordpress\/ -->\n<title>Odvol\u00e1n\u00ed | STOP&amp;GO Marderabwehr<\/title>\n<meta name=\"robots\" content=\"index, follow, max-snippet:-1, max-image-preview:large, max-video-preview:-1\" \/>\n<link rel=\"canonical\" href=\"https:\/\/www.marderabwehr.de\/cs\/odvolani\/\" \/>\n<meta property=\"og:locale\" content=\"cs_CZ\" \/>\n<meta property=\"og:type\" content=\"article\" \/>\n<meta property=\"og:title\" content=\"Odvol\u00e1n\u00ed | STOP&amp;GO Marderabwehr\" \/>\n<meta property=\"og:url\" content=\"https:\/\/www.marderabwehr.de\/cs\/odvolani\/\" \/>\n<meta property=\"og:site_name\" content=\"STOP&amp;GO Marderabwehr\" \/>\n<meta property=\"article:publisher\" content=\"https:\/\/www.facebook.com\/stopundgo\/?locale=de_DE\" \/>\n<meta property=\"article:modified_time\" content=\"2024-11-06T07:26:25+00:00\" \/>\n<meta property=\"og:image\" content=\"https:\/\/www.marderabwehr.de\/wp-content\/uploads\/2023\/08\/07520_Anti-Marderspray_rgb.jpg\" \/>\n\t<meta property=\"og:image:width\" content=\"1000\" \/>\n\t<meta property=\"og:image:height\" content=\"750\" \/>\n\t<meta property=\"og:image:type\" content=\"image\/jpeg\" \/>\n<meta name=\"twitter:card\" content=\"summary_large_image\" \/>\n<script type=\"application\/ld+json\" class=\"yoast-schema-graph\">{\"@context\":\"https:\/\/schema.org\",\"@graph\":[{\"@type\":\"WebPage\",\"@id\":\"https:\/\/www.marderabwehr.de\/cs\/odvolani\/\",\"url\":\"https:\/\/www.marderabwehr.de\/cs\/odvolani\/\",\"name\":\"Odvol\u00e1n\u00ed | STOP&amp;GO Marderabwehr\",\"isPartOf\":{\"@id\":\"https:\/\/www.marderabwehr.de\/#website\"},\"datePublished\":\"2024-11-06T07:26:22+00:00\",\"dateModified\":\"2024-11-06T07:26:25+00:00\",\"breadcrumb\":{\"@id\":\"https:\/\/www.marderabwehr.de\/cs\/odvolani\/#breadcrumb\"},\"inLanguage\":\"cs\",\"potentialAction\":[{\"@type\":\"ReadAction\",\"target\":[\"https:\/\/www.marderabwehr.de\/cs\/odvolani\/\"]}]},{\"@type\":\"BreadcrumbList\",\"@id\":\"https:\/\/www.marderabwehr.de\/cs\/odvolani\/#breadcrumb\",\"itemListElement\":[{\"@type\":\"ListItem\",\"position\":1,\"name\":\"Startseite\",\"item\":\"https:\/\/www.marderabwehr.de\/cs\/\"},{\"@type\":\"ListItem\",\"position\":2,\"name\":\"Odvol\u00e1n\u00ed\"}]},{\"@type\":\"WebSite\",\"@id\":\"https:\/\/www.marderabwehr.de\/#website\",\"url\":\"https:\/\/www.marderabwehr.de\/\",\"name\":\"STOP&GO Marderabwehr\",\"description\":\"Online-Shop f\u00fcr Marderschutz\",\"publisher\":{\"@id\":\"https:\/\/www.marderabwehr.de\/#organization\"},\"potentialAction\":[{\"@type\":\"SearchAction\",\"target\":{\"@type\":\"EntryPoint\",\"urlTemplate\":\"https:\/\/www.marderabwehr.de\/?s={search_term_string}\"},\"query-input\":{\"@type\":\"PropertyValueSpecification\",\"valueRequired\":true,\"valueName\":\"search_term_string\"}}],\"inLanguage\":\"cs\"},{\"@type\":\"Organization\",\"@id\":\"https:\/\/www.marderabwehr.de\/#organization\",\"name\":\"STOP&GO Marderabwehr\",\"url\":\"https:\/\/www.marderabwehr.de\/\",\"logo\":{\"@type\":\"ImageObject\",\"inLanguage\":\"cs\",\"@id\":\"https:\/\/www.marderabwehr.de\/#\/schema\/logo\/image\/\",\"url\":\"https:\/\/www.marderabwehr.de\/wp-content\/uploads\/2024\/04\/Logo_500x500.png\",\"contentUrl\":\"https:\/\/www.marderabwehr.de\/wp-content\/uploads\/2024\/04\/Logo_500x500.png\",\"width\":500,\"height\":500,\"caption\":\"STOP&GO Marderabwehr\"},\"image\":{\"@id\":\"https:\/\/www.marderabwehr.de\/#\/schema\/logo\/image\/\"},\"sameAs\":[\"https:\/\/www.facebook.com\/stopundgo\/?locale=de_DE\",\"https:\/\/www.instagram.com\/marderstopgo\/\"]}]}<\/script>\n<!-- \/ Yoast SEO plugin. -->","yoast_head_json":{"title":"Odvol\u00e1n\u00ed | STOP&amp;GO Marderabwehr","robots":{"index":"index","follow":"follow","max-snippet":"max-snippet:-1","max-image-preview":"max-image-preview:large","max-video-preview":"max-video-preview:-1"},"canonical":"https:\/\/www.marderabwehr.de\/cs\/odvolani\/","og_locale":"cs_CZ","og_type":"article","og_title":"Odvol\u00e1n\u00ed | STOP&amp;GO Marderabwehr","og_url":"https:\/\/www.marderabwehr.de\/cs\/odvolani\/","og_site_name":"STOP&amp;GO Marderabwehr","article_publisher":"https:\/\/www.facebook.com\/stopundgo\/?locale=de_DE","article_modified_time":"2024-11-06T07:26:25+00:00","og_image":[{"width":1000,"height":750,"url":"https:\/\/www.marderabwehr.de\/wp-content\/uploads\/2023\/08\/07520_Anti-Marderspray_rgb.jpg","type":"image\/jpeg"}],"twitter_card":"summary_large_image","schema":{"@context":"https:\/\/schema.org","@graph":[{"@type":"WebPage","@id":"https:\/\/www.marderabwehr.de\/cs\/odvolani\/","url":"https:\/\/www.marderabwehr.de\/cs\/odvolani\/","name":"Odvol\u00e1n\u00ed | STOP&amp;GO Marderabwehr","isPartOf":{"@id":"https:\/\/www.marderabwehr.de\/#website"},"datePublished":"2024-11-06T07:26:22+00:00","dateModified":"2024-11-06T07:26:25+00:00","breadcrumb":{"@id":"https:\/\/www.marderabwehr.de\/cs\/odvolani\/#breadcrumb"},"inLanguage":"cs","potentialAction":[{"@type":"ReadAction","target":["https:\/\/www.marderabwehr.de\/cs\/odvolani\/"]}]},{"@type":"BreadcrumbList","@id":"https:\/\/www.marderabwehr.de\/cs\/odvolani\/#breadcrumb","itemListElement":[{"@type":"ListItem","position":1,"name":"Startseite","item":"https:\/\/www.marderabwehr.de\/cs\/"},{"@type":"ListItem","position":2,"name":"Odvol\u00e1n\u00ed"}]},{"@type":"WebSite","@id":"https:\/\/www.marderabwehr.de\/#website","url":"https:\/\/www.marderabwehr.de\/","name":"STOP&GO Marderabwehr","description":"Online-Shop f\u00fcr Marderschutz","publisher":{"@id":"https:\/\/www.marderabwehr.de\/#organization"},"potentialAction":[{"@type":"SearchAction","target":{"@type":"EntryPoint","urlTemplate":"https:\/\/www.marderabwehr.de\/?s={search_term_string}"},"query-input":{"@type":"PropertyValueSpecification","valueRequired":true,"valueName":"search_term_string"}}],"inLanguage":"cs"},{"@type":"Organization","@id":"https:\/\/www.marderabwehr.de\/#organization","name":"STOP&GO Marderabwehr","url":"https:\/\/www.marderabwehr.de\/","logo":{"@type":"ImageObject","inLanguage":"cs","@id":"https:\/\/www.marderabwehr.de\/#\/schema\/logo\/image\/","url":"https:\/\/www.marderabwehr.de\/wp-content\/uploads\/2024\/04\/Logo_500x500.png","contentUrl":"https:\/\/www.marderabwehr.de\/wp-content\/uploads\/2024\/04\/Logo_500x500.png","width":500,"height":500,"caption":"STOP&GO Marderabwehr"},"image":{"@id":"https:\/\/www.marderabwehr.de\/#\/schema\/logo\/image\/"},"sameAs":["https:\/\/www.facebook.com\/stopundgo\/?locale=de_DE","https:\/\/www.instagram.com\/marderstopgo\/"]}]}},"_links":{"self":[{"href":"https:\/\/www.marderabwehr.de\/cs\/wp-json\/wp\/v2\/pages\/63995","targetHints":{"allow":["GET"]}}],"collection":[{"href":"https:\/\/www.marderabwehr.de\/cs\/wp-json\/wp\/v2\/pages"}],"about":[{"href":"https:\/\/www.marderabwehr.de\/cs\/wp-json\/wp\/v2\/types\/page"}],"author":[{"embeddable":true,"href":"https:\/\/www.marderabwehr.de\/cs\/wp-json\/wp\/v2\/users\/2"}],"replies":[{"embeddable":true,"href":"https:\/\/www.marderabwehr.de\/cs\/wp-json\/wp\/v2\/comments?post=63995"}],"version-history":[{"count":1,"href":"https:\/\/www.marderabwehr.de\/cs\/wp-json\/wp\/v2\/pages\/63995\/revisions"}],"predecessor-version":[{"id":63996,"href":"https:\/\/www.marderabwehr.de\/cs\/wp-json\/wp\/v2\/pages\/63995\/revisions\/63996"}],"wp:attachment":[{"href":"https:\/\/www.marderabwehr.de\/cs\/wp-json\/wp\/v2\/media?parent=63995"}],"curies":[{"name":"wp","href":"https:\/\/api.w.org\/{rel}","templated":true}]}}