{"id":3381,"date":"2020-08-05T15:24:28","date_gmt":"2021-05-22T11:27:39","guid":{"rendered":"https:\/\/www.marderabwehr.de\/produkt\/unkategorisiert\/specialni-plastova-ochranna-hadice-stopgo-oe-85-mm-5000-m\/"},"modified":"2024-12-16T10:44:57","modified_gmt":"2024-12-16T09:44:57","slug":"stopgo-specialni-plastova-ochranna-hadice-oe-85-mm-5000-m","status":"publish","type":"product","link":"https:\/\/www.marderabwehr.de\/cs\/produkt\/mechanicka-ochrana\/stopgo-specialni-plastova-ochranna-hadice-oe-85-mm-5000-m\/","title":{"rendered":"Speci\u00e1ln\u00ed plastov\u00e1 ochrann\u00e1 hadice STOP&#038;GO \u00d8\u00a08,5\u00a0mm, 50,00\u00a0m"},"content":{"rendered":"<h3>Speci\u00e1ln\u00ed plastov\u00e1 ochrann\u00e1 hadice STOP&amp;GO \u00d8\u00a08,5\u00a0mm, 50,00\u00a0m<\/h3>\n<p><strong>Univerz\u00e1ln\u011b pou\u017eiteln\u00e1 \u2013 mechanick\u00e1 ochrana proti okusu<\/strong><\/p>\n<p>Vlnit\u00e1 hadice ze speci\u00e1ln\u00edho plastu odoln\u00e9ho v\u016f\u010di okusu. Poskytuje ochranu p\u0159ed okusem kunami u kabel\u016f zapalov\u00e1n\u00ed a dal\u0161\u00edch kabel\u016f, podtlakov\u00fdch hadic apod. Na\u0159\u00edznut\u00e1 a v r\u016fzn\u00fdch velikostech. Snadn\u00e1 instalace, nen\u00ed nutn\u00e9 demontovat kabely (hadici jednodu\u0161e navl\u00e9knete).<\/p>\n<p>D\u016frazn\u011b doporu\u010dujeme pou\u017e\u00edt p\u0159ed ka\u017ed\u00fdm opat\u0159en\u00edm na ochranu proti kun\u00e1m <a href=\"https:\/\/www.marderabwehr.de\/relaunch2020\/produkt\/duftmarken-entferner\/\">Odstra\u0148ova\u010d pachov\u00fdch zna\u010dek STOP&amp;GO<\/a>.<\/p>\n<h5>Dal\u0161\u00ed vlastnosti:<\/h5>\n<ul>\n<li>100% \u00fa\u010dinnost<\/li>\n<li>Vysoce kvalitn\u00ed plast PA 6<\/li>\n<li>Odolnost v\u016f\u010di velk\u00e9mu rozsahu teplot<\/li>\n<li>Snadn\u00e1 instalace (ji\u017e na\u0159\u00edznut\u00e1 hadice)<\/li>\n<\/ul>\n","protected":false},"excerpt":{"rendered":"<p><strong>Univerz\u00e1ln\u011b pou\u017eiteln\u00e1 \u2013 mechanick\u00e1 ochrana proti okusu<\/strong><\/p>\n<p>Vlnit\u00e1 hadice ze speci\u00e1ln\u00edho plastu odoln\u00e9ho v\u016f\u010di okusu. Poskytuje ochranu p\u0159ed okusem kunami u kabel\u016f zapalov\u00e1n\u00ed a dal\u0161\u00edch kabel\u016f, podtlakov\u00fdch hadic apod. Na\u0159\u00edznut\u00e1 a v r\u016fzn\u00fdch velikostech. Snadn\u00e1 instalace, nen\u00ed nutn\u00e9 demontovat kabely (hadici jednodu\u0161e navl\u00e9knete).<\/p>\n<p>Balen\u00ed: polyetylenov\u00fd s\u00e1\u010dek<\/p>\n","protected":false},"featured_media":3379,"comment_status":"open","ping_status":"closed","template":"","meta":[],"product_brand":[],"product_cat":[241],"product_tag":[],"class_list":{"0":"post-3381","1":"product","2":"type-product","3":"status-publish","4":"has-post-thumbnail","6":"product_cat-mechanicka-ochrana","8":"first","9":"instock","10":"taxable","11":"shipping-taxable","12":"purchasable","13":"product-type-simple"},"yoast_head":"<!-- This site is optimized with the Yoast SEO plugin v27.1.1 - https:\/\/yoast.com\/product\/yoast-seo-wordpress\/ -->\n<title>Speci\u00e1ln\u00ed plastov\u00e1 ochrann\u00e1 hadice STOP&amp;GO \u00d8\u00a08,5\u00a0mm, 50,00\u00a0m | STOP&amp;GO Marderabwehr<\/title>\n<meta name=\"robots\" content=\"index, follow, max-snippet:-1, max-image-preview:large, max-video-preview:-1\" \/>\n<link rel=\"canonical\" href=\"https:\/\/www.marderabwehr.de\/cs\/produkt\/mechanicka-ochrana\/stopgo-specialni-plastova-ochranna-hadice-oe-85-mm-5000-m\/\" \/>\n<meta property=\"og:locale\" content=\"cs_CZ\" \/>\n<meta property=\"og:type\" content=\"article\" \/>\n<meta property=\"og:title\" content=\"Speci\u00e1ln\u00ed plastov\u00e1 ochrann\u00e1 hadice STOP&amp;GO \u00d8\u00a08,5\u00a0mm, 50,00\u00a0m | STOP&amp;GO Marderabwehr\" \/>\n<meta property=\"og:description\" content=\"Univerz\u00e1ln\u011b pou\u017eiteln\u00e1 \u2013 mechanick\u00e1 ochrana proti okusu  Vlnit\u00e1 hadice ze speci\u00e1ln\u00edho plastu odoln\u00e9ho v\u016f\u010di okusu. Poskytuje ochranu p\u0159ed okusem kunami u kabel\u016f zapalov\u00e1n\u00ed a dal\u0161\u00edch kabel\u016f, podtlakov\u00fdch hadic apod. Na\u0159\u00edznut\u00e1 a v r\u016fzn\u00fdch velikostech. Snadn\u00e1 instalace, nen\u00ed nutn\u00e9 demontovat kabely (hadici jednodu\u0161e navl\u00e9knete).  Balen\u00ed: polyetylenov\u00fd s\u00e1\u010dek\" \/>\n<meta property=\"og:url\" content=\"https:\/\/www.marderabwehr.de\/cs\/produkt\/mechanicka-ochrana\/stopgo-specialni-plastova-ochranna-hadice-oe-85-mm-5000-m\/\" \/>\n<meta property=\"og:site_name\" content=\"STOP&amp;GO Marderabwehr\" \/>\n<meta property=\"article:publisher\" content=\"https:\/\/www.facebook.com\/stopundgo\/?locale=de_DE\" \/>\n<meta property=\"article:modified_time\" content=\"2024-12-16T09:44:57+00:00\" \/>\n<meta property=\"og:image\" content=\"https:\/\/www.marderabwehr.de\/wp-content\/uploads\/2020\/08\/StopGo-Marderabwehr-Kunststoff-Schutzschlauch.png\" \/>\n\t<meta property=\"og:image:width\" content=\"1000\" \/>\n\t<meta property=\"og:image:height\" content=\"800\" \/>\n\t<meta property=\"og:image:type\" content=\"image\/png\" \/>\n<meta name=\"twitter:card\" content=\"summary_large_image\" \/>\n<script type=\"application\/ld+json\" class=\"yoast-schema-graph\">{\"@context\":\"https:\/\/schema.org\",\"@graph\":[{\"@type\":\"WebPage\",\"@id\":\"https:\/\/www.marderabwehr.de\/cs\/produkt\/mechanicka-ochrana\/stopgo-specialni-plastova-ochranna-hadice-oe-85-mm-5000-m\/\",\"url\":\"https:\/\/www.marderabwehr.de\/cs\/produkt\/mechanicka-ochrana\/stopgo-specialni-plastova-ochranna-hadice-oe-85-mm-5000-m\/\",\"name\":\"Speci\u00e1ln\u00ed plastov\u00e1 ochrann\u00e1 hadice STOP&GO \u00d8\u00a08,5\u00a0mm, 50,00\u00a0m | STOP&amp;GO Marderabwehr\",\"isPartOf\":{\"@id\":\"https:\/\/www.marderabwehr.de\/#website\"},\"primaryImageOfPage\":{\"@id\":\"https:\/\/www.marderabwehr.de\/cs\/produkt\/mechanicka-ochrana\/stopgo-specialni-plastova-ochranna-hadice-oe-85-mm-5000-m\/#primaryimage\"},\"image\":{\"@id\":\"https:\/\/www.marderabwehr.de\/cs\/produkt\/mechanicka-ochrana\/stopgo-specialni-plastova-ochranna-hadice-oe-85-mm-5000-m\/#primaryimage\"},\"thumbnailUrl\":\"https:\/\/www.marderabwehr.de\/wp-content\/uploads\/2020\/08\/StopGo-Marderabwehr-Kunststoff-Schutzschlauch.png\",\"datePublished\":\"2021-05-22T11:27:39+00:00\",\"dateModified\":\"2024-12-16T09:44:57+00:00\",\"breadcrumb\":{\"@id\":\"https:\/\/www.marderabwehr.de\/cs\/produkt\/mechanicka-ochrana\/stopgo-specialni-plastova-ochranna-hadice-oe-85-mm-5000-m\/#breadcrumb\"},\"inLanguage\":\"cs\",\"potentialAction\":[{\"@type\":\"ReadAction\",\"target\":[\"https:\/\/www.marderabwehr.de\/cs\/produkt\/mechanicka-ochrana\/stopgo-specialni-plastova-ochranna-hadice-oe-85-mm-5000-m\/\"]}]},{\"@type\":\"ImageObject\",\"inLanguage\":\"cs\",\"@id\":\"https:\/\/www.marderabwehr.de\/cs\/produkt\/mechanicka-ochrana\/stopgo-specialni-plastova-ochranna-hadice-oe-85-mm-5000-m\/#primaryimage\",\"url\":\"https:\/\/www.marderabwehr.de\/wp-content\/uploads\/2020\/08\/StopGo-Marderabwehr-Kunststoff-Schutzschlauch.png\",\"contentUrl\":\"https:\/\/www.marderabwehr.de\/wp-content\/uploads\/2020\/08\/StopGo-Marderabwehr-Kunststoff-Schutzschlauch.png\",\"width\":1000,\"height\":800},{\"@type\":\"BreadcrumbList\",\"@id\":\"https:\/\/www.marderabwehr.de\/cs\/produkt\/mechanicka-ochrana\/stopgo-specialni-plastova-ochranna-hadice-oe-85-mm-5000-m\/#breadcrumb\",\"itemListElement\":[{\"@type\":\"ListItem\",\"position\":1,\"name\":\"Startseite\",\"item\":\"https:\/\/www.marderabwehr.de\/cs\/\"},{\"@type\":\"ListItem\",\"position\":2,\"name\":\"Produkte\",\"item\":\"https:\/\/www.marderabwehr.de\/shop\/\"},{\"@type\":\"ListItem\",\"position\":3,\"name\":\"Speci\u00e1ln\u00ed plastov\u00e1 ochrann\u00e1 hadice STOP&#038;GO \u00d8\u00a08,5\u00a0mm, 50,00\u00a0m\"}]},{\"@type\":\"WebSite\",\"@id\":\"https:\/\/www.marderabwehr.de\/#website\",\"url\":\"https:\/\/www.marderabwehr.de\/\",\"name\":\"STOP&GO Marderabwehr\",\"description\":\"Online-Shop f\u00fcr Marderschutz\",\"publisher\":{\"@id\":\"https:\/\/www.marderabwehr.de\/#organization\"},\"potentialAction\":[{\"@type\":\"SearchAction\",\"target\":{\"@type\":\"EntryPoint\",\"urlTemplate\":\"https:\/\/www.marderabwehr.de\/?s={search_term_string}\"},\"query-input\":{\"@type\":\"PropertyValueSpecification\",\"valueRequired\":true,\"valueName\":\"search_term_string\"}}],\"inLanguage\":\"cs\"},{\"@type\":\"Organization\",\"@id\":\"https:\/\/www.marderabwehr.de\/#organization\",\"name\":\"STOP&GO Marderabwehr\",\"url\":\"https:\/\/www.marderabwehr.de\/\",\"logo\":{\"@type\":\"ImageObject\",\"inLanguage\":\"cs\",\"@id\":\"https:\/\/www.marderabwehr.de\/#\/schema\/logo\/image\/\",\"url\":\"https:\/\/www.marderabwehr.de\/wp-content\/uploads\/2024\/04\/Logo_500x500.png\",\"contentUrl\":\"https:\/\/www.marderabwehr.de\/wp-content\/uploads\/2024\/04\/Logo_500x500.png\",\"width\":500,\"height\":500,\"caption\":\"STOP&GO Marderabwehr\"},\"image\":{\"@id\":\"https:\/\/www.marderabwehr.de\/#\/schema\/logo\/image\/\"},\"sameAs\":[\"https:\/\/www.facebook.com\/stopundgo\/?locale=de_DE\",\"https:\/\/www.instagram.com\/marderstopgo\/\"]}]}<\/script>\n<!-- \/ Yoast SEO plugin. -->","yoast_head_json":{"title":"Speci\u00e1ln\u00ed plastov\u00e1 ochrann\u00e1 hadice STOP&GO \u00d8\u00a08,5\u00a0mm, 50,00\u00a0m | STOP&amp;GO Marderabwehr","robots":{"index":"index","follow":"follow","max-snippet":"max-snippet:-1","max-image-preview":"max-image-preview:large","max-video-preview":"max-video-preview:-1"},"canonical":"https:\/\/www.marderabwehr.de\/cs\/produkt\/mechanicka-ochrana\/stopgo-specialni-plastova-ochranna-hadice-oe-85-mm-5000-m\/","og_locale":"cs_CZ","og_type":"article","og_title":"Speci\u00e1ln\u00ed plastov\u00e1 ochrann\u00e1 hadice STOP&GO \u00d8\u00a08,5\u00a0mm, 50,00\u00a0m | STOP&amp;GO Marderabwehr","og_description":"Univerz\u00e1ln\u011b pou\u017eiteln\u00e1 \u2013 mechanick\u00e1 ochrana proti okusu  Vlnit\u00e1 hadice ze speci\u00e1ln\u00edho plastu odoln\u00e9ho v\u016f\u010di okusu. Poskytuje ochranu p\u0159ed okusem kunami u kabel\u016f zapalov\u00e1n\u00ed a dal\u0161\u00edch kabel\u016f, podtlakov\u00fdch hadic apod. Na\u0159\u00edznut\u00e1 a v r\u016fzn\u00fdch velikostech. Snadn\u00e1 instalace, nen\u00ed nutn\u00e9 demontovat kabely (hadici jednodu\u0161e navl\u00e9knete).  Balen\u00ed: polyetylenov\u00fd s\u00e1\u010dek","og_url":"https:\/\/www.marderabwehr.de\/cs\/produkt\/mechanicka-ochrana\/stopgo-specialni-plastova-ochranna-hadice-oe-85-mm-5000-m\/","og_site_name":"STOP&amp;GO Marderabwehr","article_publisher":"https:\/\/www.facebook.com\/stopundgo\/?locale=de_DE","article_modified_time":"2024-12-16T09:44:57+00:00","og_image":[{"width":1000,"height":800,"url":"https:\/\/www.marderabwehr.de\/wp-content\/uploads\/2020\/08\/StopGo-Marderabwehr-Kunststoff-Schutzschlauch.png","type":"image\/png"}],"twitter_card":"summary_large_image","schema":{"@context":"https:\/\/schema.org","@graph":[{"@type":"WebPage","@id":"https:\/\/www.marderabwehr.de\/cs\/produkt\/mechanicka-ochrana\/stopgo-specialni-plastova-ochranna-hadice-oe-85-mm-5000-m\/","url":"https:\/\/www.marderabwehr.de\/cs\/produkt\/mechanicka-ochrana\/stopgo-specialni-plastova-ochranna-hadice-oe-85-mm-5000-m\/","name":"Speci\u00e1ln\u00ed plastov\u00e1 ochrann\u00e1 hadice STOP&GO \u00d8\u00a08,5\u00a0mm, 50,00\u00a0m | STOP&amp;GO Marderabwehr","isPartOf":{"@id":"https:\/\/www.marderabwehr.de\/#website"},"primaryImageOfPage":{"@id":"https:\/\/www.marderabwehr.de\/cs\/produkt\/mechanicka-ochrana\/stopgo-specialni-plastova-ochranna-hadice-oe-85-mm-5000-m\/#primaryimage"},"image":{"@id":"https:\/\/www.marderabwehr.de\/cs\/produkt\/mechanicka-ochrana\/stopgo-specialni-plastova-ochranna-hadice-oe-85-mm-5000-m\/#primaryimage"},"thumbnailUrl":"https:\/\/www.marderabwehr.de\/wp-content\/uploads\/2020\/08\/StopGo-Marderabwehr-Kunststoff-Schutzschlauch.png","datePublished":"2021-05-22T11:27:39+00:00","dateModified":"2024-12-16T09:44:57+00:00","breadcrumb":{"@id":"https:\/\/www.marderabwehr.de\/cs\/produkt\/mechanicka-ochrana\/stopgo-specialni-plastova-ochranna-hadice-oe-85-mm-5000-m\/#breadcrumb"},"inLanguage":"cs","potentialAction":[{"@type":"ReadAction","target":["https:\/\/www.marderabwehr.de\/cs\/produkt\/mechanicka-ochrana\/stopgo-specialni-plastova-ochranna-hadice-oe-85-mm-5000-m\/"]}]},{"@type":"ImageObject","inLanguage":"cs","@id":"https:\/\/www.marderabwehr.de\/cs\/produkt\/mechanicka-ochrana\/stopgo-specialni-plastova-ochranna-hadice-oe-85-mm-5000-m\/#primaryimage","url":"https:\/\/www.marderabwehr.de\/wp-content\/uploads\/2020\/08\/StopGo-Marderabwehr-Kunststoff-Schutzschlauch.png","contentUrl":"https:\/\/www.marderabwehr.de\/wp-content\/uploads\/2020\/08\/StopGo-Marderabwehr-Kunststoff-Schutzschlauch.png","width":1000,"height":800},{"@type":"BreadcrumbList","@id":"https:\/\/www.marderabwehr.de\/cs\/produkt\/mechanicka-ochrana\/stopgo-specialni-plastova-ochranna-hadice-oe-85-mm-5000-m\/#breadcrumb","itemListElement":[{"@type":"ListItem","position":1,"name":"Startseite","item":"https:\/\/www.marderabwehr.de\/cs\/"},{"@type":"ListItem","position":2,"name":"Produkte","item":"https:\/\/www.marderabwehr.de\/shop\/"},{"@type":"ListItem","position":3,"name":"Speci\u00e1ln\u00ed plastov\u00e1 ochrann\u00e1 hadice STOP&#038;GO \u00d8\u00a08,5\u00a0mm, 50,00\u00a0m"}]},{"@type":"WebSite","@id":"https:\/\/www.marderabwehr.de\/#website","url":"https:\/\/www.marderabwehr.de\/","name":"STOP&GO Marderabwehr","description":"Online-Shop f\u00fcr Marderschutz","publisher":{"@id":"https:\/\/www.marderabwehr.de\/#organization"},"potentialAction":[{"@type":"SearchAction","target":{"@type":"EntryPoint","urlTemplate":"https:\/\/www.marderabwehr.de\/?s={search_term_string}"},"query-input":{"@type":"PropertyValueSpecification","valueRequired":true,"valueName":"search_term_string"}}],"inLanguage":"cs"},{"@type":"Organization","@id":"https:\/\/www.marderabwehr.de\/#organization","name":"STOP&GO Marderabwehr","url":"https:\/\/www.marderabwehr.de\/","logo":{"@type":"ImageObject","inLanguage":"cs","@id":"https:\/\/www.marderabwehr.de\/#\/schema\/logo\/image\/","url":"https:\/\/www.marderabwehr.de\/wp-content\/uploads\/2024\/04\/Logo_500x500.png","contentUrl":"https:\/\/www.marderabwehr.de\/wp-content\/uploads\/2024\/04\/Logo_500x500.png","width":500,"height":500,"caption":"STOP&GO Marderabwehr"},"image":{"@id":"https:\/\/www.marderabwehr.de\/#\/schema\/logo\/image\/"},"sameAs":["https:\/\/www.facebook.com\/stopundgo\/?locale=de_DE","https:\/\/www.instagram.com\/marderstopgo\/"]}]}},"_links":{"self":[{"href":"https:\/\/www.marderabwehr.de\/cs\/wp-json\/wp\/v2\/product\/3381","targetHints":{"allow":["GET"]}}],"collection":[{"href":"https:\/\/www.marderabwehr.de\/cs\/wp-json\/wp\/v2\/product"}],"about":[{"href":"https:\/\/www.marderabwehr.de\/cs\/wp-json\/wp\/v2\/types\/product"}],"replies":[{"embeddable":true,"href":"https:\/\/www.marderabwehr.de\/cs\/wp-json\/wp\/v2\/comments?post=3381"}],"wp:featuredmedia":[{"embeddable":true,"href":"https:\/\/www.marderabwehr.de\/cs\/wp-json\/wp\/v2\/media\/3379"}],"wp:attachment":[{"href":"https:\/\/www.marderabwehr.de\/cs\/wp-json\/wp\/v2\/media?parent=3381"}],"wp:term":[{"taxonomy":"product_brand","embeddable":true,"href":"https:\/\/www.marderabwehr.de\/cs\/wp-json\/wp\/v2\/product_brand?post=3381"},{"taxonomy":"product_cat","embeddable":true,"href":"https:\/\/www.marderabwehr.de\/cs\/wp-json\/wp\/v2\/product_cat?post=3381"},{"taxonomy":"product_tag","embeddable":true,"href":"https:\/\/www.marderabwehr.de\/cs\/wp-json\/wp\/v2\/product_tag?post=3381"}],"curies":[{"name":"wp","href":"https:\/\/api.w.org\/{rel}","templated":true}]}}