{"id":3384,"date":"2020-08-05T15:32:05","date_gmt":"2021-05-22T11:28:04","guid":{"rendered":"https:\/\/www.marderabwehr.de\/produkt\/unkategorisiert\/ochranna-hadice-pro-vysoke-teploty-stopgo-oe-1250-mm-4x-050-m\/"},"modified":"2024-12-16T10:44:49","modified_gmt":"2024-12-16T09:44:49","slug":"stopgo-ochranna-hadice-pro-vysoke-teploty-oe-1250-mm-4-x-050-m","status":"publish","type":"product","link":"https:\/\/www.marderabwehr.de\/cs\/produkt\/mechanicka-ochrana\/stopgo-ochranna-hadice-pro-vysoke-teploty-oe-1250-mm-4-x-050-m\/","title":{"rendered":"Ochrann\u00e1 hadice pro vysok\u00e9 teploty STOP&amp;GO \u00d8&nbsp;12,50\u00a0mm, 4\u00d7&nbsp;0,50&nbsp;m"},"content":{"rendered":"<h3>Ochrann\u00e1 hadice pro vysok\u00e9 teploty STOP&amp;GO \u00d8 12,50\u00a0mm, 4\u00d7 0,50\u00a0m<\/h3>\n<p><strong>Univerz\u00e1ln\u011b pou\u017eiteln\u00e1 \u2013 mechanick\u00e1 ochrana proti okusu<\/strong><\/p>\n<p>Speci\u00e1ln\u00ed hlin\u00edkov\u00e1 pru\u017en\u00e1 hadice opleten\u00e1 skeln\u00fdm vl\u00e1knem pro kabely u katalyz\u00e1toru a filtru pevn\u00fdch \u010d\u00e1stic a pro lambda sondy. Ochrann\u00e1 hadice odol\u00e1vaj\u00edc\u00ed velmi vysok\u00fdm teplot\u00e1m, \u00fa\u010dinn\u011b odsti\u0148uje zdroje tepeln\u00e9ho vyza\u0159ov\u00e1n\u00ed a\u017e do 800\u00a0\u00b0C, nedoch\u00e1z\u00ed k hromad\u011bn\u00ed tepla uvnit\u0159 hadice.<\/p>\n<p>D\u016frazn\u011b doporu\u010dujeme pou\u017e\u00edt p\u0159ed ka\u017ed\u00fdm opat\u0159en\u00edm na ochranu proti kun\u00e1m <a href=\"https:\/\/www.marderabwehr.de\/relaunch2020\/produkt\/duftmarken-entferner\/\">Odstra\u0148ova\u010d pachov\u00fdch zna\u010dek STOP&amp;GO<\/a>.<\/p>\n<h5>Dal\u0161\u00ed vlastnosti:<\/h5>\n<ul>\n<li>Speci\u00e1ln\u00ed hlin\u00edkov\u00e1 pru\u017en\u00e1 hadice opleten\u00e1 skeln\u00fdm vl\u00e1knem<\/li>\n<li>Vnit\u0159n\u00ed pr\u016fm\u011br 12,50\u00a0mm<\/li>\n<li>Odolnost v\u016f\u010di teplot\u00e1m a\u017e do 800\u00a0\u00b0C<\/li>\n<li>Baleno v zas\u00edlac\u00edm tubusu po 4\u00a0ks o d\u00e9lce 0,50\u00a0m<\/li>\n<\/ul>\n","protected":false},"excerpt":{"rendered":"<p><strong>Univerz\u00e1ln\u011b pou\u017eiteln\u00e1 \u2013 mechanick\u00e1 ochrana proti okusu<\/strong><\/p>\n<p>Speci\u00e1ln\u00ed hlin\u00edkov\u00e1 pru\u017en\u00e1 hadice opleten\u00e1 skeln\u00fdm vl\u00e1knem pro kabely u katalyz\u00e1toru a filtru pevn\u00fdch \u010d\u00e1stic a pro lambda sondy. Ochrann\u00e1 hadice odol\u00e1vaj\u00edc\u00ed velmi vysok\u00fdm teplot\u00e1m, \u00fa\u010dinn\u011b odsti\u0148uje zdroje tepeln\u00e9ho vyza\u0159ov\u00e1n\u00ed a\u017e do 800\u00a0\u00b0C, nedoch\u00e1z\u00ed k hromad\u011bn\u00ed tepla uvnit\u0159 hadice.<\/p>\n<p>Balen\u00ed: z\u00e1silkov\u00fd tubus<\/p>\n","protected":false},"featured_media":3385,"comment_status":"open","ping_status":"closed","template":"","meta":[],"product_brand":[],"product_cat":[241],"product_tag":[],"class_list":{"0":"post-3384","1":"product","2":"type-product","3":"status-publish","4":"has-post-thumbnail","6":"product_cat-mechanicka-ochrana","8":"first","9":"instock","10":"taxable","11":"shipping-taxable","12":"purchasable","13":"product-type-simple"},"yoast_head":"<!-- This site is optimized with the Yoast SEO plugin v27.1.1 - https:\/\/yoast.com\/product\/yoast-seo-wordpress\/ -->\n<title>Ochrann\u00e1 hadice pro vysok\u00e9 teploty STOP&amp;GO \u00d8&nbsp;12,50\u00a0mm, 4\u00d7&nbsp;0,50&nbsp;m | STOP&amp;GO Marderabwehr<\/title>\n<meta name=\"robots\" content=\"index, follow, max-snippet:-1, max-image-preview:large, max-video-preview:-1\" \/>\n<link rel=\"canonical\" href=\"https:\/\/www.marderabwehr.de\/cs\/produkt\/mechanicka-ochrana\/stopgo-ochranna-hadice-pro-vysoke-teploty-oe-1250-mm-4-x-050-m\/\" \/>\n<meta property=\"og:locale\" content=\"cs_CZ\" \/>\n<meta property=\"og:type\" content=\"article\" \/>\n<meta property=\"og:title\" content=\"Ochrann\u00e1 hadice pro vysok\u00e9 teploty STOP&amp;GO \u00d8&nbsp;12,50\u00a0mm, 4\u00d7&nbsp;0,50&nbsp;m | STOP&amp;GO Marderabwehr\" \/>\n<meta property=\"og:description\" content=\"Univerz\u00e1ln\u011b pou\u017eiteln\u00e1 \u2013 mechanick\u00e1 ochrana proti okusu  Speci\u00e1ln\u00ed hlin\u00edkov\u00e1 pru\u017en\u00e1 hadice opleten\u00e1 skeln\u00fdm vl\u00e1knem pro kabely u katalyz\u00e1toru a filtru pevn\u00fdch \u010d\u00e1stic a pro lambda sondy. Ochrann\u00e1 hadice odol\u00e1vaj\u00edc\u00ed velmi vysok\u00fdm teplot\u00e1m, \u00fa\u010dinn\u011b odsti\u0148uje zdroje tepeln\u00e9ho vyza\u0159ov\u00e1n\u00ed a\u017e do 800\u00a0\u00b0C, nedoch\u00e1z\u00ed k hromad\u011bn\u00ed tepla uvnit\u0159 hadice.  Balen\u00ed: z\u00e1silkov\u00fd tubus\" \/>\n<meta property=\"og:url\" content=\"https:\/\/www.marderabwehr.de\/cs\/produkt\/mechanicka-ochrana\/stopgo-ochranna-hadice-pro-vysoke-teploty-oe-1250-mm-4-x-050-m\/\" \/>\n<meta property=\"og:site_name\" content=\"STOP&amp;GO Marderabwehr\" \/>\n<meta property=\"article:publisher\" content=\"https:\/\/www.facebook.com\/stopundgo\/?locale=de_DE\" \/>\n<meta property=\"article:modified_time\" content=\"2024-12-16T09:44:49+00:00\" \/>\n<meta property=\"og:image\" content=\"https:\/\/www.marderabwehr.de\/wp-content\/uploads\/2020\/08\/STOPGO-Marderabwehr-Hochtemperatur-Schutzschlauch.png\" \/>\n\t<meta property=\"og:image:width\" content=\"1000\" \/>\n\t<meta property=\"og:image:height\" content=\"800\" \/>\n\t<meta property=\"og:image:type\" content=\"image\/png\" \/>\n<meta name=\"twitter:card\" content=\"summary_large_image\" \/>\n<script type=\"application\/ld+json\" class=\"yoast-schema-graph\">{\"@context\":\"https:\/\/schema.org\",\"@graph\":[{\"@type\":\"WebPage\",\"@id\":\"https:\/\/www.marderabwehr.de\/cs\/produkt\/mechanicka-ochrana\/stopgo-ochranna-hadice-pro-vysoke-teploty-oe-1250-mm-4-x-050-m\/\",\"url\":\"https:\/\/www.marderabwehr.de\/cs\/produkt\/mechanicka-ochrana\/stopgo-ochranna-hadice-pro-vysoke-teploty-oe-1250-mm-4-x-050-m\/\",\"name\":\"Ochrann\u00e1 hadice pro vysok\u00e9 teploty STOP&amp;GO \u00d8&nbsp;12,50\u00a0mm, 4\u00d7&nbsp;0,50&nbsp;m | STOP&amp;GO Marderabwehr\",\"isPartOf\":{\"@id\":\"https:\/\/www.marderabwehr.de\/#website\"},\"primaryImageOfPage\":{\"@id\":\"https:\/\/www.marderabwehr.de\/cs\/produkt\/mechanicka-ochrana\/stopgo-ochranna-hadice-pro-vysoke-teploty-oe-1250-mm-4-x-050-m\/#primaryimage\"},\"image\":{\"@id\":\"https:\/\/www.marderabwehr.de\/cs\/produkt\/mechanicka-ochrana\/stopgo-ochranna-hadice-pro-vysoke-teploty-oe-1250-mm-4-x-050-m\/#primaryimage\"},\"thumbnailUrl\":\"https:\/\/www.marderabwehr.de\/wp-content\/uploads\/2020\/08\/STOPGO-Marderabwehr-Hochtemperatur-Schutzschlauch.png\",\"datePublished\":\"2021-05-22T11:28:04+00:00\",\"dateModified\":\"2024-12-16T09:44:49+00:00\",\"breadcrumb\":{\"@id\":\"https:\/\/www.marderabwehr.de\/cs\/produkt\/mechanicka-ochrana\/stopgo-ochranna-hadice-pro-vysoke-teploty-oe-1250-mm-4-x-050-m\/#breadcrumb\"},\"inLanguage\":\"cs\",\"potentialAction\":[{\"@type\":\"ReadAction\",\"target\":[\"https:\/\/www.marderabwehr.de\/cs\/produkt\/mechanicka-ochrana\/stopgo-ochranna-hadice-pro-vysoke-teploty-oe-1250-mm-4-x-050-m\/\"]}]},{\"@type\":\"ImageObject\",\"inLanguage\":\"cs\",\"@id\":\"https:\/\/www.marderabwehr.de\/cs\/produkt\/mechanicka-ochrana\/stopgo-ochranna-hadice-pro-vysoke-teploty-oe-1250-mm-4-x-050-m\/#primaryimage\",\"url\":\"https:\/\/www.marderabwehr.de\/wp-content\/uploads\/2020\/08\/STOPGO-Marderabwehr-Hochtemperatur-Schutzschlauch.png\",\"contentUrl\":\"https:\/\/www.marderabwehr.de\/wp-content\/uploads\/2020\/08\/STOPGO-Marderabwehr-Hochtemperatur-Schutzschlauch.png\",\"width\":1000,\"height\":800},{\"@type\":\"BreadcrumbList\",\"@id\":\"https:\/\/www.marderabwehr.de\/cs\/produkt\/mechanicka-ochrana\/stopgo-ochranna-hadice-pro-vysoke-teploty-oe-1250-mm-4-x-050-m\/#breadcrumb\",\"itemListElement\":[{\"@type\":\"ListItem\",\"position\":1,\"name\":\"Startseite\",\"item\":\"https:\/\/www.marderabwehr.de\/cs\/\"},{\"@type\":\"ListItem\",\"position\":2,\"name\":\"Produkte\",\"item\":\"https:\/\/www.marderabwehr.de\/shop\/\"},{\"@type\":\"ListItem\",\"position\":3,\"name\":\"Ochrann\u00e1 hadice pro vysok\u00e9 teploty STOP&amp;GO \u00d8&nbsp;12,50\u00a0mm, 4\u00d7&nbsp;0,50&nbsp;m\"}]},{\"@type\":\"WebSite\",\"@id\":\"https:\/\/www.marderabwehr.de\/#website\",\"url\":\"https:\/\/www.marderabwehr.de\/\",\"name\":\"STOP&GO Marderabwehr\",\"description\":\"Online-Shop f\u00fcr Marderschutz\",\"publisher\":{\"@id\":\"https:\/\/www.marderabwehr.de\/#organization\"},\"potentialAction\":[{\"@type\":\"SearchAction\",\"target\":{\"@type\":\"EntryPoint\",\"urlTemplate\":\"https:\/\/www.marderabwehr.de\/?s={search_term_string}\"},\"query-input\":{\"@type\":\"PropertyValueSpecification\",\"valueRequired\":true,\"valueName\":\"search_term_string\"}}],\"inLanguage\":\"cs\"},{\"@type\":\"Organization\",\"@id\":\"https:\/\/www.marderabwehr.de\/#organization\",\"name\":\"STOP&GO Marderabwehr\",\"url\":\"https:\/\/www.marderabwehr.de\/\",\"logo\":{\"@type\":\"ImageObject\",\"inLanguage\":\"cs\",\"@id\":\"https:\/\/www.marderabwehr.de\/#\/schema\/logo\/image\/\",\"url\":\"https:\/\/www.marderabwehr.de\/wp-content\/uploads\/2024\/04\/Logo_500x500.png\",\"contentUrl\":\"https:\/\/www.marderabwehr.de\/wp-content\/uploads\/2024\/04\/Logo_500x500.png\",\"width\":500,\"height\":500,\"caption\":\"STOP&GO Marderabwehr\"},\"image\":{\"@id\":\"https:\/\/www.marderabwehr.de\/#\/schema\/logo\/image\/\"},\"sameAs\":[\"https:\/\/www.facebook.com\/stopundgo\/?locale=de_DE\",\"https:\/\/www.instagram.com\/marderstopgo\/\"]}]}<\/script>\n<!-- \/ Yoast SEO plugin. -->","yoast_head_json":{"title":"Ochrann\u00e1 hadice pro vysok\u00e9 teploty STOP&amp;GO \u00d8&nbsp;12,50\u00a0mm, 4\u00d7&nbsp;0,50&nbsp;m | STOP&amp;GO Marderabwehr","robots":{"index":"index","follow":"follow","max-snippet":"max-snippet:-1","max-image-preview":"max-image-preview:large","max-video-preview":"max-video-preview:-1"},"canonical":"https:\/\/www.marderabwehr.de\/cs\/produkt\/mechanicka-ochrana\/stopgo-ochranna-hadice-pro-vysoke-teploty-oe-1250-mm-4-x-050-m\/","og_locale":"cs_CZ","og_type":"article","og_title":"Ochrann\u00e1 hadice pro vysok\u00e9 teploty STOP&amp;GO \u00d8&nbsp;12,50\u00a0mm, 4\u00d7&nbsp;0,50&nbsp;m | STOP&amp;GO Marderabwehr","og_description":"Univerz\u00e1ln\u011b pou\u017eiteln\u00e1 \u2013 mechanick\u00e1 ochrana proti okusu  Speci\u00e1ln\u00ed hlin\u00edkov\u00e1 pru\u017en\u00e1 hadice opleten\u00e1 skeln\u00fdm vl\u00e1knem pro kabely u katalyz\u00e1toru a filtru pevn\u00fdch \u010d\u00e1stic a pro lambda sondy. Ochrann\u00e1 hadice odol\u00e1vaj\u00edc\u00ed velmi vysok\u00fdm teplot\u00e1m, \u00fa\u010dinn\u011b odsti\u0148uje zdroje tepeln\u00e9ho vyza\u0159ov\u00e1n\u00ed a\u017e do 800\u00a0\u00b0C, nedoch\u00e1z\u00ed k hromad\u011bn\u00ed tepla uvnit\u0159 hadice.  Balen\u00ed: z\u00e1silkov\u00fd tubus","og_url":"https:\/\/www.marderabwehr.de\/cs\/produkt\/mechanicka-ochrana\/stopgo-ochranna-hadice-pro-vysoke-teploty-oe-1250-mm-4-x-050-m\/","og_site_name":"STOP&amp;GO Marderabwehr","article_publisher":"https:\/\/www.facebook.com\/stopundgo\/?locale=de_DE","article_modified_time":"2024-12-16T09:44:49+00:00","og_image":[{"width":1000,"height":800,"url":"https:\/\/www.marderabwehr.de\/wp-content\/uploads\/2020\/08\/STOPGO-Marderabwehr-Hochtemperatur-Schutzschlauch.png","type":"image\/png"}],"twitter_card":"summary_large_image","schema":{"@context":"https:\/\/schema.org","@graph":[{"@type":"WebPage","@id":"https:\/\/www.marderabwehr.de\/cs\/produkt\/mechanicka-ochrana\/stopgo-ochranna-hadice-pro-vysoke-teploty-oe-1250-mm-4-x-050-m\/","url":"https:\/\/www.marderabwehr.de\/cs\/produkt\/mechanicka-ochrana\/stopgo-ochranna-hadice-pro-vysoke-teploty-oe-1250-mm-4-x-050-m\/","name":"Ochrann\u00e1 hadice pro vysok\u00e9 teploty STOP&amp;GO \u00d8&nbsp;12,50\u00a0mm, 4\u00d7&nbsp;0,50&nbsp;m | STOP&amp;GO Marderabwehr","isPartOf":{"@id":"https:\/\/www.marderabwehr.de\/#website"},"primaryImageOfPage":{"@id":"https:\/\/www.marderabwehr.de\/cs\/produkt\/mechanicka-ochrana\/stopgo-ochranna-hadice-pro-vysoke-teploty-oe-1250-mm-4-x-050-m\/#primaryimage"},"image":{"@id":"https:\/\/www.marderabwehr.de\/cs\/produkt\/mechanicka-ochrana\/stopgo-ochranna-hadice-pro-vysoke-teploty-oe-1250-mm-4-x-050-m\/#primaryimage"},"thumbnailUrl":"https:\/\/www.marderabwehr.de\/wp-content\/uploads\/2020\/08\/STOPGO-Marderabwehr-Hochtemperatur-Schutzschlauch.png","datePublished":"2021-05-22T11:28:04+00:00","dateModified":"2024-12-16T09:44:49+00:00","breadcrumb":{"@id":"https:\/\/www.marderabwehr.de\/cs\/produkt\/mechanicka-ochrana\/stopgo-ochranna-hadice-pro-vysoke-teploty-oe-1250-mm-4-x-050-m\/#breadcrumb"},"inLanguage":"cs","potentialAction":[{"@type":"ReadAction","target":["https:\/\/www.marderabwehr.de\/cs\/produkt\/mechanicka-ochrana\/stopgo-ochranna-hadice-pro-vysoke-teploty-oe-1250-mm-4-x-050-m\/"]}]},{"@type":"ImageObject","inLanguage":"cs","@id":"https:\/\/www.marderabwehr.de\/cs\/produkt\/mechanicka-ochrana\/stopgo-ochranna-hadice-pro-vysoke-teploty-oe-1250-mm-4-x-050-m\/#primaryimage","url":"https:\/\/www.marderabwehr.de\/wp-content\/uploads\/2020\/08\/STOPGO-Marderabwehr-Hochtemperatur-Schutzschlauch.png","contentUrl":"https:\/\/www.marderabwehr.de\/wp-content\/uploads\/2020\/08\/STOPGO-Marderabwehr-Hochtemperatur-Schutzschlauch.png","width":1000,"height":800},{"@type":"BreadcrumbList","@id":"https:\/\/www.marderabwehr.de\/cs\/produkt\/mechanicka-ochrana\/stopgo-ochranna-hadice-pro-vysoke-teploty-oe-1250-mm-4-x-050-m\/#breadcrumb","itemListElement":[{"@type":"ListItem","position":1,"name":"Startseite","item":"https:\/\/www.marderabwehr.de\/cs\/"},{"@type":"ListItem","position":2,"name":"Produkte","item":"https:\/\/www.marderabwehr.de\/shop\/"},{"@type":"ListItem","position":3,"name":"Ochrann\u00e1 hadice pro vysok\u00e9 teploty STOP&amp;GO \u00d8&nbsp;12,50\u00a0mm, 4\u00d7&nbsp;0,50&nbsp;m"}]},{"@type":"WebSite","@id":"https:\/\/www.marderabwehr.de\/#website","url":"https:\/\/www.marderabwehr.de\/","name":"STOP&GO Marderabwehr","description":"Online-Shop f\u00fcr Marderschutz","publisher":{"@id":"https:\/\/www.marderabwehr.de\/#organization"},"potentialAction":[{"@type":"SearchAction","target":{"@type":"EntryPoint","urlTemplate":"https:\/\/www.marderabwehr.de\/?s={search_term_string}"},"query-input":{"@type":"PropertyValueSpecification","valueRequired":true,"valueName":"search_term_string"}}],"inLanguage":"cs"},{"@type":"Organization","@id":"https:\/\/www.marderabwehr.de\/#organization","name":"STOP&GO Marderabwehr","url":"https:\/\/www.marderabwehr.de\/","logo":{"@type":"ImageObject","inLanguage":"cs","@id":"https:\/\/www.marderabwehr.de\/#\/schema\/logo\/image\/","url":"https:\/\/www.marderabwehr.de\/wp-content\/uploads\/2024\/04\/Logo_500x500.png","contentUrl":"https:\/\/www.marderabwehr.de\/wp-content\/uploads\/2024\/04\/Logo_500x500.png","width":500,"height":500,"caption":"STOP&GO Marderabwehr"},"image":{"@id":"https:\/\/www.marderabwehr.de\/#\/schema\/logo\/image\/"},"sameAs":["https:\/\/www.facebook.com\/stopundgo\/?locale=de_DE","https:\/\/www.instagram.com\/marderstopgo\/"]}]}},"_links":{"self":[{"href":"https:\/\/www.marderabwehr.de\/cs\/wp-json\/wp\/v2\/product\/3384","targetHints":{"allow":["GET"]}}],"collection":[{"href":"https:\/\/www.marderabwehr.de\/cs\/wp-json\/wp\/v2\/product"}],"about":[{"href":"https:\/\/www.marderabwehr.de\/cs\/wp-json\/wp\/v2\/types\/product"}],"replies":[{"embeddable":true,"href":"https:\/\/www.marderabwehr.de\/cs\/wp-json\/wp\/v2\/comments?post=3384"}],"wp:featuredmedia":[{"embeddable":true,"href":"https:\/\/www.marderabwehr.de\/cs\/wp-json\/wp\/v2\/media\/3385"}],"wp:attachment":[{"href":"https:\/\/www.marderabwehr.de\/cs\/wp-json\/wp\/v2\/media?parent=3384"}],"wp:term":[{"taxonomy":"product_brand","embeddable":true,"href":"https:\/\/www.marderabwehr.de\/cs\/wp-json\/wp\/v2\/product_brand?post=3384"},{"taxonomy":"product_cat","embeddable":true,"href":"https:\/\/www.marderabwehr.de\/cs\/wp-json\/wp\/v2\/product_cat?post=3384"},{"taxonomy":"product_tag","embeddable":true,"href":"https:\/\/www.marderabwehr.de\/cs\/wp-json\/wp\/v2\/product_tag?post=3384"}],"curies":[{"name":"wp","href":"https:\/\/api.w.org\/{rel}","templated":true}]}}