{"id":3397,"date":"2020-08-06T11:26:04","date_gmt":"2021-05-22T11:28:59","guid":{"rendered":"https:\/\/www.marderabwehr.de\/produkt\/unkategorisiert\/plysova-hracka-kuna-stopgo\/"},"modified":"2024-12-16T10:44:27","modified_gmt":"2024-12-16T09:44:27","slug":"stopgo-plysova-hracka-kuna","status":"publish","type":"product","link":"https:\/\/www.marderabwehr.de\/cs\/produkt\/prislusenstvi\/stopgo-plysova-hracka-kuna\/","title":{"rendered":"Ply\u0161ov\u00e1 hra\u010dka \u2013 kuna STOP&#038;GO"},"content":{"rendered":"<h3>Ply\u0161ov\u00e1 hra\u010dka \u2013 kuna STOP&amp;GO<\/h3>\n<p><strong>Kuna Max \u2013 jednodu\u0161e roztomil\u00e1!<\/strong><\/p>\n<p>Vhodn\u00e1 jako dekorace, na prodejn\u00ed pult atd.<\/p>\n<ul>\n<li>D\u00e9lka 28\u00a0cm<\/li>\n<li>Hra\u010dku lze pr\u00e1t<\/li>\n<li>Sn\u00ed\u017een\u00e1 ho\u0159lavost<\/li>\n<\/ul>\n","protected":false},"excerpt":{"rendered":"<p><strong>Kuna Max \u2013 jednodu\u0161e roztomil\u00e1!<\/strong><\/p>\n<p>Vhodn\u00e1 jako dekorace, na prodejn\u00ed pult atd.<\/p>\n<p>Balen\u00ed: plastov\u00fd s\u00e1\u010dek<\/p>\n","protected":false},"featured_media":3398,"comment_status":"open","ping_status":"closed","template":"","meta":[],"product_brand":[],"product_cat":[242],"product_tag":[],"class_list":{"0":"post-3397","1":"product","2":"type-product","3":"status-publish","4":"has-post-thumbnail","6":"product_cat-prislusenstvi","8":"first","9":"instock","10":"taxable","11":"shipping-taxable","12":"purchasable","13":"product-type-simple"},"yoast_head":"<!-- This site is optimized with the Yoast SEO plugin v27.1.1 - https:\/\/yoast.com\/product\/yoast-seo-wordpress\/ -->\n<title>Ply\u0161ov\u00e1 hra\u010dka \u2013 kuna STOP&amp;GO | STOP&amp;GO Marderabwehr<\/title>\n<meta name=\"robots\" content=\"index, follow, max-snippet:-1, max-image-preview:large, max-video-preview:-1\" \/>\n<link rel=\"canonical\" href=\"https:\/\/www.marderabwehr.de\/cs\/produkt\/prislusenstvi\/stopgo-plysova-hracka-kuna\/\" \/>\n<meta property=\"og:locale\" content=\"cs_CZ\" \/>\n<meta property=\"og:type\" content=\"article\" \/>\n<meta property=\"og:title\" content=\"Ply\u0161ov\u00e1 hra\u010dka \u2013 kuna STOP&amp;GO | STOP&amp;GO Marderabwehr\" \/>\n<meta property=\"og:description\" content=\"Kuna Max \u2013 jednodu\u0161e roztomil\u00e1!  Vhodn\u00e1 jako dekorace, na prodejn\u00ed pult atd.  Balen\u00ed: plastov\u00fd s\u00e1\u010dek\" \/>\n<meta property=\"og:url\" content=\"https:\/\/www.marderabwehr.de\/cs\/produkt\/prislusenstvi\/stopgo-plysova-hracka-kuna\/\" \/>\n<meta property=\"og:site_name\" content=\"STOP&amp;GO Marderabwehr\" \/>\n<meta property=\"article:publisher\" content=\"https:\/\/www.facebook.com\/stopundgo\/?locale=de_DE\" \/>\n<meta property=\"article:modified_time\" content=\"2024-12-16T09:44:27+00:00\" \/>\n<meta property=\"og:image\" content=\"https:\/\/www.marderabwehr.de\/wp-content\/uploads\/2020\/08\/07511_1000x800px.png\" \/>\n\t<meta property=\"og:image:width\" content=\"1000\" \/>\n\t<meta property=\"og:image:height\" content=\"800\" \/>\n\t<meta property=\"og:image:type\" content=\"image\/png\" \/>\n<meta name=\"twitter:card\" content=\"summary_large_image\" \/>\n<script type=\"application\/ld+json\" class=\"yoast-schema-graph\">{\"@context\":\"https:\/\/schema.org\",\"@graph\":[{\"@type\":\"WebPage\",\"@id\":\"https:\/\/www.marderabwehr.de\/cs\/produkt\/prislusenstvi\/stopgo-plysova-hracka-kuna\/\",\"url\":\"https:\/\/www.marderabwehr.de\/cs\/produkt\/prislusenstvi\/stopgo-plysova-hracka-kuna\/\",\"name\":\"Ply\u0161ov\u00e1 hra\u010dka \u2013 kuna STOP&GO | STOP&amp;GO Marderabwehr\",\"isPartOf\":{\"@id\":\"https:\/\/www.marderabwehr.de\/#website\"},\"primaryImageOfPage\":{\"@id\":\"https:\/\/www.marderabwehr.de\/cs\/produkt\/prislusenstvi\/stopgo-plysova-hracka-kuna\/#primaryimage\"},\"image\":{\"@id\":\"https:\/\/www.marderabwehr.de\/cs\/produkt\/prislusenstvi\/stopgo-plysova-hracka-kuna\/#primaryimage\"},\"thumbnailUrl\":\"https:\/\/www.marderabwehr.de\/wp-content\/uploads\/2020\/08\/07511_1000x800px.png\",\"datePublished\":\"2021-05-22T11:28:59+00:00\",\"dateModified\":\"2024-12-16T09:44:27+00:00\",\"breadcrumb\":{\"@id\":\"https:\/\/www.marderabwehr.de\/cs\/produkt\/prislusenstvi\/stopgo-plysova-hracka-kuna\/#breadcrumb\"},\"inLanguage\":\"cs\",\"potentialAction\":[{\"@type\":\"ReadAction\",\"target\":[\"https:\/\/www.marderabwehr.de\/cs\/produkt\/prislusenstvi\/stopgo-plysova-hracka-kuna\/\"]}]},{\"@type\":\"ImageObject\",\"inLanguage\":\"cs\",\"@id\":\"https:\/\/www.marderabwehr.de\/cs\/produkt\/prislusenstvi\/stopgo-plysova-hracka-kuna\/#primaryimage\",\"url\":\"https:\/\/www.marderabwehr.de\/wp-content\/uploads\/2020\/08\/07511_1000x800px.png\",\"contentUrl\":\"https:\/\/www.marderabwehr.de\/wp-content\/uploads\/2020\/08\/07511_1000x800px.png\",\"width\":1000,\"height\":800},{\"@type\":\"BreadcrumbList\",\"@id\":\"https:\/\/www.marderabwehr.de\/cs\/produkt\/prislusenstvi\/stopgo-plysova-hracka-kuna\/#breadcrumb\",\"itemListElement\":[{\"@type\":\"ListItem\",\"position\":1,\"name\":\"Startseite\",\"item\":\"https:\/\/www.marderabwehr.de\/cs\/\"},{\"@type\":\"ListItem\",\"position\":2,\"name\":\"Produkte\",\"item\":\"https:\/\/www.marderabwehr.de\/shop\/\"},{\"@type\":\"ListItem\",\"position\":3,\"name\":\"Ply\u0161ov\u00e1 hra\u010dka \u2013 kuna STOP&#038;GO\"}]},{\"@type\":\"WebSite\",\"@id\":\"https:\/\/www.marderabwehr.de\/#website\",\"url\":\"https:\/\/www.marderabwehr.de\/\",\"name\":\"STOP&GO Marderabwehr\",\"description\":\"Online-Shop f\u00fcr Marderschutz\",\"publisher\":{\"@id\":\"https:\/\/www.marderabwehr.de\/#organization\"},\"potentialAction\":[{\"@type\":\"SearchAction\",\"target\":{\"@type\":\"EntryPoint\",\"urlTemplate\":\"https:\/\/www.marderabwehr.de\/?s={search_term_string}\"},\"query-input\":{\"@type\":\"PropertyValueSpecification\",\"valueRequired\":true,\"valueName\":\"search_term_string\"}}],\"inLanguage\":\"cs\"},{\"@type\":\"Organization\",\"@id\":\"https:\/\/www.marderabwehr.de\/#organization\",\"name\":\"STOP&GO Marderabwehr\",\"url\":\"https:\/\/www.marderabwehr.de\/\",\"logo\":{\"@type\":\"ImageObject\",\"inLanguage\":\"cs\",\"@id\":\"https:\/\/www.marderabwehr.de\/#\/schema\/logo\/image\/\",\"url\":\"https:\/\/www.marderabwehr.de\/wp-content\/uploads\/2024\/04\/Logo_500x500.png\",\"contentUrl\":\"https:\/\/www.marderabwehr.de\/wp-content\/uploads\/2024\/04\/Logo_500x500.png\",\"width\":500,\"height\":500,\"caption\":\"STOP&GO Marderabwehr\"},\"image\":{\"@id\":\"https:\/\/www.marderabwehr.de\/#\/schema\/logo\/image\/\"},\"sameAs\":[\"https:\/\/www.facebook.com\/stopundgo\/?locale=de_DE\",\"https:\/\/www.instagram.com\/marderstopgo\/\"]}]}<\/script>\n<!-- \/ Yoast SEO plugin. -->","yoast_head_json":{"title":"Ply\u0161ov\u00e1 hra\u010dka \u2013 kuna STOP&GO | STOP&amp;GO Marderabwehr","robots":{"index":"index","follow":"follow","max-snippet":"max-snippet:-1","max-image-preview":"max-image-preview:large","max-video-preview":"max-video-preview:-1"},"canonical":"https:\/\/www.marderabwehr.de\/cs\/produkt\/prislusenstvi\/stopgo-plysova-hracka-kuna\/","og_locale":"cs_CZ","og_type":"article","og_title":"Ply\u0161ov\u00e1 hra\u010dka \u2013 kuna STOP&GO | STOP&amp;GO Marderabwehr","og_description":"Kuna Max \u2013 jednodu\u0161e roztomil\u00e1!  Vhodn\u00e1 jako dekorace, na prodejn\u00ed pult atd.  Balen\u00ed: plastov\u00fd s\u00e1\u010dek","og_url":"https:\/\/www.marderabwehr.de\/cs\/produkt\/prislusenstvi\/stopgo-plysova-hracka-kuna\/","og_site_name":"STOP&amp;GO Marderabwehr","article_publisher":"https:\/\/www.facebook.com\/stopundgo\/?locale=de_DE","article_modified_time":"2024-12-16T09:44:27+00:00","og_image":[{"width":1000,"height":800,"url":"https:\/\/www.marderabwehr.de\/wp-content\/uploads\/2020\/08\/07511_1000x800px.png","type":"image\/png"}],"twitter_card":"summary_large_image","schema":{"@context":"https:\/\/schema.org","@graph":[{"@type":"WebPage","@id":"https:\/\/www.marderabwehr.de\/cs\/produkt\/prislusenstvi\/stopgo-plysova-hracka-kuna\/","url":"https:\/\/www.marderabwehr.de\/cs\/produkt\/prislusenstvi\/stopgo-plysova-hracka-kuna\/","name":"Ply\u0161ov\u00e1 hra\u010dka \u2013 kuna STOP&GO | STOP&amp;GO Marderabwehr","isPartOf":{"@id":"https:\/\/www.marderabwehr.de\/#website"},"primaryImageOfPage":{"@id":"https:\/\/www.marderabwehr.de\/cs\/produkt\/prislusenstvi\/stopgo-plysova-hracka-kuna\/#primaryimage"},"image":{"@id":"https:\/\/www.marderabwehr.de\/cs\/produkt\/prislusenstvi\/stopgo-plysova-hracka-kuna\/#primaryimage"},"thumbnailUrl":"https:\/\/www.marderabwehr.de\/wp-content\/uploads\/2020\/08\/07511_1000x800px.png","datePublished":"2021-05-22T11:28:59+00:00","dateModified":"2024-12-16T09:44:27+00:00","breadcrumb":{"@id":"https:\/\/www.marderabwehr.de\/cs\/produkt\/prislusenstvi\/stopgo-plysova-hracka-kuna\/#breadcrumb"},"inLanguage":"cs","potentialAction":[{"@type":"ReadAction","target":["https:\/\/www.marderabwehr.de\/cs\/produkt\/prislusenstvi\/stopgo-plysova-hracka-kuna\/"]}]},{"@type":"ImageObject","inLanguage":"cs","@id":"https:\/\/www.marderabwehr.de\/cs\/produkt\/prislusenstvi\/stopgo-plysova-hracka-kuna\/#primaryimage","url":"https:\/\/www.marderabwehr.de\/wp-content\/uploads\/2020\/08\/07511_1000x800px.png","contentUrl":"https:\/\/www.marderabwehr.de\/wp-content\/uploads\/2020\/08\/07511_1000x800px.png","width":1000,"height":800},{"@type":"BreadcrumbList","@id":"https:\/\/www.marderabwehr.de\/cs\/produkt\/prislusenstvi\/stopgo-plysova-hracka-kuna\/#breadcrumb","itemListElement":[{"@type":"ListItem","position":1,"name":"Startseite","item":"https:\/\/www.marderabwehr.de\/cs\/"},{"@type":"ListItem","position":2,"name":"Produkte","item":"https:\/\/www.marderabwehr.de\/shop\/"},{"@type":"ListItem","position":3,"name":"Ply\u0161ov\u00e1 hra\u010dka \u2013 kuna STOP&#038;GO"}]},{"@type":"WebSite","@id":"https:\/\/www.marderabwehr.de\/#website","url":"https:\/\/www.marderabwehr.de\/","name":"STOP&GO Marderabwehr","description":"Online-Shop f\u00fcr Marderschutz","publisher":{"@id":"https:\/\/www.marderabwehr.de\/#organization"},"potentialAction":[{"@type":"SearchAction","target":{"@type":"EntryPoint","urlTemplate":"https:\/\/www.marderabwehr.de\/?s={search_term_string}"},"query-input":{"@type":"PropertyValueSpecification","valueRequired":true,"valueName":"search_term_string"}}],"inLanguage":"cs"},{"@type":"Organization","@id":"https:\/\/www.marderabwehr.de\/#organization","name":"STOP&GO Marderabwehr","url":"https:\/\/www.marderabwehr.de\/","logo":{"@type":"ImageObject","inLanguage":"cs","@id":"https:\/\/www.marderabwehr.de\/#\/schema\/logo\/image\/","url":"https:\/\/www.marderabwehr.de\/wp-content\/uploads\/2024\/04\/Logo_500x500.png","contentUrl":"https:\/\/www.marderabwehr.de\/wp-content\/uploads\/2024\/04\/Logo_500x500.png","width":500,"height":500,"caption":"STOP&GO Marderabwehr"},"image":{"@id":"https:\/\/www.marderabwehr.de\/#\/schema\/logo\/image\/"},"sameAs":["https:\/\/www.facebook.com\/stopundgo\/?locale=de_DE","https:\/\/www.instagram.com\/marderstopgo\/"]}]}},"_links":{"self":[{"href":"https:\/\/www.marderabwehr.de\/cs\/wp-json\/wp\/v2\/product\/3397","targetHints":{"allow":["GET"]}}],"collection":[{"href":"https:\/\/www.marderabwehr.de\/cs\/wp-json\/wp\/v2\/product"}],"about":[{"href":"https:\/\/www.marderabwehr.de\/cs\/wp-json\/wp\/v2\/types\/product"}],"replies":[{"embeddable":true,"href":"https:\/\/www.marderabwehr.de\/cs\/wp-json\/wp\/v2\/comments?post=3397"}],"wp:featuredmedia":[{"embeddable":true,"href":"https:\/\/www.marderabwehr.de\/cs\/wp-json\/wp\/v2\/media\/3398"}],"wp:attachment":[{"href":"https:\/\/www.marderabwehr.de\/cs\/wp-json\/wp\/v2\/media?parent=3397"}],"wp:term":[{"taxonomy":"product_brand","embeddable":true,"href":"https:\/\/www.marderabwehr.de\/cs\/wp-json\/wp\/v2\/product_brand?post=3397"},{"taxonomy":"product_cat","embeddable":true,"href":"https:\/\/www.marderabwehr.de\/cs\/wp-json\/wp\/v2\/product_cat?post=3397"},{"taxonomy":"product_tag","embeddable":true,"href":"https:\/\/www.marderabwehr.de\/cs\/wp-json\/wp\/v2\/product_tag?post=3397"}],"curies":[{"name":"wp","href":"https:\/\/api.w.org\/{rel}","templated":true}]}}