{"id":67163,"date":"2025-06-13T09:38:47","date_gmt":"2025-06-13T07:38:47","guid":{"rendered":"https:\/\/www.marderabwehr.de\/produkt\/nezarazene\/rooftop-ultrazvukovy-odpuzovac-kun\/"},"modified":"2025-09-11T10:34:52","modified_gmt":"2025-09-11T08:34:52","slug":"rooftop-ultrazvukovy-odpuzovac-kun","status":"publish","type":"product","link":"https:\/\/www.marderabwehr.de\/cs\/produkt\/odpuzovani-ultrazvukem\/rooftop-ultrazvukovy-odpuzovac-kun\/","title":{"rendered":"ROOFTOP ultrazvukov\u00fd odpuzova\u010d kun"},"content":{"rendered":"<h3>STOP&amp;GO ROOFTOP odpuzova\u010d kun s dob\u00edjec\u00ed bateri\u00ed a d\u00e1lkov\u00fdm ovl\u00e1d\u00e1n\u00edm<\/h3>\n<p><strong>Flexibiln\u00ed ochrana proti kun\u00e1m &#8211; bezdr\u00e1tov\u00e1 &#8211; p\u0159ipraven\u00e1 k okam\u017eit\u00e9mu pou\u017eit\u00ed<\/strong><\/p>\n<p>Flexibiln\u00ed ochrana proti kun\u00e1m k okam\u017eit\u00e9mu pou\u017eit\u00ed: ROOFTOP na baterie spolehliv\u011b odpuzuje kuny bez nutnosti trval\u00e9 instalace.<br \/>Pomoc\u00ed d\u00e1lkov\u00e9ho ovlada\u010de si jednodu\u0161e zvol\u00edte jeden ze dvou provozn\u00edch re\u017eim\u016f:<br \/>Na st\u0159e\u0161e vozidla chr\u00e1n\u00ed ultrazvukem a v p\u0159\u00edpad\u011b neopr\u00e1vn\u011bn\u00e9ho odstran\u011bn\u00ed varuje alarmem,<br \/>v interi\u00e9ru kombinuje ultrazvuk s pravideln\u00fdm sv\u011bteln\u00fdm z\u00e1bleskem pro optim\u00e1ln\u00ed v\u0161estrannou ochranu kun.<\/p>\n<p>Ultrazvukov\u00fd odpuzova\u010d kun ROOFTOP nab\u00edz\u00ed flexibiln\u00ed ochranu kun d\u00edky inovativn\u00ed technologii dob\u00edjec\u00edch bateri\u00ed.<br \/>Vyd\u00e1v\u00e1 st\u0159\u00eddav\u00e9 ultrazvukov\u00e9 zvuky (20-25 kHz), kter\u00e9 jsou pro \u010dlov\u011bka t\u00e9m\u011b\u0159 nesly\u0161iteln\u00e9,<br \/>ale na kuny p\u016fsob\u00ed jako v\u00fdhru\u017en\u00e9 varovn\u00e9 vol\u00e1n\u00ed.<br \/>Neust\u00e1l\u00e9 st\u0159\u00edd\u00e1n\u00ed frekvenc\u00ed zabra\u0148uje tomu, aby si zv\u00ed\u0159ata zvykla.<br \/>P\u011bt reproduktor\u016f uspo\u0159\u00e1dan\u00fdch do kruhu zaji\u0161\u0165uje kompletn\u00ed 360\u00b0 zvukov\u00e9 pokryt\u00ed.<\/p>\n<p>Za\u0159\u00edzen\u00ed m\u00e1 dva specializovan\u00e9 provozn\u00ed re\u017eimy:<\/p>\n<ul>\n<li><strong>Re\u017eim vozidla:<\/strong> Kombinuje ultrazvukovou ochranu s patentovanou ochranou proti kr\u00e1de\u017ei &#8211; pokud je aktivovan\u00e9 za\u0159\u00edzen\u00ed neopr\u00e1vn\u011bn\u011b sejmuto ze st\u0159echy, automaticky se spust\u00ed 30sekundov\u00fd alarm.<\/li>\n<li><strong>Re\u017eim podkrov\u00ed:<\/strong> Dopl\u0148uje ultrazvukovou ochranu pravideln\u00fdmi sv\u011bteln\u00fdmi z\u00e1blesky (ka\u017ed\u00fdch 6 sekund), kter\u00e9 poskytuj\u00ed dodate\u010dn\u00e9 vizu\u00e1ln\u00ed odstra\u0161en\u00ed.<\/li>\n<\/ul>\n<p>D\u00edky integrovan\u00e9 lithium-iontov\u00e9 baterii je za\u0159\u00edzen\u00ed zcela nez\u00e1visl\u00e9 na extern\u00edch zdroj\u00edch energie.<br \/>Jedno nabit\u00ed baterie vydr\u017e\u00ed a\u017e 2 m\u011bs\u00edce, nab\u00edjen\u00ed je snadn\u00e9 pomoc\u00ed dod\u00e1van\u00e9ho kabelu USB-C.<br \/>T\u0159\u00edbarevn\u00fd LED displej stavu baterie (zelen\u00e1\/\u017elut\u00e1\/\u010derven\u00e1) poskytuje neust\u00e1le informace o stavu baterie.<br \/>Praktick\u00fd dr\u00e1t\u011bn\u00fd kabel s visa\u010dkou lze upnout uvnit\u0159 vozidla &#8211;<br \/>slou\u017e\u00ed jako upozorn\u011bn\u00ed p\u0159ed vyjet\u00edm a jako dodate\u010dn\u00e1 ochrana proti kr\u00e1de\u017ei.<\/p>\n<p>Vhodn\u00e9 pro st\u0159echy vozidel, gar\u00e1\u017ee, p\u0159\u00edst\u0159e\u0161ky pro auta, dvorky d\u00edlen nebo p\u016fdy &#8211; v\u0161ude tam, kde nen\u00ed mo\u017en\u00e1 pevn\u00e1 instalace.<\/p>\n<h5>P\u0159ehled v\u00fdhod:<\/h5>\n<ul>\n<li>P\u0159ipraveno k okam\u017eit\u00e9mu pou\u017eit\u00ed<\/li>\n<li>Bezdr\u00e1tov\u00e9 a flexibiln\u00ed pou\u017eit\u00ed<\/li>\n<li>Ochrana proti kr\u00e1de\u017ei<\/li>\n<li>Dlouh\u00e1 \u017eivotnost baterie a\u017e 2 m\u011bs\u00edce<\/li>\n<li>Snadn\u00e9 ovl\u00e1d\u00e1n\u00ed, d\u00e1lkov\u00e9 ovl\u00e1d\u00e1n\u00ed je sou\u010d\u00e1st\u00ed dod\u00e1vky<\/li>\n<li>Bezpe\u010dn\u00e9 dr\u017een\u00ed d\u00edky magnetick\u00e9 z\u00e1kladn\u011b<\/li>\n<li>Odoln\u00fd v\u016f\u010di pov\u011btrnostn\u00edm vliv\u016fm a vhodn\u00fd pro zv\u00ed\u0159ata<\/li>\n<li>Trval\u00e1 \u00fa\u010dinnost d\u00edky st\u0159\u00edd\u00e1n\u00ed ultrazvukov\u00fdch frekvenc\u00ed<\/li>\n<li>Bezprobl\u00e9mov\u00e1 v\u0161estrann\u00e1 ochrana proti kun\u00e1m d\u00edky p\u011bti reproduktor\u016fm<\/li>\n<\/ul>\n<h5>Dal\u0161\u00ed vlastnosti:<\/h5>\n<ul>\n<li>P\u011bt piezoelektrick\u00fdch reproduktor\u016f pro 360\u00b0 ultrazvukov\u00e9 vyza\u0159ov\u00e1n\u00ed<\/li>\n<li>Provoz na baterie s t\u0159\u00edbarevnou stavovou LED (zelen\u00e1\/\u017elut\u00e1\/\u010derven\u00e1)<\/li>\n<li>Ovl\u00e1d\u00e1n\u00ed v\u0161ech funkc\u00ed pomoc\u00ed d\u00e1lkov\u00e9ho ovl\u00e1d\u00e1n\u00ed (v\u010detn\u011b CR2032)<\/li>\n<li>Magnetick\u00e1 z\u00e1kladna a protiskluzov\u00e1 podlo\u017eka pro bezpe\u010dn\u00e9 dr\u017een\u00ed<\/li>\n<li>Certifik\u00e1t IP65 (ochrana proti prachu a vlhkosti)<\/li>\n<li>Nab\u00edjec\u00ed kabel USB-C a bezpe\u010dnostn\u00ed vodi\u010d jsou sou\u010d\u00e1st\u00ed dod\u00e1vky<\/li>\n<li>Funkce blesku<\/li>\n<\/ul>\n<h5>Technick\u00e9 \u00fadaje:<\/h5>\n<ul>\n<li>\u010c\u00edslo polo\u017eky: 07568<\/li>\n<li>Akustick\u00fd tlak: p\u0159ibli\u017en\u011b 110 dB<\/li>\n<li>Ultrazvukov\u00e1 frekvence: 20-25 kHz, frekven\u010dn\u011b modulovan\u00e1<\/li>\n<li>Integrovan\u00e1 dob\u00edjec\u00ed baterie s dobou nab\u00edjen\u00ed p\u0159ibli\u017en\u011b 7 hodin.<\/li>\n<li>Provozn\u00ed doba: a\u017e 2 m\u011bs\u00edce na jedno nabit\u00ed baterie<\/li>\n<li>Provozn\u00ed teplota: -10 \u00b0C a\u017e +60 \u00b0C<\/li>\n<li>Skladovac\u00ed teplota: 5 \u00b0C a\u017e 23 \u00b0C<\/li>\n<li>T\u0159\u00edda ochrany: IP65<\/li>\n<li>D\u00e1lkov\u00e9 ovl\u00e1d\u00e1n\u00ed s bateri\u00ed CR2032<\/li>\n<li>Rozm\u011bry: v\u00fd\u0161ka: 3,6 cm, d\u00e9lka: 11 cm, \u0161\u00ed\u0159ka: 10,5 cm<\/li>\n<\/ul>\n","protected":false},"excerpt":{"rendered":"<p><strong>Provoz na baterie &#8211; D\u00e1lkov\u00e9 ovl\u00e1d\u00e1n\u00ed &#8211; 360\u00b0 v\u0161estrann\u00e1 ochrana<\/strong><\/p>\n<p>Maxim\u00e1ln\u00ed flexibilita bez pevn\u00e9 instalace! Bateriov\u00fd ultrazvukov\u00fd odpuzova\u010d kun ROOFTOP je okam\u017eit\u011b p\u0159ipraven k pou\u017eit\u00ed a spolehliv\u011b odpuzuje kuny. <\/p>\n<p>P\u011bt reproduktor\u016f uspo\u0159\u00e1dan\u00fdch do kruhu zaji\u0161\u0165uje \u00fapln\u00e9 pokryt\u00ed ultrazvukem, zat\u00edmco m\u011bn\u00edc\u00ed se frekvence zabra\u0148uj\u00ed tomu, aby si zv\u00ed\u0159ata na zvuky zvykla. Dva provozn\u00ed re\u017eimy &#8222;Vozidlo&#8220; a &#8222;Podkrov\u00ed&#8220; lze snadno ovl\u00e1dat d\u00e1lkov\u00fdm ovlada\u010dem. Na st\u0159e\u0161e vozidla chr\u00e1n\u00ed za\u0159\u00edzen\u00ed pomoc\u00ed ultrazvuku, v\u010detn\u011b patentovan\u00e9 ochrany proti kr\u00e1de\u017ei, na povrchu nebo v budov\u00e1ch pomoc\u00ed ultrazvuku a blikaj\u00edc\u00edho sv\u011btla.   <\/p>\n<p>Spolehliv\u011b chr\u00e1n\u00ed karoserii, povrchy a budovy p\u0159ed po\u0161kozen\u00edm kunami.<\/p>\n<p>Balen\u00ed: skl\u00e1dac\u00ed krabice<\/p>\n","protected":false},"featured_media":68075,"comment_status":"closed","ping_status":"closed","template":"","meta":[],"product_brand":[],"product_cat":[239],"product_tag":[],"class_list":{"0":"post-67163","1":"product","2":"type-product","3":"status-publish","4":"has-post-thumbnail","6":"product_cat-odpuzovani-ultrazvukem","8":"first","9":"instock","10":"taxable","11":"shipping-taxable","12":"purchasable","13":"product-type-simple"},"yoast_head":"<!-- This site is optimized with the Yoast SEO plugin v27.1.1 - https:\/\/yoast.com\/product\/yoast-seo-wordpress\/ -->\n<title>ROOFTOP ultrazvukov\u00fd odpuzova\u010d kun | STOP&amp;GO Marderabwehr<\/title>\n<meta name=\"robots\" content=\"index, follow, max-snippet:-1, max-image-preview:large, max-video-preview:-1\" \/>\n<link rel=\"canonical\" href=\"https:\/\/www.marderabwehr.de\/cs\/produkt\/odpuzovani-ultrazvukem\/rooftop-ultrazvukovy-odpuzovac-kun\/\" \/>\n<meta property=\"og:locale\" content=\"cs_CZ\" \/>\n<meta property=\"og:type\" content=\"article\" \/>\n<meta property=\"og:title\" content=\"ROOFTOP ultrazvukov\u00fd odpuzova\u010d kun | STOP&amp;GO Marderabwehr\" \/>\n<meta property=\"og:description\" content=\"Provoz na baterie - D\u00e1lkov\u00e9 ovl\u00e1d\u00e1n\u00ed - 360\u00b0 v\u0161estrann\u00e1 ochrana Maxim\u00e1ln\u00ed flexibilita bez pevn\u00e9 instalace! Bateriov\u00fd ultrazvukov\u00fd odpuzova\u010d kun ROOFTOP je okam\u017eit\u011b p\u0159ipraven k pou\u017eit\u00ed a spolehliv\u011b odpuzuje kuny.  P\u011bt reproduktor\u016f uspo\u0159\u00e1dan\u00fdch do kruhu zaji\u0161\u0165uje \u00fapln\u00e9 pokryt\u00ed ultrazvukem, zat\u00edmco m\u011bn\u00edc\u00ed se frekvence zabra\u0148uj\u00ed tomu, aby si zv\u00ed\u0159ata na zvuky zvykla. Dva provozn\u00ed re\u017eimy &quot;Vozidlo&quot; a &quot;Podkrov\u00ed&quot; lze snadno ovl\u00e1dat d\u00e1lkov\u00fdm ovlada\u010dem. Na st\u0159e\u0161e vozidla chr\u00e1n\u00ed za\u0159\u00edzen\u00ed pomoc\u00ed ultrazvuku, v\u010detn\u011b patentovan\u00e9 ochrany proti kr\u00e1de\u017ei, na povrchu nebo v budov\u00e1ch pomoc\u00ed ultrazvuku a blikaj\u00edc\u00edho sv\u011btla.   Spolehliv\u011b chr\u00e1n\u00ed karoserii, povrchy a budovy p\u0159ed po\u0161kozen\u00edm kunami. Balen\u00ed: skl\u00e1dac\u00ed krabice\" \/>\n<meta property=\"og:url\" content=\"https:\/\/www.marderabwehr.de\/cs\/produkt\/odpuzovani-ultrazvukem\/rooftop-ultrazvukovy-odpuzovac-kun\/\" \/>\n<meta property=\"og:site_name\" content=\"STOP&amp;GO Marderabwehr\" \/>\n<meta property=\"article:publisher\" content=\"https:\/\/www.facebook.com\/stopundgo\/?locale=de_DE\" \/>\n<meta property=\"article:modified_time\" content=\"2025-09-11T08:34:52+00:00\" \/>\n<meta property=\"og:image\" content=\"https:\/\/www.marderabwehr.de\/wp-content\/uploads\/2025\/08\/rooftop_freigestellt-2.png\" \/>\n\t<meta property=\"og:image:width\" content=\"600\" \/>\n\t<meta property=\"og:image:height\" content=\"450\" \/>\n\t<meta property=\"og:image:type\" content=\"image\/png\" \/>\n<meta name=\"twitter:card\" content=\"summary_large_image\" \/>\n<script type=\"application\/ld+json\" class=\"yoast-schema-graph\">{\"@context\":\"https:\/\/schema.org\",\"@graph\":[{\"@type\":\"WebPage\",\"@id\":\"https:\/\/www.marderabwehr.de\/cs\/produkt\/odpuzovani-ultrazvukem\/rooftop-ultrazvukovy-odpuzovac-kun\/\",\"url\":\"https:\/\/www.marderabwehr.de\/cs\/produkt\/odpuzovani-ultrazvukem\/rooftop-ultrazvukovy-odpuzovac-kun\/\",\"name\":\"ROOFTOP ultrazvukov\u00fd odpuzova\u010d kun | STOP&amp;GO Marderabwehr\",\"isPartOf\":{\"@id\":\"https:\/\/www.marderabwehr.de\/#website\"},\"primaryImageOfPage\":{\"@id\":\"https:\/\/www.marderabwehr.de\/cs\/produkt\/odpuzovani-ultrazvukem\/rooftop-ultrazvukovy-odpuzovac-kun\/#primaryimage\"},\"image\":{\"@id\":\"https:\/\/www.marderabwehr.de\/cs\/produkt\/odpuzovani-ultrazvukem\/rooftop-ultrazvukovy-odpuzovac-kun\/#primaryimage\"},\"thumbnailUrl\":\"https:\/\/www.marderabwehr.de\/wp-content\/uploads\/2025\/06\/rooftop.jpg\",\"datePublished\":\"2025-06-13T07:38:47+00:00\",\"dateModified\":\"2025-09-11T08:34:52+00:00\",\"breadcrumb\":{\"@id\":\"https:\/\/www.marderabwehr.de\/cs\/produkt\/odpuzovani-ultrazvukem\/rooftop-ultrazvukovy-odpuzovac-kun\/#breadcrumb\"},\"inLanguage\":\"cs\",\"potentialAction\":[{\"@type\":\"ReadAction\",\"target\":[\"https:\/\/www.marderabwehr.de\/cs\/produkt\/odpuzovani-ultrazvukem\/rooftop-ultrazvukovy-odpuzovac-kun\/\"]}]},{\"@type\":\"ImageObject\",\"inLanguage\":\"cs\",\"@id\":\"https:\/\/www.marderabwehr.de\/cs\/produkt\/odpuzovani-ultrazvukem\/rooftop-ultrazvukovy-odpuzovac-kun\/#primaryimage\",\"url\":\"https:\/\/www.marderabwehr.de\/wp-content\/uploads\/2025\/06\/rooftop.jpg\",\"contentUrl\":\"https:\/\/www.marderabwehr.de\/wp-content\/uploads\/2025\/06\/rooftop.jpg\",\"width\":768,\"height\":601},{\"@type\":\"BreadcrumbList\",\"@id\":\"https:\/\/www.marderabwehr.de\/cs\/produkt\/odpuzovani-ultrazvukem\/rooftop-ultrazvukovy-odpuzovac-kun\/#breadcrumb\",\"itemListElement\":[{\"@type\":\"ListItem\",\"position\":1,\"name\":\"Startseite\",\"item\":\"https:\/\/www.marderabwehr.de\/cs\/\"},{\"@type\":\"ListItem\",\"position\":2,\"name\":\"Produkte\",\"item\":\"https:\/\/www.marderabwehr.de\/shop\/\"},{\"@type\":\"ListItem\",\"position\":3,\"name\":\"ROOFTOP ultrazvukov\u00fd odpuzova\u010d kun\"}]},{\"@type\":\"WebSite\",\"@id\":\"https:\/\/www.marderabwehr.de\/#website\",\"url\":\"https:\/\/www.marderabwehr.de\/\",\"name\":\"STOP&GO Marderabwehr\",\"description\":\"Online-Shop f\u00fcr Marderschutz\",\"publisher\":{\"@id\":\"https:\/\/www.marderabwehr.de\/#organization\"},\"potentialAction\":[{\"@type\":\"SearchAction\",\"target\":{\"@type\":\"EntryPoint\",\"urlTemplate\":\"https:\/\/www.marderabwehr.de\/?s={search_term_string}\"},\"query-input\":{\"@type\":\"PropertyValueSpecification\",\"valueRequired\":true,\"valueName\":\"search_term_string\"}}],\"inLanguage\":\"cs\"},{\"@type\":\"Organization\",\"@id\":\"https:\/\/www.marderabwehr.de\/#organization\",\"name\":\"STOP&GO Marderabwehr\",\"url\":\"https:\/\/www.marderabwehr.de\/\",\"logo\":{\"@type\":\"ImageObject\",\"inLanguage\":\"cs\",\"@id\":\"https:\/\/www.marderabwehr.de\/#\/schema\/logo\/image\/\",\"url\":\"https:\/\/www.marderabwehr.de\/wp-content\/uploads\/2024\/04\/Logo_500x500.png\",\"contentUrl\":\"https:\/\/www.marderabwehr.de\/wp-content\/uploads\/2024\/04\/Logo_500x500.png\",\"width\":500,\"height\":500,\"caption\":\"STOP&GO Marderabwehr\"},\"image\":{\"@id\":\"https:\/\/www.marderabwehr.de\/#\/schema\/logo\/image\/\"},\"sameAs\":[\"https:\/\/www.facebook.com\/stopundgo\/?locale=de_DE\",\"https:\/\/www.instagram.com\/marderstopgo\/\"]}]}<\/script>\n<!-- \/ Yoast SEO plugin. -->","yoast_head_json":{"title":"ROOFTOP ultrazvukov\u00fd odpuzova\u010d kun | STOP&amp;GO Marderabwehr","robots":{"index":"index","follow":"follow","max-snippet":"max-snippet:-1","max-image-preview":"max-image-preview:large","max-video-preview":"max-video-preview:-1"},"canonical":"https:\/\/www.marderabwehr.de\/cs\/produkt\/odpuzovani-ultrazvukem\/rooftop-ultrazvukovy-odpuzovac-kun\/","og_locale":"cs_CZ","og_type":"article","og_title":"ROOFTOP ultrazvukov\u00fd odpuzova\u010d kun | STOP&amp;GO Marderabwehr","og_description":"Provoz na baterie - D\u00e1lkov\u00e9 ovl\u00e1d\u00e1n\u00ed - 360\u00b0 v\u0161estrann\u00e1 ochrana Maxim\u00e1ln\u00ed flexibilita bez pevn\u00e9 instalace! Bateriov\u00fd ultrazvukov\u00fd odpuzova\u010d kun ROOFTOP je okam\u017eit\u011b p\u0159ipraven k pou\u017eit\u00ed a spolehliv\u011b odpuzuje kuny.  P\u011bt reproduktor\u016f uspo\u0159\u00e1dan\u00fdch do kruhu zaji\u0161\u0165uje \u00fapln\u00e9 pokryt\u00ed ultrazvukem, zat\u00edmco m\u011bn\u00edc\u00ed se frekvence zabra\u0148uj\u00ed tomu, aby si zv\u00ed\u0159ata na zvuky zvykla. Dva provozn\u00ed re\u017eimy \"Vozidlo\" a \"Podkrov\u00ed\" lze snadno ovl\u00e1dat d\u00e1lkov\u00fdm ovlada\u010dem. Na st\u0159e\u0161e vozidla chr\u00e1n\u00ed za\u0159\u00edzen\u00ed pomoc\u00ed ultrazvuku, v\u010detn\u011b patentovan\u00e9 ochrany proti kr\u00e1de\u017ei, na povrchu nebo v budov\u00e1ch pomoc\u00ed ultrazvuku a blikaj\u00edc\u00edho sv\u011btla.   Spolehliv\u011b chr\u00e1n\u00ed karoserii, povrchy a budovy p\u0159ed po\u0161kozen\u00edm kunami. Balen\u00ed: skl\u00e1dac\u00ed krabice","og_url":"https:\/\/www.marderabwehr.de\/cs\/produkt\/odpuzovani-ultrazvukem\/rooftop-ultrazvukovy-odpuzovac-kun\/","og_site_name":"STOP&amp;GO Marderabwehr","article_publisher":"https:\/\/www.facebook.com\/stopundgo\/?locale=de_DE","article_modified_time":"2025-09-11T08:34:52+00:00","og_image":[{"width":600,"height":450,"url":"https:\/\/www.marderabwehr.de\/wp-content\/uploads\/2025\/08\/rooftop_freigestellt-2.png","type":"image\/png"}],"twitter_card":"summary_large_image","schema":{"@context":"https:\/\/schema.org","@graph":[{"@type":"WebPage","@id":"https:\/\/www.marderabwehr.de\/cs\/produkt\/odpuzovani-ultrazvukem\/rooftop-ultrazvukovy-odpuzovac-kun\/","url":"https:\/\/www.marderabwehr.de\/cs\/produkt\/odpuzovani-ultrazvukem\/rooftop-ultrazvukovy-odpuzovac-kun\/","name":"ROOFTOP ultrazvukov\u00fd odpuzova\u010d kun | STOP&amp;GO Marderabwehr","isPartOf":{"@id":"https:\/\/www.marderabwehr.de\/#website"},"primaryImageOfPage":{"@id":"https:\/\/www.marderabwehr.de\/cs\/produkt\/odpuzovani-ultrazvukem\/rooftop-ultrazvukovy-odpuzovac-kun\/#primaryimage"},"image":{"@id":"https:\/\/www.marderabwehr.de\/cs\/produkt\/odpuzovani-ultrazvukem\/rooftop-ultrazvukovy-odpuzovac-kun\/#primaryimage"},"thumbnailUrl":"https:\/\/www.marderabwehr.de\/wp-content\/uploads\/2025\/06\/rooftop.jpg","datePublished":"2025-06-13T07:38:47+00:00","dateModified":"2025-09-11T08:34:52+00:00","breadcrumb":{"@id":"https:\/\/www.marderabwehr.de\/cs\/produkt\/odpuzovani-ultrazvukem\/rooftop-ultrazvukovy-odpuzovac-kun\/#breadcrumb"},"inLanguage":"cs","potentialAction":[{"@type":"ReadAction","target":["https:\/\/www.marderabwehr.de\/cs\/produkt\/odpuzovani-ultrazvukem\/rooftop-ultrazvukovy-odpuzovac-kun\/"]}]},{"@type":"ImageObject","inLanguage":"cs","@id":"https:\/\/www.marderabwehr.de\/cs\/produkt\/odpuzovani-ultrazvukem\/rooftop-ultrazvukovy-odpuzovac-kun\/#primaryimage","url":"https:\/\/www.marderabwehr.de\/wp-content\/uploads\/2025\/06\/rooftop.jpg","contentUrl":"https:\/\/www.marderabwehr.de\/wp-content\/uploads\/2025\/06\/rooftop.jpg","width":768,"height":601},{"@type":"BreadcrumbList","@id":"https:\/\/www.marderabwehr.de\/cs\/produkt\/odpuzovani-ultrazvukem\/rooftop-ultrazvukovy-odpuzovac-kun\/#breadcrumb","itemListElement":[{"@type":"ListItem","position":1,"name":"Startseite","item":"https:\/\/www.marderabwehr.de\/cs\/"},{"@type":"ListItem","position":2,"name":"Produkte","item":"https:\/\/www.marderabwehr.de\/shop\/"},{"@type":"ListItem","position":3,"name":"ROOFTOP ultrazvukov\u00fd odpuzova\u010d kun"}]},{"@type":"WebSite","@id":"https:\/\/www.marderabwehr.de\/#website","url":"https:\/\/www.marderabwehr.de\/","name":"STOP&GO Marderabwehr","description":"Online-Shop f\u00fcr Marderschutz","publisher":{"@id":"https:\/\/www.marderabwehr.de\/#organization"},"potentialAction":[{"@type":"SearchAction","target":{"@type":"EntryPoint","urlTemplate":"https:\/\/www.marderabwehr.de\/?s={search_term_string}"},"query-input":{"@type":"PropertyValueSpecification","valueRequired":true,"valueName":"search_term_string"}}],"inLanguage":"cs"},{"@type":"Organization","@id":"https:\/\/www.marderabwehr.de\/#organization","name":"STOP&GO Marderabwehr","url":"https:\/\/www.marderabwehr.de\/","logo":{"@type":"ImageObject","inLanguage":"cs","@id":"https:\/\/www.marderabwehr.de\/#\/schema\/logo\/image\/","url":"https:\/\/www.marderabwehr.de\/wp-content\/uploads\/2024\/04\/Logo_500x500.png","contentUrl":"https:\/\/www.marderabwehr.de\/wp-content\/uploads\/2024\/04\/Logo_500x500.png","width":500,"height":500,"caption":"STOP&GO Marderabwehr"},"image":{"@id":"https:\/\/www.marderabwehr.de\/#\/schema\/logo\/image\/"},"sameAs":["https:\/\/www.facebook.com\/stopundgo\/?locale=de_DE","https:\/\/www.instagram.com\/marderstopgo\/"]}]}},"_links":{"self":[{"href":"https:\/\/www.marderabwehr.de\/cs\/wp-json\/wp\/v2\/product\/67163","targetHints":{"allow":["GET"]}}],"collection":[{"href":"https:\/\/www.marderabwehr.de\/cs\/wp-json\/wp\/v2\/product"}],"about":[{"href":"https:\/\/www.marderabwehr.de\/cs\/wp-json\/wp\/v2\/types\/product"}],"replies":[{"embeddable":true,"href":"https:\/\/www.marderabwehr.de\/cs\/wp-json\/wp\/v2\/comments?post=67163"}],"wp:featuredmedia":[{"embeddable":true,"href":"https:\/\/www.marderabwehr.de\/cs\/wp-json\/wp\/v2\/media\/68075"}],"wp:attachment":[{"href":"https:\/\/www.marderabwehr.de\/cs\/wp-json\/wp\/v2\/media?parent=67163"}],"wp:term":[{"taxonomy":"product_brand","embeddable":true,"href":"https:\/\/www.marderabwehr.de\/cs\/wp-json\/wp\/v2\/product_brand?post=67163"},{"taxonomy":"product_cat","embeddable":true,"href":"https:\/\/www.marderabwehr.de\/cs\/wp-json\/wp\/v2\/product_cat?post=67163"},{"taxonomy":"product_tag","embeddable":true,"href":"https:\/\/www.marderabwehr.de\/cs\/wp-json\/wp\/v2\/product_tag?post=67163"}],"curies":[{"name":"wp","href":"https:\/\/api.w.org\/{rel}","templated":true}]}}