{"id":1808,"date":"2020-08-31T11:48:07","date_gmt":"2020-08-31T09:48:07","guid":{"rendered":"https:\/\/www.marderabwehr.de\/relaunch2020\/?page_id=1808"},"modified":"2025-01-10T11:29:05","modified_gmt":"2025-01-10T10:29:05","slug":"contact","status":"publish","type":"page","link":"https:\/\/www.marderabwehr.de\/fr\/contact\/","title":{"rendered":"Contact"},"content":{"rendered":"\n<div class=\"row row-collapse row-full-width\"  id=\"row-1561210902\">\n\n\n\t<div id=\"col-1353270669\" class=\"col small-12 large-12\"  >\n\t\t\t\t<div class=\"col-inner\"  >\n\t\t\t\n\t\t\t\n\n<div class=\"header--benefits\">\n<ul>\n<li><span>Recommand\u00e9 par les m\u00e9dias sp\u00e9cialis\u00e9s<\/span><\/li>\n<li><span>30 ans d\u2019exp\u00e9rience<\/span><\/li>\n<li><span>4 ans de garantie<\/span><\/li>\n<li><span>Achat direct aupr\u00e8s du fabricant<\/span><\/li>\n<\/ul>\n<\/div>\n\n\n\t\t<\/div>\n\t\t\t\t\t<\/div>\n\n\t\n\n  <div class=\"banner has-hover has-parallax\" id=\"banner-314186643\">\n          <div class=\"banner-inner fill\">\n        <div class=\"banner-bg fill\" data-parallax=\"-3\" data-parallax-container=\".banner\" data-parallax-background>\n            <img loading=\"lazy\" decoding=\"async\" width=\"1920\" height=\"640\" src=\"https:\/\/www.marderabwehr.de\/wp-content\/uploads\/2020\/08\/unternehmen-bg.jpg\" class=\"bg attachment-original size-original\" alt=\"\" \/>                        <div class=\"overlay\"><\/div>            \n                    <\/div>\n\t\t\n        <div class=\"banner-layers container\">\n            <div class=\"fill banner-link\"><\/div>            \n\n   <div id=\"text-box-523492775\" class=\"text-box banner-layer x50 md-x50 lg-x50 y30 md-y30 lg-y30 res-text\">\n                                <div class=\"text-box-content text dark\">\n              \n              <div class=\"text-inner text-center\">\n                  \n\n<h1 class=\"lead uppercase\">Contact<\/h1>\n\t<div id=\"gap-544939605\" class=\"gap-element clearfix\" style=\"display:block; height:auto;\">\n\t\t\n<style>\n#gap-544939605 {\n  padding-top: 10px;\n}\n<\/style>\n\t<\/div>\n\t\n\n<h3>Pour nous contacter<\/h3>\n\n              <\/div>\n           <\/div>\n                            \n<style>\n#text-box-523492775 {\n  width: 80%;\n}\n#text-box-523492775 .text-box-content {\n  font-size: 100%;\n}\n<\/style>\n    <\/div>\n \n\n        <\/div>\n      <\/div>\n\n            \n<style>\n#banner-314186643 {\n  padding-top: 500px;\n}\n#banner-314186643 .overlay {\n  background-color: rgba(0, 0, 0, 0.49);\n}\n#banner-314186643 .banner-bg img {\n  object-position: 0% 100%;\n}\n<\/style>\n  <\/div>\n\n\n\n\n<style>\n#row-1561210902 > .col > .col-inner {\n  background-color: rgb(242, 243, 244);\n}\n<\/style>\n<\/div>\n<div class=\"row\"  id=\"row-521849659\">\n\n\n\t<div id=\"col-234974132\" class=\"col small-12 large-12\"  >\n\t\t\t\t<div class=\"col-inner\"  >\n\t\t\t\n\t\t\t\n\n\t<div id=\"gap-839712007\" class=\"gap-element clearfix\" style=\"display:block; height:auto;\">\n\t\t\n<style>\n#gap-839712007 {\n  padding-top: 30px;\n}\n<\/style>\n\t<\/div>\n\t\n\n\n\t\t<\/div>\n\t\t\t\t\t<\/div>\n\n\t\n\n\t<div id=\"col-1355242894\" class=\"col medium-9 small-12 large-9\"  >\n\t\t\t\t<div class=\"col-inner\"  >\n\t\t\t\n\t\t\t\n\n<h3 class=\"uppercase no-spacing\">Les moyens de nous contacter<\/h3>\n\n\t\t<\/div>\n\t\t\t\t\n<style>\n#col-1355242894 > .col-inner {\n  padding: 0px 0px 0px 0px;\n}\n<\/style>\n\t<\/div>\n\n\t\n\n\t<div id=\"col-348193415\" class=\"col medium-6 small-12 large-6\"  >\n\t\t\t\t<div class=\"col-inner\"  >\n\t\t\t\n\t\t\t\n\n<h5>ADRESSE&nbsp;:<\/h5>\n<p>Norbert Schaub GmbH<br \/>\nRobert-Koch-Str. 20<br \/>\n79395 Neuenburg am Rhein<br \/>\nALLEMAGNE<\/p>\n<h5>E-MAIL&nbsp;:<\/h5>\n<p>info(at)stop-go.de<\/p>\n<h5>SITE INTERNET&nbsp;:<\/h5>\n<p>www.stop-go.de<\/p>\n\n\t\t<\/div>\n\t\t\t\t\n<style>\n#col-348193415 > .col-inner {\n  padding: 0px 0px 0px 0px;\n}\n<\/style>\n\t<\/div>\n\n\t\n\n\t<div id=\"col-1045913091\" class=\"col medium-6 small-12 large-6\"  >\n\t\t\t\t<div class=\"col-inner\"  >\n\t\t\t\n\t\t\t\n\n<h5>T\u00c9L\u00c9PHONE&nbsp;:<\/h5>\n<p>T\u00e9l. +49 (0) 7631 9727-0<br \/>Fax +49 (0) 7631 9727-27<\/p>\n<h5>PERMANENCES&nbsp;:<\/h5>\n<p>Du lundi au jeudi&nbsp;: 8&nbsp;h-12&nbsp;h et 13&nbsp;h-17&nbsp;h<br \/>Vendredi&nbsp;: 8&nbsp;h-12&nbsp;h et 13&nbsp;h-15&nbsp;h<\/p>\n<h5>Information sur le traitement des demandes de garantie&nbsp;:<\/h5>\n<p><a href=\"https:\/\/www.marderabwehr.de\/wp-content\/uploads\/2021\/05\/Kunden-Anschreiben-Gewa\u0308hrleistung-ab-2018.pdf\" target=\"_blank\" rel=\"noopener noreferrer\">Lettre \u00e0 la client\u00e8le concernant la garantie \u00e0 partir de 2018<\/a><\/p>\n\n\t\t<\/div>\n\t\t\t\t\n<style>\n#col-1045913091 > .col-inner {\n  padding: 0px 0px 0px 0px;\n}\n<\/style>\n\t<\/div>\n\n\t\n\n<\/div>\n<div class=\"row contact-form-inner\"  id=\"row-423859047\">\n\n\n\t<div id=\"col-544885293\" class=\"col small-12 large-12\"  >\n\t\t\t\t<div class=\"col-inner dark\" style=\"background-color:#8b0259;\" >\n\t\t\t\n\t\t\t\n\n<h3>NOUS ENVOYER UN E-MAIL<\/h3>\n<p>Vous pouvez nous contacter directement par e-mail&nbsp;!<\/p>\n\n<div class=\"wpcf7 no-js\" id=\"wpcf7-f4480-o1\" lang=\"fr-FR\" dir=\"ltr\" data-wpcf7-id=\"4480\">\n<div class=\"screen-reader-response\"><p role=\"status\" aria-live=\"polite\" aria-atomic=\"true\"><\/p> <ul><\/ul><\/div>\n<form action=\"\/fr\/wp-json\/wp\/v2\/pages\/1808#wpcf7-f4480-o1\" method=\"post\" class=\"wpcf7-form init\" aria-label=\"Formulaire de contact\" novalidate=\"novalidate\" data-status=\"init\">\n<fieldset class=\"hidden-fields-container\"><input type=\"hidden\" name=\"_wpcf7\" value=\"4480\" \/><input type=\"hidden\" name=\"_wpcf7_version\" value=\"6.1.5\" \/><input type=\"hidden\" name=\"_wpcf7_locale\" value=\"fr_FR\" \/><input type=\"hidden\" name=\"_wpcf7_unit_tag\" value=\"wpcf7-f4480-o1\" \/><input type=\"hidden\" name=\"_wpcf7_container_post\" value=\"0\" \/><input type=\"hidden\" name=\"_wpcf7_posted_data_hash\" value=\"\" \/><input type=\"hidden\" name=\"_wpcf7_recaptcha_response\" value=\"\" \/>\n<\/fieldset>\n<p class=\"anrede\">Salutation\n<\/p>\n<p><span class=\"wpcf7-form-control-wrap\" data-name=\"Salutation\"><select class=\"wpcf7-form-control wpcf7-select\" aria-invalid=\"false\" name=\"Salutation\"><option value=\"\"><\/option><option value=\"Frau\">Frau<\/option><option value=\"Herr\">Herr<\/option><\/select><\/span>\n<\/p>\n<p>Votre nom\n<\/p>\n<p><span class=\"wpcf7-form-control-wrap\" data-name=\"your-name\"><input size=\"40\" maxlength=\"400\" class=\"wpcf7-form-control wpcf7-text\" aria-invalid=\"false\" value=\"\" type=\"text\" name=\"your-name\" \/><\/span>\n<\/p>\n<p>Adresse e-mail*\n<\/p>\n<p><span class=\"wpcf7-form-control-wrap\" data-name=\"your-email\"><input size=\"40\" maxlength=\"400\" class=\"wpcf7-form-control wpcf7-email wpcf7-validates-as-required wpcf7-text wpcf7-validates-as-email\" aria-required=\"true\" aria-invalid=\"false\" value=\"\" type=\"email\" name=\"your-email\" \/><\/span>\n<\/p>\n<p>Sujet\n<\/p>\n<p><span class=\"wpcf7-form-control-wrap\" data-name=\"your-subject\"><input size=\"40\" maxlength=\"400\" class=\"wpcf7-form-control wpcf7-text\" aria-invalid=\"false\" value=\"\" type=\"text\" name=\"your-subject\" \/><\/span>\n<\/p>\n<p>Votre message\n<\/p>\n<p><span class=\"wpcf7-form-control-wrap\" data-name=\"your-message\"><textarea cols=\"40\" rows=\"10\" maxlength=\"2000\" class=\"wpcf7-form-control wpcf7-textarea wpcf7-validates-as-required\" aria-required=\"true\" aria-invalid=\"false\" name=\"your-message\"><\/textarea><\/span>\n<\/p>\n<p><input class=\"wpcf7-form-control wpcf7-submit has-spinner\" type=\"submit\" value=\"Envoyer\" \/>\n<\/p><div class=\"wpcf7-response-output\" aria-hidden=\"true\"><\/div>\n<\/form>\n<\/div>\n\n\n\n\t\t<\/div>\n\t\t\t\t\n<style>\n#col-544885293 > .col-inner {\n  padding: 0px 0px 0px 0px;\n}\n<\/style>\n\t<\/div>\n\n\t\n\n\n<style>\n#row-423859047 > .col > .col-inner {\n  background-color: #8b0259;\n}\n<\/style>\n<\/div>\n<div class=\"row\"  id=\"row-1055220552\">\n\n\n\t<div id=\"col-1321979147\" class=\"col small-12 large-12\"  >\n\t\t\t\t<div class=\"col-inner\"  >\n\t\t\t\n\t\t\t\n\n\t<div id=\"gap-498137188\" class=\"gap-element clearfix\" style=\"display:block; height:auto;\">\n\t\t\n<style>\n#gap-498137188 {\n  padding-top: 30px;\n}\n<\/style>\n\t<\/div>\n\t\n\n\n\t\t<\/div>\n\t\t\t\t\t<\/div>\n\n\t\n\n<\/div>\n\n\t<section class=\"section\" id=\"section_1924550261\">\n\t\t<div class=\"section-bg fill\" >\n\t\t\t\t\t\t\t\t\t\n\t\t\t\n\n\t\t<\/div>\n\n\t\t\n\n\t\t<div class=\"section-content relative\">\n\t\t\t\n\n<div class=\"responsiveContainer\">\n<iframe src=\"https:\/\/www.google.com\/maps\/embed?pb=!1m18!1m12!1m3!1d10718.741555531931!2d7.560602214062745!3d47.80693411056322!2m3!1f0!2f0!3f0!3m2!1i1024!2i768!4f13.1!3m3!1m2!1s0x4791a0f1dbaa9d2f%3A0xbca9a1c4605876e0!2sNorbert+Schaub+GmbH!5e0!3m2!1sde!2sde!4v1468250586226\" style=\"border:0\" allowfullscreen=\"\" width=\"600\" height=\"700\" frameborder=\"0\"><\/iframe>\n<\/div>\n\n\t\t<\/div>\n\n\t\t\n<style>\n#section_1924550261 {\n  padding-top: 30px;\n  padding-bottom: 30px;\n}\n<\/style>\n\t<\/section>\n\t\n\n","protected":false},"excerpt":{"rendered":"","protected":false},"author":2,"featured_media":0,"parent":0,"menu_order":5,"comment_status":"closed","ping_status":"closed","template":"page-blank.php","meta":{"footnotes":""},"class_list":["post-1808","page","type-page","status-publish","hentry"],"yoast_head":"<!-- This site is optimized with the Yoast SEO plugin v27.1.1 - https:\/\/yoast.com\/product\/yoast-seo-wordpress\/ -->\n<title>Contact \u00bb T\u00e9l\u00e9phone, e-mail \u2013 nous contacter | STOP&amp;GO<\/title>\n<meta name=\"description\" content=\"Vous trouverez ici tous les moyens de nous joindre\u00a0: t\u00e9l\u00e9phone, e-mail, formulaire de contact ainsi que notre liste d\u2019interlocuteurs directs.\" \/>\n<meta name=\"robots\" content=\"index, follow, max-snippet:-1, max-image-preview:large, max-video-preview:-1\" \/>\n<link rel=\"canonical\" href=\"https:\/\/www.marderabwehr.de\/fr\/contact\/\" \/>\n<meta property=\"og:locale\" content=\"fr_FR\" \/>\n<meta property=\"og:type\" content=\"article\" \/>\n<meta property=\"og:title\" content=\"Contact \u00bb T\u00e9l\u00e9phone, e-mail \u2013 nous contacter | STOP&amp;GO\" \/>\n<meta property=\"og:description\" content=\"Vous trouverez ici tous les moyens de nous joindre\u00a0: t\u00e9l\u00e9phone, e-mail, formulaire de contact ainsi que notre liste d\u2019interlocuteurs directs.\" \/>\n<meta property=\"og:url\" content=\"https:\/\/www.marderabwehr.de\/fr\/contact\/\" \/>\n<meta property=\"og:site_name\" content=\"STOP&amp;GO Marderabwehr\" \/>\n<meta property=\"article:publisher\" content=\"https:\/\/www.facebook.com\/stopundgo\/?locale=de_DE\" \/>\n<meta property=\"article:modified_time\" content=\"2025-01-10T10:29:05+00:00\" \/>\n<meta property=\"og:image\" content=\"https:\/\/www.marderabwehr.de\/wp-content\/uploads\/2023\/08\/07520_Anti-Marderspray_rgb.jpg\" \/>\n\t<meta property=\"og:image:width\" content=\"1000\" \/>\n\t<meta property=\"og:image:height\" content=\"750\" \/>\n\t<meta property=\"og:image:type\" content=\"image\/jpeg\" \/>\n<meta name=\"twitter:card\" content=\"summary_large_image\" \/>\n<script type=\"application\/ld+json\" class=\"yoast-schema-graph\">{\"@context\":\"https:\/\/schema.org\",\"@graph\":[{\"@type\":\"WebPage\",\"@id\":\"https:\/\/www.marderabwehr.de\/fr\/contact\/\",\"url\":\"https:\/\/www.marderabwehr.de\/fr\/contact\/\",\"name\":\"Contact \u00bb T\u00e9l\u00e9phone, e-mail \u2013 nous contacter | STOP&GO\",\"isPartOf\":{\"@id\":\"https:\/\/www.marderabwehr.de\/#website\"},\"datePublished\":\"2020-08-31T09:48:07+00:00\",\"dateModified\":\"2025-01-10T10:29:05+00:00\",\"description\":\"Vous trouverez ici tous les moyens de nous joindre\u00a0: t\u00e9l\u00e9phone, e-mail, formulaire de contact ainsi que notre liste d\u2019interlocuteurs directs.\",\"breadcrumb\":{\"@id\":\"https:\/\/www.marderabwehr.de\/fr\/contact\/#breadcrumb\"},\"inLanguage\":\"fr-FR\",\"potentialAction\":[{\"@type\":\"ReadAction\",\"target\":[\"https:\/\/www.marderabwehr.de\/fr\/contact\/\"]}]},{\"@type\":\"BreadcrumbList\",\"@id\":\"https:\/\/www.marderabwehr.de\/fr\/contact\/#breadcrumb\",\"itemListElement\":[{\"@type\":\"ListItem\",\"position\":1,\"name\":\"Startseite\",\"item\":\"https:\/\/www.marderabwehr.de\/\"},{\"@type\":\"ListItem\",\"position\":2,\"name\":\"Contact\"}]},{\"@type\":\"WebSite\",\"@id\":\"https:\/\/www.marderabwehr.de\/#website\",\"url\":\"https:\/\/www.marderabwehr.de\/\",\"name\":\"STOP&GO Marderabwehr\",\"description\":\"Online-Shop f\u00fcr Marderschutz\",\"publisher\":{\"@id\":\"https:\/\/www.marderabwehr.de\/#organization\"},\"potentialAction\":[{\"@type\":\"SearchAction\",\"target\":{\"@type\":\"EntryPoint\",\"urlTemplate\":\"https:\/\/www.marderabwehr.de\/?s={search_term_string}\"},\"query-input\":{\"@type\":\"PropertyValueSpecification\",\"valueRequired\":true,\"valueName\":\"search_term_string\"}}],\"inLanguage\":\"fr-FR\"},{\"@type\":\"Organization\",\"@id\":\"https:\/\/www.marderabwehr.de\/#organization\",\"name\":\"STOP&GO Marderabwehr\",\"url\":\"https:\/\/www.marderabwehr.de\/\",\"logo\":{\"@type\":\"ImageObject\",\"inLanguage\":\"fr-FR\",\"@id\":\"https:\/\/www.marderabwehr.de\/#\/schema\/logo\/image\/\",\"url\":\"https:\/\/www.marderabwehr.de\/wp-content\/uploads\/2024\/04\/Logo_500x500.png\",\"contentUrl\":\"https:\/\/www.marderabwehr.de\/wp-content\/uploads\/2024\/04\/Logo_500x500.png\",\"width\":500,\"height\":500,\"caption\":\"STOP&GO Marderabwehr\"},\"image\":{\"@id\":\"https:\/\/www.marderabwehr.de\/#\/schema\/logo\/image\/\"},\"sameAs\":[\"https:\/\/www.facebook.com\/stopundgo\/?locale=de_DE\",\"https:\/\/www.instagram.com\/marderstopgo\/\"]}]}<\/script>\n<!-- \/ Yoast SEO plugin. -->","yoast_head_json":{"title":"Contact \u00bb T\u00e9l\u00e9phone, e-mail \u2013 nous contacter | STOP&GO","description":"Vous trouverez ici tous les moyens de nous joindre\u00a0: t\u00e9l\u00e9phone, e-mail, formulaire de contact ainsi que notre liste d\u2019interlocuteurs directs.","robots":{"index":"index","follow":"follow","max-snippet":"max-snippet:-1","max-image-preview":"max-image-preview:large","max-video-preview":"max-video-preview:-1"},"canonical":"https:\/\/www.marderabwehr.de\/fr\/contact\/","og_locale":"fr_FR","og_type":"article","og_title":"Contact \u00bb T\u00e9l\u00e9phone, e-mail \u2013 nous contacter | STOP&GO","og_description":"Vous trouverez ici tous les moyens de nous joindre\u00a0: t\u00e9l\u00e9phone, e-mail, formulaire de contact ainsi que notre liste d\u2019interlocuteurs directs.","og_url":"https:\/\/www.marderabwehr.de\/fr\/contact\/","og_site_name":"STOP&amp;GO Marderabwehr","article_publisher":"https:\/\/www.facebook.com\/stopundgo\/?locale=de_DE","article_modified_time":"2025-01-10T10:29:05+00:00","og_image":[{"width":1000,"height":750,"url":"https:\/\/www.marderabwehr.de\/wp-content\/uploads\/2023\/08\/07520_Anti-Marderspray_rgb.jpg","type":"image\/jpeg"}],"twitter_card":"summary_large_image","schema":{"@context":"https:\/\/schema.org","@graph":[{"@type":"WebPage","@id":"https:\/\/www.marderabwehr.de\/fr\/contact\/","url":"https:\/\/www.marderabwehr.de\/fr\/contact\/","name":"Contact \u00bb T\u00e9l\u00e9phone, e-mail \u2013 nous contacter | STOP&GO","isPartOf":{"@id":"https:\/\/www.marderabwehr.de\/#website"},"datePublished":"2020-08-31T09:48:07+00:00","dateModified":"2025-01-10T10:29:05+00:00","description":"Vous trouverez ici tous les moyens de nous joindre\u00a0: t\u00e9l\u00e9phone, e-mail, formulaire de contact ainsi que notre liste d\u2019interlocuteurs directs.","breadcrumb":{"@id":"https:\/\/www.marderabwehr.de\/fr\/contact\/#breadcrumb"},"inLanguage":"fr-FR","potentialAction":[{"@type":"ReadAction","target":["https:\/\/www.marderabwehr.de\/fr\/contact\/"]}]},{"@type":"BreadcrumbList","@id":"https:\/\/www.marderabwehr.de\/fr\/contact\/#breadcrumb","itemListElement":[{"@type":"ListItem","position":1,"name":"Startseite","item":"https:\/\/www.marderabwehr.de\/"},{"@type":"ListItem","position":2,"name":"Contact"}]},{"@type":"WebSite","@id":"https:\/\/www.marderabwehr.de\/#website","url":"https:\/\/www.marderabwehr.de\/","name":"STOP&GO Marderabwehr","description":"Online-Shop f\u00fcr Marderschutz","publisher":{"@id":"https:\/\/www.marderabwehr.de\/#organization"},"potentialAction":[{"@type":"SearchAction","target":{"@type":"EntryPoint","urlTemplate":"https:\/\/www.marderabwehr.de\/?s={search_term_string}"},"query-input":{"@type":"PropertyValueSpecification","valueRequired":true,"valueName":"search_term_string"}}],"inLanguage":"fr-FR"},{"@type":"Organization","@id":"https:\/\/www.marderabwehr.de\/#organization","name":"STOP&GO Marderabwehr","url":"https:\/\/www.marderabwehr.de\/","logo":{"@type":"ImageObject","inLanguage":"fr-FR","@id":"https:\/\/www.marderabwehr.de\/#\/schema\/logo\/image\/","url":"https:\/\/www.marderabwehr.de\/wp-content\/uploads\/2024\/04\/Logo_500x500.png","contentUrl":"https:\/\/www.marderabwehr.de\/wp-content\/uploads\/2024\/04\/Logo_500x500.png","width":500,"height":500,"caption":"STOP&GO Marderabwehr"},"image":{"@id":"https:\/\/www.marderabwehr.de\/#\/schema\/logo\/image\/"},"sameAs":["https:\/\/www.facebook.com\/stopundgo\/?locale=de_DE","https:\/\/www.instagram.com\/marderstopgo\/"]}]}},"_links":{"self":[{"href":"https:\/\/www.marderabwehr.de\/fr\/wp-json\/wp\/v2\/pages\/1808","targetHints":{"allow":["GET"]}}],"collection":[{"href":"https:\/\/www.marderabwehr.de\/fr\/wp-json\/wp\/v2\/pages"}],"about":[{"href":"https:\/\/www.marderabwehr.de\/fr\/wp-json\/wp\/v2\/types\/page"}],"author":[{"embeddable":true,"href":"https:\/\/www.marderabwehr.de\/fr\/wp-json\/wp\/v2\/users\/2"}],"replies":[{"embeddable":true,"href":"https:\/\/www.marderabwehr.de\/fr\/wp-json\/wp\/v2\/comments?post=1808"}],"version-history":[{"count":18,"href":"https:\/\/www.marderabwehr.de\/fr\/wp-json\/wp\/v2\/pages\/1808\/revisions"}],"predecessor-version":[{"id":64334,"href":"https:\/\/www.marderabwehr.de\/fr\/wp-json\/wp\/v2\/pages\/1808\/revisions\/64334"}],"wp:attachment":[{"href":"https:\/\/www.marderabwehr.de\/fr\/wp-json\/wp\/v2\/media?parent=1808"}],"curies":[{"name":"wp","href":"https:\/\/api.w.org\/{rel}","templated":true}]}}