{"id":1732,"date":"2020-08-05T15:18:21","date_gmt":"2020-08-05T13:18:21","guid":{"rendered":"https:\/\/www.marderabwehr.de\/relaunch2020\/shop\/non%20class\u00e9\/stopgo-gaine-de-protection-en-plastique-special-oe-85-mm-300-m\/"},"modified":"2025-10-04T17:25:08","modified_gmt":"2025-10-04T15:25:08","slug":"stopgo-gaine-de-protection-en-plastique-special-oe-85-mm-300-m","status":"publish","type":"product","link":"https:\/\/www.marderabwehr.de\/fr\/produkt\/protection-mecanique\/stopgo-gaine-de-protection-en-plastique-special-oe-85-mm-300-m\/","title":{"rendered":"STOP&#038;GO Gaine de protection en plastique sp\u00e9cial \u00d8\u00a08,5\u00a0mm, 3,00 m"},"content":{"rendered":"<h3>STOP&amp;GO Gaine de protection en plastique sp\u00e9cial \u00d8 8,5 mm, 3,00 m<\/h3>\n<p><strong>Emploi universel \u2013 protection m\u00e9canique contre les morsures <\/strong><\/p>\n<p>Gaine ondul\u00e9 en plastique sp\u00e9cial r\u00e9sistant aux morsures. Prot\u00e8ge des morsures de martres les c\u00e2bles d\u2019allumage et autres c\u00e2bles, les tuyaux de d\u00e9pression et autres flexibles. Fendu et en plusieurs dimensions. Pose facile, m\u00eame sans d\u00e9montage des c\u00e2bles (glisser simplement sur les c\u00e2bles).<\/p>\n<p>Nous recommandons vivement d\u2019utiliser le <a href=\"https:\/\/www.marderabwehr.de\/fr\/produkt\/traitement-prealable\/nettoyant-de-marques-olfactives\/\">nettoyant de marques olfactives STOP&amp;GO<\/a> avant toute mesure anti-martres.<\/p>\n<h5>Autres caract\u00e9ristiques\u00a0:<\/h5>\n<ul>\n<li>Efficacit\u00e9 100\u00a0%<\/li>\n<li>Plastique PA6 de qualit\u00e9 sup\u00e9rieure<\/li>\n<li>Plage de temp\u00e9ratures \u00e9lev\u00e9e<\/li>\n<li>Pose facile (gaine fendue)<\/li>\n<\/ul>\n","protected":false},"excerpt":{"rendered":"<p><strong>Emploi universel \u2013 protection m\u00e9canique contre les morsures <\/strong><\/p>\n<p>Gaine ondul\u00e9 en plastique sp\u00e9cial r\u00e9sistant aux morsures. Prot\u00e8ge des morsures de martres les c\u00e2bles d\u2019allumage et autres c\u00e2bles, les tuyaux de d\u00e9pression et autres flexibles. Fendu et en plusieurs dimensions. Pose facile, m\u00eame sans d\u00e9montage des c\u00e2bles (glisser simplement sur les c\u00e2bles).<\/p>\n<p>Conditionnement : sachet PE<\/p>\n","protected":false},"featured_media":668,"comment_status":"open","ping_status":"closed","template":"","meta":[],"product_brand":[],"product_cat":[161],"product_tag":[213,214,215,216,217,218],"class_list":{"0":"post-1732","1":"product","2":"type-product","3":"status-publish","4":"has-post-thumbnail","6":"product_cat-protection-mecanique","7":"product_tag-traitement-prealable","8":"product_tag-odeur","9":"product_tag-spray-fr","10":"product_tag-marque-olfactive","11":"product_tag-nettoyant","12":"product_tag-nettoyant-de-marques-olfactives","13":"product_shipping_class-petits-colis","15":"first","16":"instock","17":"taxable","18":"shipping-taxable","19":"purchasable","20":"product-type-simple"},"yoast_head":"<!-- This site is optimized with the Yoast SEO plugin v27.1.1 - https:\/\/yoast.com\/product\/yoast-seo-wordpress\/ -->\n<title>STOP&amp;GO Gaine de protection en plastique sp\u00e9cial \u00d8\u00a08,5\u00a0mm, 3,00 m | STOP&amp;GO Marderabwehr<\/title>\n<meta name=\"robots\" content=\"index, follow, max-snippet:-1, max-image-preview:large, max-video-preview:-1\" \/>\n<link rel=\"canonical\" href=\"https:\/\/www.marderabwehr.de\/fr\/produkt\/protection-mecanique\/stopgo-gaine-de-protection-en-plastique-special-oe-85-mm-300-m\/\" \/>\n<meta property=\"og:locale\" content=\"fr_FR\" \/>\n<meta property=\"og:type\" content=\"article\" \/>\n<meta property=\"og:title\" content=\"STOP&amp;GO Gaine de protection en plastique sp\u00e9cial \u00d8\u00a08,5\u00a0mm, 3,00 m | STOP&amp;GO Marderabwehr\" \/>\n<meta property=\"og:description\" content=\"Emploi universel \u2013 protection m\u00e9canique contre les morsures   Gaine ondul\u00e9 en plastique sp\u00e9cial r\u00e9sistant aux morsures. Prot\u00e8ge des morsures de martres les c\u00e2bles d\u2019allumage et autres c\u00e2bles, les tuyaux de d\u00e9pression et autres flexibles. Fendu et en plusieurs dimensions. Pose facile, m\u00eame sans d\u00e9montage des c\u00e2bles (glisser simplement sur les c\u00e2bles).  Conditionnement : sachet PE\" \/>\n<meta property=\"og:url\" content=\"https:\/\/www.marderabwehr.de\/fr\/produkt\/protection-mecanique\/stopgo-gaine-de-protection-en-plastique-special-oe-85-mm-300-m\/\" \/>\n<meta property=\"og:site_name\" content=\"STOP&amp;GO Marderabwehr\" \/>\n<meta property=\"article:publisher\" content=\"https:\/\/www.facebook.com\/stopundgo\/?locale=de_DE\" \/>\n<meta property=\"article:modified_time\" content=\"2025-10-04T15:25:08+00:00\" \/>\n<meta property=\"og:image\" content=\"https:\/\/www.marderabwehr.de\/wp-content\/uploads\/2020\/08\/StopGo-Marderabwehr-Kunststoff-Schutzschlauch.png\" \/>\n\t<meta property=\"og:image:width\" content=\"1000\" \/>\n\t<meta property=\"og:image:height\" content=\"800\" \/>\n\t<meta property=\"og:image:type\" content=\"image\/png\" \/>\n<meta name=\"twitter:card\" content=\"summary_large_image\" \/>\n<script type=\"application\/ld+json\" class=\"yoast-schema-graph\">{\"@context\":\"https:\/\/schema.org\",\"@graph\":[{\"@type\":\"WebPage\",\"@id\":\"https:\/\/www.marderabwehr.de\/fr\/produkt\/protection-mecanique\/stopgo-gaine-de-protection-en-plastique-special-oe-85-mm-300-m\/\",\"url\":\"https:\/\/www.marderabwehr.de\/fr\/produkt\/protection-mecanique\/stopgo-gaine-de-protection-en-plastique-special-oe-85-mm-300-m\/\",\"name\":\"STOP&GO Gaine de protection en plastique sp\u00e9cial \u00d8\u00a08,5\u00a0mm, 3,00 m | STOP&amp;GO Marderabwehr\",\"isPartOf\":{\"@id\":\"https:\/\/www.marderabwehr.de\/#website\"},\"primaryImageOfPage\":{\"@id\":\"https:\/\/www.marderabwehr.de\/fr\/produkt\/protection-mecanique\/stopgo-gaine-de-protection-en-plastique-special-oe-85-mm-300-m\/#primaryimage\"},\"image\":{\"@id\":\"https:\/\/www.marderabwehr.de\/fr\/produkt\/protection-mecanique\/stopgo-gaine-de-protection-en-plastique-special-oe-85-mm-300-m\/#primaryimage\"},\"thumbnailUrl\":\"https:\/\/www.marderabwehr.de\/wp-content\/uploads\/2020\/08\/StopGo-Marderabwehr-Kunststoff-Schutzschlauch.png\",\"datePublished\":\"2020-08-05T13:18:21+00:00\",\"dateModified\":\"2025-10-04T15:25:08+00:00\",\"breadcrumb\":{\"@id\":\"https:\/\/www.marderabwehr.de\/fr\/produkt\/protection-mecanique\/stopgo-gaine-de-protection-en-plastique-special-oe-85-mm-300-m\/#breadcrumb\"},\"inLanguage\":\"fr-FR\",\"potentialAction\":[{\"@type\":\"ReadAction\",\"target\":[\"https:\/\/www.marderabwehr.de\/fr\/produkt\/protection-mecanique\/stopgo-gaine-de-protection-en-plastique-special-oe-85-mm-300-m\/\"]}]},{\"@type\":\"ImageObject\",\"inLanguage\":\"fr-FR\",\"@id\":\"https:\/\/www.marderabwehr.de\/fr\/produkt\/protection-mecanique\/stopgo-gaine-de-protection-en-plastique-special-oe-85-mm-300-m\/#primaryimage\",\"url\":\"https:\/\/www.marderabwehr.de\/wp-content\/uploads\/2020\/08\/StopGo-Marderabwehr-Kunststoff-Schutzschlauch.png\",\"contentUrl\":\"https:\/\/www.marderabwehr.de\/wp-content\/uploads\/2020\/08\/StopGo-Marderabwehr-Kunststoff-Schutzschlauch.png\",\"width\":1000,\"height\":800},{\"@type\":\"BreadcrumbList\",\"@id\":\"https:\/\/www.marderabwehr.de\/fr\/produkt\/protection-mecanique\/stopgo-gaine-de-protection-en-plastique-special-oe-85-mm-300-m\/#breadcrumb\",\"itemListElement\":[{\"@type\":\"ListItem\",\"position\":1,\"name\":\"Startseite\",\"item\":\"https:\/\/www.marderabwehr.de\/\"},{\"@type\":\"ListItem\",\"position\":2,\"name\":\"Produkte\",\"item\":\"https:\/\/www.marderabwehr.de\/shop\/\"},{\"@type\":\"ListItem\",\"position\":3,\"name\":\"STOP&#038;GO Gaine de protection en plastique sp\u00e9cial \u00d8\u00a08,5\u00a0mm, 3,00 m\"}]},{\"@type\":\"WebSite\",\"@id\":\"https:\/\/www.marderabwehr.de\/#website\",\"url\":\"https:\/\/www.marderabwehr.de\/\",\"name\":\"STOP&GO Marderabwehr\",\"description\":\"Online-Shop f\u00fcr Marderschutz\",\"publisher\":{\"@id\":\"https:\/\/www.marderabwehr.de\/#organization\"},\"potentialAction\":[{\"@type\":\"SearchAction\",\"target\":{\"@type\":\"EntryPoint\",\"urlTemplate\":\"https:\/\/www.marderabwehr.de\/?s={search_term_string}\"},\"query-input\":{\"@type\":\"PropertyValueSpecification\",\"valueRequired\":true,\"valueName\":\"search_term_string\"}}],\"inLanguage\":\"fr-FR\"},{\"@type\":\"Organization\",\"@id\":\"https:\/\/www.marderabwehr.de\/#organization\",\"name\":\"STOP&GO Marderabwehr\",\"url\":\"https:\/\/www.marderabwehr.de\/\",\"logo\":{\"@type\":\"ImageObject\",\"inLanguage\":\"fr-FR\",\"@id\":\"https:\/\/www.marderabwehr.de\/#\/schema\/logo\/image\/\",\"url\":\"https:\/\/www.marderabwehr.de\/wp-content\/uploads\/2024\/04\/Logo_500x500.png\",\"contentUrl\":\"https:\/\/www.marderabwehr.de\/wp-content\/uploads\/2024\/04\/Logo_500x500.png\",\"width\":500,\"height\":500,\"caption\":\"STOP&GO Marderabwehr\"},\"image\":{\"@id\":\"https:\/\/www.marderabwehr.de\/#\/schema\/logo\/image\/\"},\"sameAs\":[\"https:\/\/www.facebook.com\/stopundgo\/?locale=de_DE\",\"https:\/\/www.instagram.com\/marderstopgo\/\"]}]}<\/script>\n<!-- \/ Yoast SEO plugin. -->","yoast_head_json":{"title":"STOP&GO Gaine de protection en plastique sp\u00e9cial \u00d8\u00a08,5\u00a0mm, 3,00 m | STOP&amp;GO Marderabwehr","robots":{"index":"index","follow":"follow","max-snippet":"max-snippet:-1","max-image-preview":"max-image-preview:large","max-video-preview":"max-video-preview:-1"},"canonical":"https:\/\/www.marderabwehr.de\/fr\/produkt\/protection-mecanique\/stopgo-gaine-de-protection-en-plastique-special-oe-85-mm-300-m\/","og_locale":"fr_FR","og_type":"article","og_title":"STOP&GO Gaine de protection en plastique sp\u00e9cial \u00d8\u00a08,5\u00a0mm, 3,00 m | STOP&amp;GO Marderabwehr","og_description":"Emploi universel \u2013 protection m\u00e9canique contre les morsures   Gaine ondul\u00e9 en plastique sp\u00e9cial r\u00e9sistant aux morsures. Prot\u00e8ge des morsures de martres les c\u00e2bles d\u2019allumage et autres c\u00e2bles, les tuyaux de d\u00e9pression et autres flexibles. Fendu et en plusieurs dimensions. Pose facile, m\u00eame sans d\u00e9montage des c\u00e2bles (glisser simplement sur les c\u00e2bles).  Conditionnement : sachet PE","og_url":"https:\/\/www.marderabwehr.de\/fr\/produkt\/protection-mecanique\/stopgo-gaine-de-protection-en-plastique-special-oe-85-mm-300-m\/","og_site_name":"STOP&amp;GO Marderabwehr","article_publisher":"https:\/\/www.facebook.com\/stopundgo\/?locale=de_DE","article_modified_time":"2025-10-04T15:25:08+00:00","og_image":[{"width":1000,"height":800,"url":"https:\/\/www.marderabwehr.de\/wp-content\/uploads\/2020\/08\/StopGo-Marderabwehr-Kunststoff-Schutzschlauch.png","type":"image\/png"}],"twitter_card":"summary_large_image","schema":{"@context":"https:\/\/schema.org","@graph":[{"@type":"WebPage","@id":"https:\/\/www.marderabwehr.de\/fr\/produkt\/protection-mecanique\/stopgo-gaine-de-protection-en-plastique-special-oe-85-mm-300-m\/","url":"https:\/\/www.marderabwehr.de\/fr\/produkt\/protection-mecanique\/stopgo-gaine-de-protection-en-plastique-special-oe-85-mm-300-m\/","name":"STOP&GO Gaine de protection en plastique sp\u00e9cial \u00d8\u00a08,5\u00a0mm, 3,00 m | STOP&amp;GO Marderabwehr","isPartOf":{"@id":"https:\/\/www.marderabwehr.de\/#website"},"primaryImageOfPage":{"@id":"https:\/\/www.marderabwehr.de\/fr\/produkt\/protection-mecanique\/stopgo-gaine-de-protection-en-plastique-special-oe-85-mm-300-m\/#primaryimage"},"image":{"@id":"https:\/\/www.marderabwehr.de\/fr\/produkt\/protection-mecanique\/stopgo-gaine-de-protection-en-plastique-special-oe-85-mm-300-m\/#primaryimage"},"thumbnailUrl":"https:\/\/www.marderabwehr.de\/wp-content\/uploads\/2020\/08\/StopGo-Marderabwehr-Kunststoff-Schutzschlauch.png","datePublished":"2020-08-05T13:18:21+00:00","dateModified":"2025-10-04T15:25:08+00:00","breadcrumb":{"@id":"https:\/\/www.marderabwehr.de\/fr\/produkt\/protection-mecanique\/stopgo-gaine-de-protection-en-plastique-special-oe-85-mm-300-m\/#breadcrumb"},"inLanguage":"fr-FR","potentialAction":[{"@type":"ReadAction","target":["https:\/\/www.marderabwehr.de\/fr\/produkt\/protection-mecanique\/stopgo-gaine-de-protection-en-plastique-special-oe-85-mm-300-m\/"]}]},{"@type":"ImageObject","inLanguage":"fr-FR","@id":"https:\/\/www.marderabwehr.de\/fr\/produkt\/protection-mecanique\/stopgo-gaine-de-protection-en-plastique-special-oe-85-mm-300-m\/#primaryimage","url":"https:\/\/www.marderabwehr.de\/wp-content\/uploads\/2020\/08\/StopGo-Marderabwehr-Kunststoff-Schutzschlauch.png","contentUrl":"https:\/\/www.marderabwehr.de\/wp-content\/uploads\/2020\/08\/StopGo-Marderabwehr-Kunststoff-Schutzschlauch.png","width":1000,"height":800},{"@type":"BreadcrumbList","@id":"https:\/\/www.marderabwehr.de\/fr\/produkt\/protection-mecanique\/stopgo-gaine-de-protection-en-plastique-special-oe-85-mm-300-m\/#breadcrumb","itemListElement":[{"@type":"ListItem","position":1,"name":"Startseite","item":"https:\/\/www.marderabwehr.de\/"},{"@type":"ListItem","position":2,"name":"Produkte","item":"https:\/\/www.marderabwehr.de\/shop\/"},{"@type":"ListItem","position":3,"name":"STOP&#038;GO Gaine de protection en plastique sp\u00e9cial \u00d8\u00a08,5\u00a0mm, 3,00 m"}]},{"@type":"WebSite","@id":"https:\/\/www.marderabwehr.de\/#website","url":"https:\/\/www.marderabwehr.de\/","name":"STOP&GO Marderabwehr","description":"Online-Shop f\u00fcr Marderschutz","publisher":{"@id":"https:\/\/www.marderabwehr.de\/#organization"},"potentialAction":[{"@type":"SearchAction","target":{"@type":"EntryPoint","urlTemplate":"https:\/\/www.marderabwehr.de\/?s={search_term_string}"},"query-input":{"@type":"PropertyValueSpecification","valueRequired":true,"valueName":"search_term_string"}}],"inLanguage":"fr-FR"},{"@type":"Organization","@id":"https:\/\/www.marderabwehr.de\/#organization","name":"STOP&GO Marderabwehr","url":"https:\/\/www.marderabwehr.de\/","logo":{"@type":"ImageObject","inLanguage":"fr-FR","@id":"https:\/\/www.marderabwehr.de\/#\/schema\/logo\/image\/","url":"https:\/\/www.marderabwehr.de\/wp-content\/uploads\/2024\/04\/Logo_500x500.png","contentUrl":"https:\/\/www.marderabwehr.de\/wp-content\/uploads\/2024\/04\/Logo_500x500.png","width":500,"height":500,"caption":"STOP&GO Marderabwehr"},"image":{"@id":"https:\/\/www.marderabwehr.de\/#\/schema\/logo\/image\/"},"sameAs":["https:\/\/www.facebook.com\/stopundgo\/?locale=de_DE","https:\/\/www.instagram.com\/marderstopgo\/"]}]}},"_links":{"self":[{"href":"https:\/\/www.marderabwehr.de\/fr\/wp-json\/wp\/v2\/product\/1732","targetHints":{"allow":["GET"]}}],"collection":[{"href":"https:\/\/www.marderabwehr.de\/fr\/wp-json\/wp\/v2\/product"}],"about":[{"href":"https:\/\/www.marderabwehr.de\/fr\/wp-json\/wp\/v2\/types\/product"}],"replies":[{"embeddable":true,"href":"https:\/\/www.marderabwehr.de\/fr\/wp-json\/wp\/v2\/comments?post=1732"}],"wp:featuredmedia":[{"embeddable":true,"href":"https:\/\/www.marderabwehr.de\/fr\/wp-json\/wp\/v2\/media\/668"}],"wp:attachment":[{"href":"https:\/\/www.marderabwehr.de\/fr\/wp-json\/wp\/v2\/media?parent=1732"}],"wp:term":[{"taxonomy":"product_brand","embeddable":true,"href":"https:\/\/www.marderabwehr.de\/fr\/wp-json\/wp\/v2\/product_brand?post=1732"},{"taxonomy":"product_cat","embeddable":true,"href":"https:\/\/www.marderabwehr.de\/fr\/wp-json\/wp\/v2\/product_cat?post=1732"},{"taxonomy":"product_tag","embeddable":true,"href":"https:\/\/www.marderabwehr.de\/fr\/wp-json\/wp\/v2\/product_tag?post=1732"}],"curies":[{"name":"wp","href":"https:\/\/api.w.org\/{rel}","templated":true}]}}