{"id":8061,"date":"2022-03-25T08:42:37","date_gmt":"2022-03-25T07:42:37","guid":{"rendered":"https:\/\/www.marderabwehr.de\/?post_type=product&#038;p=8061"},"modified":"2025-12-20T20:58:13","modified_gmt":"2025-12-20T19:58:13","slug":"stopgo-7-plus-minus-clip-appareil-a-haute-tension-avec-ultrasons","status":"publish","type":"product","link":"https:\/\/www.marderabwehr.de\/fr\/produkt\/repulsifs-a-haute-tension\/stopgo-7-plus-minus-clip-appareil-a-haute-tension-avec-ultrasons\/","title":{"rendered":"STOP&#038;GO 7 PLUS-MINUS CLIP Appareil \u00e0 haute tension avec ultrasons"},"content":{"rendered":"<h3>STOP&amp;GO 7 PLUS-MINUS CLIP Appareil \u00e0 haute tension avec ultrasons<\/h3>\n<p><strong>Contact \u00ab clip \u00bb \u2013 raccordement au circuit de bord \u2013 construction super plate Slimline<\/strong><\/p>\n<p>Effort minimal, souplesse maximale ! Un seul \u00ab clip \u00bb pour une protection maximale. Avec STOP&amp;GO, c&rsquo;est possible !<\/p>\n<p>Appareil combin\u00e9 \u00e0 haute tension avec ultrasons dot\u00e9 de six plaques de contact en acier inox PLUS-MINUS CLIP. La possibilit\u00e9 de fixation par \u00ab clip \u00bb des plaques de contact en acier inox \u00e0 deux p\u00f4les facilite l\u2019installation pour encore plus de souplesse, particuli\u00e8rement dans les compartiments moteurs toujours plus compacts.<\/p>\n<p>Il est donc possible de poser ult\u00e9rieurement des plaques de contact suppl\u00e9mentaires \u00e0 n\u2019importe quel endroit du c\u00e2ble \u00e0 haute tension par clipsage, de m\u00eame qu\u2019un prolongement \u00e0 l\u2019aide d\u2019une plaque de contact compl\u00e9mentaire sp\u00e9cialement con\u00e7ue pour les grands compartiments moteurs comme sur les SUV et les camping-cars. Le raccordement \u00e0 la borne 15 est remplac\u00e9 par une technologie \u00e0 capteurs. Gr\u00e2ce \u00e0 un m\u00e9canisme de commutation directement fix\u00e9 sur l\u2019appareil, le commutateur de contact de capot n\u2019est plus n\u00e9cessaire non plus.<\/p>\n<p>Nous recommandons vivement d\u2019utiliser le <a href=\"https:\/\/www.marderabwehr.de\/fr\/produkt\/traitement-prealable\/nettoyant-de-marques-olfactives\/\">nettoyant de marques olfactives STOP&amp;GO<\/a> avant toute mesure anti-martres.<\/p>\n<h5>Autres caract\u00e9ristiques\u00a0:<\/h5>\n<ul>\n<li>Raccordement 12 volts<\/li>\n<li>Technologie \u00e0 capteurs<\/li>\n<li>Consommation \u00e9lectrique : env. 0,2 mA<\/li>\n<li>6 plaques de contact en acier inox clipsables avec p\u00f4les positif et n\u00e9gatif<\/li>\n<li>2 haut-parleurs pi\u00e9zo\u00e9lectriques r\u00e9sistants \u00e0 l\u2019eau<\/li>\n<li>P\u00e9rim\u00e8tre de rayonnement : 360 \u00b0<\/li>\n<li>Angle de rayonnement : &gt; 170 \u00b0<\/li>\n<li>Pression acoustique : env. 110 dB<\/li>\n<li>Modulation de fr\u00e9quence anti-accoutumance<\/li>\n<li>T\u00e9moin lumineux de fonctionnement, DEL clignotante<\/li>\n<li>\u00c9tanche \u00e0 l\u2019eau selon la certification IP65<\/li>\n<li>Fonction anti-panique<\/li>\n<li>Compatible avec les bus de donn\u00e9es CAN<\/li>\n<li>Marquage E1 de l\u2019Office f\u00e9d\u00e9ral allemand pour la circulation des v\u00e9hicules \u00e0 moteur KBA<\/li>\n<\/ul>\n<h5>Caract\u00e9ristiques techniques\u00a0:<\/h5>\n<ul>\n<li>Tension de service\u00a0: 12 V<\/li>\n<li>Consommation \u00e9lectrique : env. 0,2 mA (m\u00eame apr\u00e8s un court-circuit)<\/li>\n<li>Protection contre l\u2019inversion des polarit\u00e9s\u00a0: oui<\/li>\n<li>Fusible dans le porte-fusible\u00a0: 0,5\u00a0A F<\/li>\n<li>Haute tension\u00a0: oui<\/li>\n<li>Tension de sortie\u00a0: env. 300\u00a0V<\/li>\n<li>Ultrasons\u00a0: oui<\/li>\n<li>Fr\u00e9quence des ultrasons\u00a0: 20\u201325\u00a0kHz, modulation de fr\u00e9quence<\/li>\n<li>P\u00e9rim\u00e8tre de rayonnement\u00a0: 360\u00b0<\/li>\n<li>Angle de diffusion\u00a0: &gt; 170\u00b0<\/li>\n<li>Pression acoustique\u00a0: env. 110\u00a0dB<\/li>\n<li>T\u00e9moin lumineux de fonctionnement : DEL rouge<\/li>\n<li>Protection contre l\u2019humidit\u00e9 : \u00e9tanche \u00e0 l\u2019eau selon la certification IP65<\/li>\n<\/ul>\n","protected":false},"excerpt":{"rendered":"<p><strong>Contact \u00ab clip \u00bb \u2013 raccordement au circuit de bord \u2013 construction super plate Slimline<\/strong><\/p>\n<p>Effort minimal, souplesse maximale ! Un seul \u00ab clip \u00bb pour une protection maximale. Avec STOP&amp;GO, c&rsquo;est possible !<\/p>\n<p>Appareil combin\u00e9 \u00e0 haute tension avec ultrasons dot\u00e9 de six plaques de contact en acier inox PLUS-MINUS CLIP. La possibilit\u00e9 de fixation par \u00ab clip \u00bb des plaques de contact en acier inox \u00e0 deux p\u00f4les facilite l\u2019installation pour encore plus de souplesse, particuli\u00e8rement dans les compartiments moteurs toujours plus compacts.<\/p>\n<p>Prot\u00e8ge votre compartiment moteur des martres, des rongeurs et des ratons laveurs.<\/p>\n<p>Conditionnement\u00a0: bo\u00eete pliante<\/p>\n","protected":false},"featured_media":56643,"comment_status":"open","ping_status":"closed","template":"","meta":[],"product_brand":[],"product_cat":[164],"product_tag":[223,224,225,226,227,228],"class_list":{"0":"post-8061","1":"product","2":"type-product","3":"status-publish","4":"has-post-thumbnail","6":"product_cat-repulsifs-a-haute-tension","7":"product_tag-appareil-a-haute-tension","8":"product_tag-tension","9":"product_tag-electricite","10":"product_tag-repulsif-a-haute-tension","11":"product_tag-repulsif-electrique","12":"product_tag-repulsif-sous-tension","13":"product_shipping_class-petits-colis","15":"first","16":"instock","17":"taxable","18":"shipping-taxable","19":"purchasable","20":"product-type-simple"},"yoast_head":"<!-- This site is optimized with the Yoast SEO plugin v27.1.1 - https:\/\/yoast.com\/product\/yoast-seo-wordpress\/ -->\n<title>STOP&amp;GO 7 PLUS-MINUS CLIP Appareil \u00e0 haute tension avec ultrasons | STOP&amp;GO Marderabwehr<\/title>\n<meta name=\"robots\" content=\"index, follow, max-snippet:-1, max-image-preview:large, max-video-preview:-1\" \/>\n<link rel=\"canonical\" href=\"https:\/\/www.marderabwehr.de\/fr\/produkt\/repulsifs-a-haute-tension\/stopgo-7-plus-minus-clip-appareil-a-haute-tension-avec-ultrasons\/\" \/>\n<meta property=\"og:locale\" content=\"fr_FR\" \/>\n<meta property=\"og:type\" content=\"article\" \/>\n<meta property=\"og:title\" content=\"STOP&amp;GO 7 PLUS-MINUS CLIP Appareil \u00e0 haute tension avec ultrasons | STOP&amp;GO Marderabwehr\" \/>\n<meta property=\"og:description\" content=\"Contact \u00ab clip \u00bb \u2013 raccordement au circuit de bord \u2013 construction super plate Slimline  Effort minimal, souplesse maximale ! Un seul \u00ab clip \u00bb pour une protection maximale. Avec STOP&amp;GO, c&#039;est possible !  Appareil combin\u00e9 \u00e0 haute tension avec ultrasons dot\u00e9 de six plaques de contact en acier inox PLUS-MINUS CLIP. La possibilit\u00e9 de fixation par \u00ab clip \u00bb des plaques de contact en acier inox \u00e0 deux p\u00f4les facilite l\u2019installation pour encore plus de souplesse, particuli\u00e8rement dans les compartiments moteurs toujours plus compacts.  Prot\u00e8ge votre compartiment moteur des martres, des rongeurs et des ratons laveurs.  Conditionnement\u00a0: bo\u00eete pliante\" \/>\n<meta property=\"og:url\" content=\"https:\/\/www.marderabwehr.de\/fr\/produkt\/repulsifs-a-haute-tension\/stopgo-7-plus-minus-clip-appareil-a-haute-tension-avec-ultrasons\/\" \/>\n<meta property=\"og:site_name\" content=\"STOP&amp;GO Marderabwehr\" \/>\n<meta property=\"article:publisher\" content=\"https:\/\/www.facebook.com\/stopundgo\/?locale=de_DE\" \/>\n<meta property=\"article:modified_time\" content=\"2025-12-20T19:58:13+00:00\" \/>\n<meta property=\"og:image\" content=\"https:\/\/www.marderabwehr.de\/wp-content\/uploads\/2024\/08\/07553_1000x800px_DE.png\" \/>\n\t<meta property=\"og:image:width\" content=\"1000\" \/>\n\t<meta property=\"og:image:height\" content=\"800\" \/>\n\t<meta property=\"og:image:type\" content=\"image\/png\" \/>\n<meta name=\"twitter:card\" content=\"summary_large_image\" \/>\n<script type=\"application\/ld+json\" class=\"yoast-schema-graph\">{\"@context\":\"https:\/\/schema.org\",\"@graph\":[{\"@type\":\"WebPage\",\"@id\":\"https:\/\/www.marderabwehr.de\/fr\/produkt\/repulsifs-a-haute-tension\/stopgo-7-plus-minus-clip-appareil-a-haute-tension-avec-ultrasons\/\",\"url\":\"https:\/\/www.marderabwehr.de\/fr\/produkt\/repulsifs-a-haute-tension\/stopgo-7-plus-minus-clip-appareil-a-haute-tension-avec-ultrasons\/\",\"name\":\"STOP&GO 7 PLUS-MINUS CLIP Appareil \u00e0 haute tension avec ultrasons | STOP&amp;GO Marderabwehr\",\"isPartOf\":{\"@id\":\"https:\/\/www.marderabwehr.de\/#website\"},\"primaryImageOfPage\":{\"@id\":\"https:\/\/www.marderabwehr.de\/fr\/produkt\/repulsifs-a-haute-tension\/stopgo-7-plus-minus-clip-appareil-a-haute-tension-avec-ultrasons\/#primaryimage\"},\"image\":{\"@id\":\"https:\/\/www.marderabwehr.de\/fr\/produkt\/repulsifs-a-haute-tension\/stopgo-7-plus-minus-clip-appareil-a-haute-tension-avec-ultrasons\/#primaryimage\"},\"thumbnailUrl\":\"https:\/\/www.marderabwehr.de\/wp-content\/uploads\/2024\/08\/07553_1000x800px_DE.png\",\"datePublished\":\"2022-03-25T07:42:37+00:00\",\"dateModified\":\"2025-12-20T19:58:13+00:00\",\"breadcrumb\":{\"@id\":\"https:\/\/www.marderabwehr.de\/fr\/produkt\/repulsifs-a-haute-tension\/stopgo-7-plus-minus-clip-appareil-a-haute-tension-avec-ultrasons\/#breadcrumb\"},\"inLanguage\":\"fr-FR\",\"potentialAction\":[{\"@type\":\"ReadAction\",\"target\":[\"https:\/\/www.marderabwehr.de\/fr\/produkt\/repulsifs-a-haute-tension\/stopgo-7-plus-minus-clip-appareil-a-haute-tension-avec-ultrasons\/\"]}]},{\"@type\":\"ImageObject\",\"inLanguage\":\"fr-FR\",\"@id\":\"https:\/\/www.marderabwehr.de\/fr\/produkt\/repulsifs-a-haute-tension\/stopgo-7-plus-minus-clip-appareil-a-haute-tension-avec-ultrasons\/#primaryimage\",\"url\":\"https:\/\/www.marderabwehr.de\/wp-content\/uploads\/2024\/08\/07553_1000x800px_DE.png\",\"contentUrl\":\"https:\/\/www.marderabwehr.de\/wp-content\/uploads\/2024\/08\/07553_1000x800px_DE.png\",\"width\":1000,\"height\":800},{\"@type\":\"BreadcrumbList\",\"@id\":\"https:\/\/www.marderabwehr.de\/fr\/produkt\/repulsifs-a-haute-tension\/stopgo-7-plus-minus-clip-appareil-a-haute-tension-avec-ultrasons\/#breadcrumb\",\"itemListElement\":[{\"@type\":\"ListItem\",\"position\":1,\"name\":\"Startseite\",\"item\":\"https:\/\/www.marderabwehr.de\/\"},{\"@type\":\"ListItem\",\"position\":2,\"name\":\"Produkte\",\"item\":\"https:\/\/www.marderabwehr.de\/shop\/\"},{\"@type\":\"ListItem\",\"position\":3,\"name\":\"STOP&#038;GO 7 PLUS-MINUS CLIP Appareil \u00e0 haute tension avec ultrasons\"}]},{\"@type\":\"WebSite\",\"@id\":\"https:\/\/www.marderabwehr.de\/#website\",\"url\":\"https:\/\/www.marderabwehr.de\/\",\"name\":\"STOP&GO Marderabwehr\",\"description\":\"Online-Shop f\u00fcr Marderschutz\",\"publisher\":{\"@id\":\"https:\/\/www.marderabwehr.de\/#organization\"},\"potentialAction\":[{\"@type\":\"SearchAction\",\"target\":{\"@type\":\"EntryPoint\",\"urlTemplate\":\"https:\/\/www.marderabwehr.de\/?s={search_term_string}\"},\"query-input\":{\"@type\":\"PropertyValueSpecification\",\"valueRequired\":true,\"valueName\":\"search_term_string\"}}],\"inLanguage\":\"fr-FR\"},{\"@type\":\"Organization\",\"@id\":\"https:\/\/www.marderabwehr.de\/#organization\",\"name\":\"STOP&GO Marderabwehr\",\"url\":\"https:\/\/www.marderabwehr.de\/\",\"logo\":{\"@type\":\"ImageObject\",\"inLanguage\":\"fr-FR\",\"@id\":\"https:\/\/www.marderabwehr.de\/#\/schema\/logo\/image\/\",\"url\":\"https:\/\/www.marderabwehr.de\/wp-content\/uploads\/2024\/04\/Logo_500x500.png\",\"contentUrl\":\"https:\/\/www.marderabwehr.de\/wp-content\/uploads\/2024\/04\/Logo_500x500.png\",\"width\":500,\"height\":500,\"caption\":\"STOP&GO Marderabwehr\"},\"image\":{\"@id\":\"https:\/\/www.marderabwehr.de\/#\/schema\/logo\/image\/\"},\"sameAs\":[\"https:\/\/www.facebook.com\/stopundgo\/?locale=de_DE\",\"https:\/\/www.instagram.com\/marderstopgo\/\"]}]}<\/script>\n<!-- \/ Yoast SEO plugin. -->","yoast_head_json":{"title":"STOP&GO 7 PLUS-MINUS CLIP Appareil \u00e0 haute tension avec ultrasons | STOP&amp;GO Marderabwehr","robots":{"index":"index","follow":"follow","max-snippet":"max-snippet:-1","max-image-preview":"max-image-preview:large","max-video-preview":"max-video-preview:-1"},"canonical":"https:\/\/www.marderabwehr.de\/fr\/produkt\/repulsifs-a-haute-tension\/stopgo-7-plus-minus-clip-appareil-a-haute-tension-avec-ultrasons\/","og_locale":"fr_FR","og_type":"article","og_title":"STOP&GO 7 PLUS-MINUS CLIP Appareil \u00e0 haute tension avec ultrasons | STOP&amp;GO Marderabwehr","og_description":"Contact \u00ab clip \u00bb \u2013 raccordement au circuit de bord \u2013 construction super plate Slimline  Effort minimal, souplesse maximale ! Un seul \u00ab clip \u00bb pour une protection maximale. Avec STOP&amp;GO, c'est possible !  Appareil combin\u00e9 \u00e0 haute tension avec ultrasons dot\u00e9 de six plaques de contact en acier inox PLUS-MINUS CLIP. La possibilit\u00e9 de fixation par \u00ab clip \u00bb des plaques de contact en acier inox \u00e0 deux p\u00f4les facilite l\u2019installation pour encore plus de souplesse, particuli\u00e8rement dans les compartiments moteurs toujours plus compacts.  Prot\u00e8ge votre compartiment moteur des martres, des rongeurs et des ratons laveurs.  Conditionnement\u00a0: bo\u00eete pliante","og_url":"https:\/\/www.marderabwehr.de\/fr\/produkt\/repulsifs-a-haute-tension\/stopgo-7-plus-minus-clip-appareil-a-haute-tension-avec-ultrasons\/","og_site_name":"STOP&amp;GO Marderabwehr","article_publisher":"https:\/\/www.facebook.com\/stopundgo\/?locale=de_DE","article_modified_time":"2025-12-20T19:58:13+00:00","og_image":[{"width":1000,"height":800,"url":"https:\/\/www.marderabwehr.de\/wp-content\/uploads\/2024\/08\/07553_1000x800px_DE.png","type":"image\/png"}],"twitter_card":"summary_large_image","schema":{"@context":"https:\/\/schema.org","@graph":[{"@type":"WebPage","@id":"https:\/\/www.marderabwehr.de\/fr\/produkt\/repulsifs-a-haute-tension\/stopgo-7-plus-minus-clip-appareil-a-haute-tension-avec-ultrasons\/","url":"https:\/\/www.marderabwehr.de\/fr\/produkt\/repulsifs-a-haute-tension\/stopgo-7-plus-minus-clip-appareil-a-haute-tension-avec-ultrasons\/","name":"STOP&GO 7 PLUS-MINUS CLIP Appareil \u00e0 haute tension avec ultrasons | STOP&amp;GO Marderabwehr","isPartOf":{"@id":"https:\/\/www.marderabwehr.de\/#website"},"primaryImageOfPage":{"@id":"https:\/\/www.marderabwehr.de\/fr\/produkt\/repulsifs-a-haute-tension\/stopgo-7-plus-minus-clip-appareil-a-haute-tension-avec-ultrasons\/#primaryimage"},"image":{"@id":"https:\/\/www.marderabwehr.de\/fr\/produkt\/repulsifs-a-haute-tension\/stopgo-7-plus-minus-clip-appareil-a-haute-tension-avec-ultrasons\/#primaryimage"},"thumbnailUrl":"https:\/\/www.marderabwehr.de\/wp-content\/uploads\/2024\/08\/07553_1000x800px_DE.png","datePublished":"2022-03-25T07:42:37+00:00","dateModified":"2025-12-20T19:58:13+00:00","breadcrumb":{"@id":"https:\/\/www.marderabwehr.de\/fr\/produkt\/repulsifs-a-haute-tension\/stopgo-7-plus-minus-clip-appareil-a-haute-tension-avec-ultrasons\/#breadcrumb"},"inLanguage":"fr-FR","potentialAction":[{"@type":"ReadAction","target":["https:\/\/www.marderabwehr.de\/fr\/produkt\/repulsifs-a-haute-tension\/stopgo-7-plus-minus-clip-appareil-a-haute-tension-avec-ultrasons\/"]}]},{"@type":"ImageObject","inLanguage":"fr-FR","@id":"https:\/\/www.marderabwehr.de\/fr\/produkt\/repulsifs-a-haute-tension\/stopgo-7-plus-minus-clip-appareil-a-haute-tension-avec-ultrasons\/#primaryimage","url":"https:\/\/www.marderabwehr.de\/wp-content\/uploads\/2024\/08\/07553_1000x800px_DE.png","contentUrl":"https:\/\/www.marderabwehr.de\/wp-content\/uploads\/2024\/08\/07553_1000x800px_DE.png","width":1000,"height":800},{"@type":"BreadcrumbList","@id":"https:\/\/www.marderabwehr.de\/fr\/produkt\/repulsifs-a-haute-tension\/stopgo-7-plus-minus-clip-appareil-a-haute-tension-avec-ultrasons\/#breadcrumb","itemListElement":[{"@type":"ListItem","position":1,"name":"Startseite","item":"https:\/\/www.marderabwehr.de\/"},{"@type":"ListItem","position":2,"name":"Produkte","item":"https:\/\/www.marderabwehr.de\/shop\/"},{"@type":"ListItem","position":3,"name":"STOP&#038;GO 7 PLUS-MINUS CLIP Appareil \u00e0 haute tension avec ultrasons"}]},{"@type":"WebSite","@id":"https:\/\/www.marderabwehr.de\/#website","url":"https:\/\/www.marderabwehr.de\/","name":"STOP&GO Marderabwehr","description":"Online-Shop f\u00fcr Marderschutz","publisher":{"@id":"https:\/\/www.marderabwehr.de\/#organization"},"potentialAction":[{"@type":"SearchAction","target":{"@type":"EntryPoint","urlTemplate":"https:\/\/www.marderabwehr.de\/?s={search_term_string}"},"query-input":{"@type":"PropertyValueSpecification","valueRequired":true,"valueName":"search_term_string"}}],"inLanguage":"fr-FR"},{"@type":"Organization","@id":"https:\/\/www.marderabwehr.de\/#organization","name":"STOP&GO Marderabwehr","url":"https:\/\/www.marderabwehr.de\/","logo":{"@type":"ImageObject","inLanguage":"fr-FR","@id":"https:\/\/www.marderabwehr.de\/#\/schema\/logo\/image\/","url":"https:\/\/www.marderabwehr.de\/wp-content\/uploads\/2024\/04\/Logo_500x500.png","contentUrl":"https:\/\/www.marderabwehr.de\/wp-content\/uploads\/2024\/04\/Logo_500x500.png","width":500,"height":500,"caption":"STOP&GO Marderabwehr"},"image":{"@id":"https:\/\/www.marderabwehr.de\/#\/schema\/logo\/image\/"},"sameAs":["https:\/\/www.facebook.com\/stopundgo\/?locale=de_DE","https:\/\/www.instagram.com\/marderstopgo\/"]}]}},"_links":{"self":[{"href":"https:\/\/www.marderabwehr.de\/fr\/wp-json\/wp\/v2\/product\/8061","targetHints":{"allow":["GET"]}}],"collection":[{"href":"https:\/\/www.marderabwehr.de\/fr\/wp-json\/wp\/v2\/product"}],"about":[{"href":"https:\/\/www.marderabwehr.de\/fr\/wp-json\/wp\/v2\/types\/product"}],"replies":[{"embeddable":true,"href":"https:\/\/www.marderabwehr.de\/fr\/wp-json\/wp\/v2\/comments?post=8061"}],"wp:featuredmedia":[{"embeddable":true,"href":"https:\/\/www.marderabwehr.de\/fr\/wp-json\/wp\/v2\/media\/56643"}],"wp:attachment":[{"href":"https:\/\/www.marderabwehr.de\/fr\/wp-json\/wp\/v2\/media?parent=8061"}],"wp:term":[{"taxonomy":"product_brand","embeddable":true,"href":"https:\/\/www.marderabwehr.de\/fr\/wp-json\/wp\/v2\/product_brand?post=8061"},{"taxonomy":"product_cat","embeddable":true,"href":"https:\/\/www.marderabwehr.de\/fr\/wp-json\/wp\/v2\/product_cat?post=8061"},{"taxonomy":"product_tag","embeddable":true,"href":"https:\/\/www.marderabwehr.de\/fr\/wp-json\/wp\/v2\/product_tag?post=8061"}],"curies":[{"name":"wp","href":"https:\/\/api.w.org\/{rel}","templated":true}]}}